{"id":1004,"date":"2020-10-09T13:39:05","date_gmt":"2020-10-09T13:39:05","guid":{"rendered":"http:\/\/shoptimizer.local\/?page_id=848"},"modified":"2024-09-23T20:56:16","modified_gmt":"2024-09-23T20:56:16","slug":"comentarios","status":"publish","type":"page","link":"https:\/\/pagani-design.eu\/es\/comentarios\/","title":{"rendered":"\u00c0 Propos"},"content":{"rendered":"<div data-elementor-type=\"wp-post\" data-elementor-id=\"1004\" class=\"elementor elementor-1004\" data-elementor-post-type=\"page\">\n\t\t\t\t\t\t<section class=\"elementor-section elementor-top-section elementor-element elementor-element-983905d elementor-section-boxed elementor-section-gap-beside-yes elementor-section-height-default elementor-section-height-default elementor-section-column-vertical-align-stretch\" data-id=\"983905d\" data-element_type=\"section\">\n\t\t\t\t\t\t<div class=\"elementor-container elementor-column-gap-wider\">\n\t\t\t\t\t<div class=\"elementor-column elementor-col-50 elementor-top-column elementor-element elementor-element-7310116 elementor-invisible\" data-id=\"7310116\" data-element_type=\"column\" data-settings=\"{&quot;animation&quot;:&quot;fadeIn&quot;}\">\n\t\t\t<div class=\"elementor-widget-wrap elementor-element-populated\">\n\t\t\t\t\t\t<div class=\"elementor-element elementor-element-3d3af9e7 title-left elementor-widget elementor-widget-heading\" data-id=\"3d3af9e7\" data-element_type=\"widget\" data-widget_type=\"heading.default\">\n\t\t\t\t<div class=\"elementor-widget-container\">\n\t\t\t\t\t<h2 class=\"elementor-heading-title elementor-size-default\">L'essens de la Marque<\/h2>\t\t\t\t<\/div>\n\t\t\t\t<\/div>\n\t\t\t\t<div class=\"elementor-element elementor-element-e710402 elementor-widget elementor-widget-text-editor\" data-id=\"e710402\" data-element_type=\"widget\" data-widget_type=\"text-editor.default\">\n\t\t\t\t<div class=\"elementor-widget-container\">\n\t\t\t\t\t\t\t\t\t<p>Fundada bajo el principio de que el estilo no tiene por qu\u00e9 ser un lujo, la marca Pagani Design propone una gama variada de monturas dise\u00f1adas para adaptarse a todos los estilos de vida y ocasiones.<\/p><p>Los relojes autom\u00e1ticos Pagani Design se distinguen por su sofisticaci\u00f3n y su mecanismo alimentado por el movimiento cin\u00e9tico del poignet, ofreciendo una experiencia aut\u00e9ntica a los aficionados a la relojer\u00eda tradicional. Pagani Design es una marca relojera independiente fundada en Guangzhou (China) en 2012. La empresa se dedica al I+D, la producci\u00f3n y la venta de relojes transfronterizos. Aunque la marca es china, sus productos tienen una excelente relaci\u00f3n calidad-precio y son bien recibidos por clientes de todo el mundo.<\/p>\t\t\t\t\t\t\t\t<\/div>\n\t\t\t\t<\/div>\n\t\t\t\t\t<\/div>\n\t\t<\/div>\n\t\t\t\t<div class=\"elementor-column elementor-col-50 elementor-top-column elementor-element elementor-element-34c609e elementor-invisible\" data-id=\"34c609e\" data-element_type=\"column\" data-settings=\"{&quot;animation&quot;:&quot;fadeIn&quot;,&quot;animation_delay&quot;:200}\">\n\t\t\t<div class=\"elementor-widget-wrap elementor-element-populated\">\n\t\t\t\t\t\t<div class=\"elementor-element elementor-element-c04a566 animated-fast elementor-invisible elementor-widget elementor-widget-image\" data-id=\"c04a566\" data-element_type=\"widget\" data-settings=\"{&quot;_animation&quot;:&quot;fadeIn&quot;}\" data-widget_type=\"image.default\">\n\t\t\t\t<div class=\"elementor-widget-container\">\n\t\t\t\t\t\t\t\t\t\t\t\t\t\t\t<img fetchpriority=\"high\" decoding=\"async\" width=\"640\" height=\"768\" src=\"https:\/\/pagani-design.eu\/wp-content\/uploads\/2024\/06\/Pagani-Design-1-853x1024.webp\" class=\"attachment-large size-large wp-image-22819\" alt=\"\" srcset=\"https:\/\/pagani-design.eu\/wp-content\/uploads\/2024\/06\/Pagani-Design-1-853x1024.webp 853w, https:\/\/pagani-design.eu\/wp-content\/uploads\/2024\/06\/Pagani-Design-1-125x150.webp 125w, https:\/\/pagani-design.eu\/wp-content\/uploads\/2024\/06\/Pagani-Design-1-250x300.webp 250w, https:\/\/pagani-design.eu\/wp-content\/uploads\/2024\/06\/Pagani-Design-1-768x922.webp 768w, https:\/\/pagani-design.eu\/wp-content\/uploads\/2024\/06\/Pagani-Design-1-10x12.webp 10w, https:\/\/pagani-design.eu\/wp-content\/uploads\/2024\/06\/Pagani-Design-1-800x960.webp 800w, https:\/\/pagani-design.eu\/wp-content\/uploads\/2024\/06\/Pagani-Design-1.webp 1000w\" sizes=\"(max-width: 640px) 100vw, 640px\" \/>\t\t\t\t\t\t\t\t\t\t\t\t\t\t\t<\/div>\n\t\t\t\t<\/div>\n\t\t\t\t\t<\/div>\n\t\t<\/div>\n\t\t\t\t\t<\/div>\n\t\t<\/section>\n\t\t\t\t<section class=\"elementor-section elementor-top-section elementor-element elementor-element-bb36c6f elementor-section-boxed elementor-section-gap-beside-yes elementor-section-height-default elementor-section-height-default elementor-section-column-vertical-align-stretch\" data-id=\"bb36c6f\" data-element_type=\"section\">\n\t\t\t\t\t\t<div class=\"elementor-container elementor-column-gap-wider\">\n\t\t\t\t\t<div class=\"elementor-column elementor-col-50 elementor-top-column elementor-element elementor-element-2880450 elementor-invisible\" data-id=\"2880450\" data-element_type=\"column\" data-settings=\"{&quot;animation&quot;:&quot;fadeIn&quot;}\">\n\t\t\t<div class=\"elementor-widget-wrap elementor-element-populated\">\n\t\t\t\t\t\t<div class=\"elementor-element elementor-element-db9c3d4 animated-fast elementor-hidden-tablet_extra elementor-hidden-tablet elementor-hidden-mobile_extra elementor-hidden-mobile elementor-invisible elementor-widget elementor-widget-image\" data-id=\"db9c3d4\" data-element_type=\"widget\" data-settings=\"{&quot;_animation&quot;:&quot;fadeIn&quot;}\" data-widget_type=\"image.default\">\n\t\t\t\t<div class=\"elementor-widget-container\">\n\t\t\t\t\t\t\t\t\t\t\t\t\t\t\t<img decoding=\"async\" src=\"https:\/\/pagani-design.eu\/wp-content\/uploads\/2024\/06\/affichage-montres-luxe_629685-6978.webp\" title=\"\" alt=\"\" loading=\"lazy\" \/>\t\t\t\t\t\t\t\t\t\t\t\t\t\t\t<\/div>\n\t\t\t\t<\/div>\n\t\t\t\t\t<\/div>\n\t\t<\/div>\n\t\t\t\t<div class=\"elementor-column elementor-col-50 elementor-top-column elementor-element elementor-element-7899afa elementor-invisible\" data-id=\"7899afa\" data-element_type=\"column\" data-settings=\"{&quot;animation&quot;:&quot;fadeIn&quot;,&quot;animation_delay&quot;:200}\">\n\t\t\t<div class=\"elementor-widget-wrap elementor-element-populated\">\n\t\t\t\t\t\t<div class=\"elementor-element elementor-element-af7dfd6 title-right elementor-widget elementor-widget-heading\" data-id=\"af7dfd6\" data-element_type=\"widget\" data-widget_type=\"heading.default\">\n\t\t\t\t<div class=\"elementor-widget-container\">\n\t\t\t\t\t<h2 class=\"elementor-heading-title elementor-size-default\">Se renouveler encore et encore<\/h2>\t\t\t\t<\/div>\n\t\t\t\t<\/div>\n\t\t\t\t<div class=\"elementor-element elementor-element-04da751 elementor-widget elementor-widget-text-editor\" data-id=\"04da751\" data-element_type=\"widget\" data-widget_type=\"text-editor.default\">\n\t\t\t\t<div class=\"elementor-widget-container\">\n\t\t\t\t\t\t\t\t\t<p>Para quienes prefieren la precisi\u00f3n y la sencillez, nuestras monturas de cuarzo son la elecci\u00f3n ideal, ya que combinan est\u00e9tica y funcionalidad.<\/p><p><span style=\"color: var(--minimog-color-text); font-family: var(--minimog-typography-body-font-family); font-size: var(--minimog-typography-body-font-size); font-weight: var(--minimog-typography-body-font-weight);\">Como distribuidores de monturas pagani design, estamos en disposici\u00f3n de ofrecerle una amplia gama de monturas Pagani Design originales, todas ellas cuidadosamente seleccionadas para responder a sus expectativas en cuanto a calidad y dise\u00f1o.<\/span><\/p><p>Explore nuestra colecci\u00f3n y encuentre la montura que mejor se adapte a sus necesidades. Tanto si buscas un modelo cl\u00e1sico para un estilo formal como una montura moderna para un uso cotidiano, tenemos lo que necesitas.<\/p><p>Gracias por elegirnos<a href=\"http:\/\/pagani-design.eu\/es\/\"> pagani-design.eu<\/a>, su revendedor de confianza para su pr\u00f3xima tienda pagani design. Estamos encantados de ofrecerle una experiencia de compra en l\u00ednea fluida y agradable, con un servicio de atenci\u00f3n al cliente en franc\u00e9s a su disposici\u00f3n para responder a todas sus preguntas y necesidades.<\/p>\t\t\t\t\t\t\t\t<\/div>\n\t\t\t\t<\/div>\n\t\t\t\t\t<\/div>\n\t\t<\/div>\n\t\t\t\t\t<\/div>\n\t\t<\/section>\n\t\t\t\t<\/div>","protected":false},"excerpt":{"rendered":"<p>L&#8217;essens de la Marque Fond\u00e9e sur le principe que le style ne doit pas \u00eatre un luxe, La marque Pagani Design propose une gamme vari\u00e9e de montres con\u00e7ues pour s&#8217;adapter \u00e0 tous les styles de vie et occasions. Les montres automatiques Pagani Design se distinguent par leur sophistication et leur m\u00e9canisme aliment\u00e9 par le mouvement cin\u00e9tique du poignet, offrant une exp\u00e9rience authentique aux amateurs d&#8217;horlogerie traditionnelle. Pagani Design est une marque horlog\u00e8re ind\u00e9pendante \u00e9tablie \u00e0 Guangzhou en Chine depuis 2012, la soci\u00e9t\u00e9 s&#8217;engage dans la R&amp;D, la production et la vente de montres transfrontali\u00e8res. Bien que la marque soit chinoise, ces produits sont d&#8217;un tr\u00e8s bon rapport qualit\u00e9 prix et ces produits sont bien accueillis par des clients du monde entier. Se renouveler encore et encore Pour ceux qui privil\u00e9gient la pr\u00e9cision et la simplicit\u00e9, nos montres \u00e0 quartz constituent le choix id\u00e9al, alliant esth\u00e9tique et fonctionnalit\u00e9. En tant que revendeur de montre pagani design nous sommes en mesure de vous offrir une gamme diversifi\u00e9e de montres Pagani Design originales, toutes soigneusement s\u00e9lectionn\u00e9es pour r\u00e9pondre \u00e0 vos attentes en mati\u00e8re de qualit\u00e9 et de design. Explorez notre collection et trouvez la montre qui vous correspond le mieux. Que vous cherchiez un mod\u00e8le classique pour une tenue formelle ou une montre moderne pour un usage quotidien, nous avons ce qu&#8217;il vous faut. Merci de choisir pagani-design.eu, votre revendeur de confiance\u00a0pour votre prochaine montre pagani design. Nous sommes ravis de vous offrir une exp\u00e9rience de shopping en ligne fluide et agr\u00e9able, avec un service client fran\u00e7ais \u00e0 votre \u00e9coute pour r\u00e9pondre \u00e0 toutes vos questions et besoins.<\/p>","protected":false},"author":2,"featured_media":0,"parent":0,"menu_order":0,"comment_status":"closed","ping_status":"closed","template":"","meta":{"footnotes":""},"class_list":["post-1004","page","type-page","status-publish","hentry","post-no-thumbnail"],"yoast_head":"<!-- This site is optimized with the Yoast SEO plugin v26.1.1 - https:\/\/yoast.com\/wordpress\/plugins\/seo\/ -->\n<title>\u00c0 Propos de Pagani Design France<\/title>\n<meta name=\"description\" content=\"D\u00e9couvrez l&#039;univers captivant de l&#039;horlogerie avec Pagani Design. Des montres \u00e9l\u00e9gantes et innovantes et des histoires vous attendent.\" \/>\n<meta name=\"robots\" content=\"index, follow, max-snippet:-1, max-image-preview:large, max-video-preview:-1\" \/>\n<link rel=\"canonical\" href=\"https:\/\/pagani-design.eu\/es\/comentarios\/\" \/>\n<meta property=\"og:locale\" content=\"es_ES\" \/>\n<meta property=\"og:type\" content=\"article\" \/>\n<meta property=\"og:title\" content=\"\u00c0 Propos de Pagani Design France\" \/>\n<meta property=\"og:description\" content=\"D\u00e9couvrez l&#039;univers captivant de l&#039;horlogerie avec Pagani Design. Des montres \u00e9l\u00e9gantes et innovantes et des histoires vous attendent.\" \/>\n<meta property=\"og:url\" content=\"https:\/\/pagani-design.eu\/es\/comentarios\/\" \/>\n<meta property=\"og:site_name\" content=\"Pagani Design\" \/>\n<meta property=\"article:publisher\" content=\"https:\/\/www.facebook.com\/profile.php?id=61561029376509\" \/>\n<meta property=\"article:modified_time\" content=\"2024-09-23T20:56:16+00:00\" \/>\n<meta property=\"og:image\" content=\"https:\/\/pagani-design.eu\/wp-content\/uploads\/2024\/06\/Pagani-Design-1-853x1024.webp\" \/>\n<meta name=\"twitter:card\" content=\"summary_large_image\" \/>\n<meta name=\"twitter:label1\" content=\"Tiempo de lectura\" \/>\n\t<meta name=\"twitter:data1\" content=\"2 minutos\" \/>\n<script type=\"application\/ld+json\" class=\"yoast-schema-graph\">{\"@context\":\"https:\/\/schema.org\",\"@graph\":[{\"@type\":\"WebPage\",\"@id\":\"https:\/\/pagani-design.eu\/propos\/\",\"url\":\"https:\/\/pagani-design.eu\/propos\/\",\"name\":\"\u00c0 Propos de Pagani Design France\",\"isPartOf\":{\"@id\":\"https:\/\/pagani-design.eu\/de\/#website\"},\"primaryImageOfPage\":{\"@id\":\"https:\/\/pagani-design.eu\/propos\/#primaryimage\"},\"image\":{\"@id\":\"https:\/\/pagani-design.eu\/propos\/#primaryimage\"},\"thumbnailUrl\":\"https:\/\/pagani-design.eu\/wp-content\/uploads\/2024\/06\/Pagani-Design-1-853x1024.webp\",\"datePublished\":\"2020-10-09T13:39:05+00:00\",\"dateModified\":\"2024-09-23T20:56:16+00:00\",\"description\":\"D\u00e9couvrez l'univers captivant de l'horlogerie avec Pagani Design. Des montres \u00e9l\u00e9gantes et innovantes et des histoires vous attendent.\",\"breadcrumb\":{\"@id\":\"https:\/\/pagani-design.eu\/propos\/#breadcrumb\"},\"inLanguage\":\"es\",\"potentialAction\":[{\"@type\":\"ReadAction\",\"target\":[\"https:\/\/pagani-design.eu\/propos\/\"]}]},{\"@type\":\"ImageObject\",\"inLanguage\":\"es\",\"@id\":\"https:\/\/pagani-design.eu\/propos\/#primaryimage\",\"url\":\"https:\/\/pagani-design.eu\/wp-content\/uploads\/2024\/06\/Pagani-Design-1-853x1024.webp\",\"contentUrl\":\"https:\/\/pagani-design.eu\/wp-content\/uploads\/2024\/06\/Pagani-Design-1-853x1024.webp\"},{\"@type\":\"BreadcrumbList\",\"@id\":\"https:\/\/pagani-design.eu\/propos\/#breadcrumb\",\"itemListElement\":[{\"@type\":\"ListItem\",\"position\":1,\"name\":\"Accueil\",\"item\":\"https:\/\/pagani-design.eu\/\"},{\"@type\":\"ListItem\",\"position\":2,\"name\":\"\u00c0 Propos\"}]},{\"@type\":\"WebSite\",\"@id\":\"https:\/\/pagani-design.eu\/de\/#website\",\"url\":\"https:\/\/pagani-design.eu\/de\/\",\"name\":\"Pagani Design\",\"description\":\"Pagani Design\",\"publisher\":{\"@id\":\"https:\/\/pagani-design.eu\/de\/#organization\"},\"alternateName\":\"Pagani Design\",\"potentialAction\":[{\"@type\":\"SearchAction\",\"target\":{\"@type\":\"EntryPoint\",\"urlTemplate\":\"https:\/\/pagani-design.eu\/de\/?s={search_term_string}\"},\"query-input\":{\"@type\":\"PropertyValueSpecification\",\"valueRequired\":true,\"valueName\":\"search_term_string\"}}],\"inLanguage\":\"es\"},{\"@type\":\"Organization\",\"@id\":\"https:\/\/pagani-design.eu\/de\/#organization\",\"name\":\"Pagani Design\",\"alternateName\":\"Pagani Design\",\"url\":\"https:\/\/pagani-design.eu\/de\/\",\"logo\":{\"@type\":\"ImageObject\",\"inLanguage\":\"es\",\"@id\":\"https:\/\/pagani-design.eu\/de\/#\/schema\/logo\/image\/\",\"url\":\"https:\/\/pagani-design.eu\/wp-content\/uploads\/2022\/01\/Montre-robuste-1.png\",\"contentUrl\":\"https:\/\/pagani-design.eu\/wp-content\/uploads\/2022\/01\/Montre-robuste-1.png\",\"width\":750,\"height\":259,\"caption\":\"Pagani Design\"},\"image\":{\"@id\":\"https:\/\/pagani-design.eu\/de\/#\/schema\/logo\/image\/\"},\"sameAs\":[\"https:\/\/www.facebook.com\/profile.php?id=61561029376509\",\"https:\/\/www.instagram.com\/pagani_design.fr\",\"https:\/\/www.tiktok.com\/@pagani_design.fr\"]}]}<\/script>\n<!-- \/ Yoast SEO plugin. -->","yoast_head_json":{"title":"\u00c0 Propos de Pagani Design Francia","description":"Descubra el fascinante universo de la relojer\u00eda con Pagani Design. Te esperan relojes elegantes e innovadores e historias.","robots":{"index":"index","follow":"follow","max-snippet":"max-snippet:-1","max-image-preview":"max-image-preview:large","max-video-preview":"max-video-preview:-1"},"canonical":"https:\/\/pagani-design.eu\/es\/comentarios\/","og_locale":"es_ES","og_type":"article","og_title":"\u00c0 Propos de Pagani Design France","og_description":"D\u00e9couvrez l'univers captivant de l'horlogerie avec Pagani Design. Des montres \u00e9l\u00e9gantes et innovantes et des histoires vous attendent.","og_url":"https:\/\/pagani-design.eu\/es\/comentarios\/","og_site_name":"Pagani Design","article_publisher":"https:\/\/www.facebook.com\/profile.php?id=61561029376509","article_modified_time":"2024-09-23T20:56:16+00:00","og_image":[{"url":"https:\/\/pagani-design.eu\/wp-content\/uploads\/2024\/06\/Pagani-Design-1-853x1024.webp","type":"","width":"","height":""}],"twitter_card":"summary_large_image","twitter_misc":{"Tiempo de lectura":"2 minutos"},"schema":{"@context":"https:\/\/schema.org","@graph":[{"@type":"WebPage","@id":"https:\/\/pagani-design.eu\/propos\/","url":"https:\/\/pagani-design.eu\/propos\/","name":"\u00c0 Propos de Pagani Design Francia","isPartOf":{"@id":"https:\/\/pagani-design.eu\/de\/#website"},"primaryImageOfPage":{"@id":"https:\/\/pagani-design.eu\/propos\/#primaryimage"},"image":{"@id":"https:\/\/pagani-design.eu\/propos\/#primaryimage"},"thumbnailUrl":"https:\/\/pagani-design.eu\/wp-content\/uploads\/2024\/06\/Pagani-Design-1-853x1024.webp","datePublished":"2020-10-09T13:39:05+00:00","dateModified":"2024-09-23T20:56:16+00:00","description":"Descubra el fascinante universo de la relojer\u00eda con Pagani Design. Te esperan relojes elegantes e innovadores e historias.","breadcrumb":{"@id":"https:\/\/pagani-design.eu\/propos\/#breadcrumb"},"inLanguage":"es","potentialAction":[{"@type":"ReadAction","target":["https:\/\/pagani-design.eu\/propos\/"]}]},{"@type":"ImageObject","inLanguage":"es","@id":"https:\/\/pagani-design.eu\/propos\/#primaryimage","url":"https:\/\/pagani-design.eu\/wp-content\/uploads\/2024\/06\/Pagani-Design-1-853x1024.webp","contentUrl":"https:\/\/pagani-design.eu\/wp-content\/uploads\/2024\/06\/Pagani-Design-1-853x1024.webp"},{"@type":"BreadcrumbList","@id":"https:\/\/pagani-design.eu\/propos\/#breadcrumb","itemListElement":[{"@type":"ListItem","position":1,"name":"Accueil","item":"https:\/\/pagani-design.eu\/"},{"@type":"ListItem","position":2,"name":"\u00c0 Propos"}]},{"@type":"WebSite","@id":"https:\/\/pagani-design.eu\/de\/#website","url":"https:\/\/pagani-design.eu\/de\/","name":"Pagani Design","description":"Pagani Design","publisher":{"@id":"https:\/\/pagani-design.eu\/de\/#organization"},"alternateName":"Pagani Design","potentialAction":[{"@type":"SearchAction","target":{"@type":"EntryPoint","urlTemplate":"https:\/\/pagani-design.eu\/de\/?s={search_term_string}"},"query-input":{"@type":"PropertyValueSpecification","valueRequired":true,"valueName":"search_term_string"}}],"inLanguage":"es"},{"@type":"Organization","@id":"https:\/\/pagani-design.eu\/de\/#organization","name":"Pagani Design","alternateName":"Pagani Design","url":"https:\/\/pagani-design.eu\/de\/","logo":{"@type":"ImageObject","inLanguage":"es","@id":"https:\/\/pagani-design.eu\/de\/#\/schema\/logo\/image\/","url":"https:\/\/pagani-design.eu\/wp-content\/uploads\/2022\/01\/Montre-robuste-1.png","contentUrl":"https:\/\/pagani-design.eu\/wp-content\/uploads\/2022\/01\/Montre-robuste-1.png","width":750,"height":259,"caption":"Pagani Design"},"image":{"@id":"https:\/\/pagani-design.eu\/de\/#\/schema\/logo\/image\/"},"sameAs":["https:\/\/www.facebook.com\/profile.php?id=61561029376509","https:\/\/www.instagram.com\/pagani_design.fr","https:\/\/www.tiktok.com\/@pagani_design.fr"]}]}},"_links":{"self":[{"href":"https:\/\/pagani-design.eu\/es\/wp-json\/wp\/v2\/pages\/1004","targetHints":{"allow":["GET"]}}],"collection":[{"href":"https:\/\/pagani-design.eu\/es\/wp-json\/wp\/v2\/pages"}],"about":[{"href":"https:\/\/pagani-design.eu\/es\/wp-json\/wp\/v2\/types\/page"}],"author":[{"embeddable":true,"href":"https:\/\/pagani-design.eu\/es\/wp-json\/wp\/v2\/users\/2"}],"replies":[{"embeddable":true,"href":"https:\/\/pagani-design.eu\/es\/wp-json\/wp\/v2\/comments?post=1004"}],"version-history":[{"count":0,"href":"https:\/\/pagani-design.eu\/es\/wp-json\/wp\/v2\/pages\/1004\/revisions"}],"wp:attachment":[{"href":"https:\/\/pagani-design.eu\/es\/wp-json\/wp\/v2\/media?parent=1004"}],"curies":[{"name":"wp","href":"https:\/\/api.w.org\/{rel}","templated":true}]}}