{"id":10984,"date":"2024-04-09T11:18:33","date_gmt":"2024-04-09T11:18:33","guid":{"rendered":"https:\/\/pagani-design.eu\/?page_id=10984"},"modified":"2024-09-23T21:20:53","modified_gmt":"2024-09-23T21:20:53","slug":"contacto","status":"publish","type":"page","link":"https:\/\/pagani-design.eu\/es\/contacto\/","title":{"rendered":"P\u00f3ngase en contacto con"},"content":{"rendered":"<div data-elementor-type=\"wp-page\" data-elementor-id=\"10984\" class=\"elementor elementor-10984\" data-elementor-post-type=\"page\">\n\t\t\t\t\t\t<section class=\"elementor-section elementor-top-section elementor-element elementor-element-de30eaa elementor-section-boxed elementor-section-gap-beside-yes elementor-section-height-default elementor-section-height-default elementor-section-content-align-center elementor-section-column-vertical-align-stretch\" data-id=\"de30eaa\" data-element_type=\"section\">\n\t\t\t\t\t\t<div class=\"elementor-container elementor-column-gap-extended\">\n\t\t\t\t\t<div class=\"elementor-column elementor-col-100 elementor-top-column elementor-element elementor-element-ca94c45\" data-id=\"ca94c45\" data-element_type=\"column\">\n\t\t\t<div class=\"elementor-widget-wrap elementor-element-populated\">\n\t\t\t\t\t\t<div class=\"elementor-element elementor-element-fb3258c elementor-widget elementor-widget-text-editor\" data-id=\"fb3258c\" data-element_type=\"widget\" data-widget_type=\"text-editor.default\">\n\t\t\t\t<div class=\"elementor-widget-container\">\n\t\t\t\t\t\t\t\t\t<p>Nuestro servicio de atenci\u00f3n al cliente est\u00e1 reservado exclusivamente a usuarios y clientes del sitio web. <strong>pagani-design.eu<\/strong>. Estamos disponibles de lunes a viernes y nos comprometemos a responder a sus peticiones en un plazo de 48 horas.<\/p><p>Para facilitar la tramitaci\u00f3n de su solicitud, le rogamos que incluya su n\u00famero de pedido en su correo electr\u00f3nico.<\/p><p>\ud83d\udce7 <strong><a rel=\"noopener\">bonjour@pagani-design.eu<\/a><\/strong><\/p><p>Tenga en cuenta que nuestro servicio al cliente <strong>no tratar\u00e1 las solicitudes relativas a compras realizadas a trav\u00e9s de Amazon o de cualquier otra plataforma externa<\/strong>. Para estas compras, te invitamos a contactar directamente con el soporte de Amazon o con el vendedor en cuesti\u00f3n.<\/p>\t\t\t\t\t\t\t\t<\/div>\n\t\t\t\t<\/div>\n\t\t\t\t\t<\/div>\n\t\t<\/div>\n\t\t\t\t\t<\/div>\n\t\t<\/section>\n\t\t\t\t<\/div>","protected":false},"excerpt":{"rendered":"<p>Notre service client est exclusivement r\u00e9serv\u00e9 aux utilisateurs et clients du site pagani-design.eu. Nous sommes disponibles du lundi au vendredi et nous nous engageons \u00e0 r\u00e9pondre \u00e0 vos demandes dans un d\u00e9lai de 48 heures. Pour faciliter le traitement de votre demande, merci de bien vouloir inclure votre num\u00e9ro de commande dans votre e-mail. \ud83d\udce7 bonjour@pagani-design.eu Veuillez noter que notre service client ne traite pas les demandes concernant des achats effectu\u00e9s via Amazon ou toute autre plateforme externe. Pour ces achats, nous vous invitons \u00e0 contacter directement le support d&#8217;Amazon ou le revendeur concern\u00e9.<\/p>","protected":false},"author":2,"featured_media":0,"parent":0,"menu_order":0,"comment_status":"closed","ping_status":"closed","template":"elementor_header_footer","meta":{"footnotes":""},"class_list":["post-10984","page","type-page","status-publish","hentry","post-no-thumbnail"],"yoast_head":"<!-- This site is optimized with the Yoast SEO plugin v26.1.1 - https:\/\/yoast.com\/wordpress\/plugins\/seo\/ -->\n<title>Contact - Pagani Design<\/title>\n<meta name=\"description\" content=\"Besoin d\u2019aide ou d\u2019informations ? Contactez notre service client pour toute question sur nos montres Pagani Design ou votre commande.\" \/>\n<meta name=\"robots\" content=\"index, follow, max-snippet:-1, max-image-preview:large, max-video-preview:-1\" \/>\n<link rel=\"canonical\" href=\"https:\/\/pagani-design.eu\/es\/contacto\/\" \/>\n<meta property=\"og:locale\" content=\"es_ES\" \/>\n<meta property=\"og:type\" content=\"article\" \/>\n<meta property=\"og:title\" content=\"Contact - Pagani Design\" \/>\n<meta property=\"og:description\" content=\"Besoin d\u2019aide ou d\u2019informations ? Contactez notre service client pour toute question sur nos montres Pagani Design ou votre commande.\" \/>\n<meta property=\"og:url\" content=\"https:\/\/pagani-design.eu\/es\/contacto\/\" \/>\n<meta property=\"og:site_name\" content=\"Pagani Design\" \/>\n<meta property=\"article:publisher\" content=\"https:\/\/www.facebook.com\/profile.php?id=61561029376509\" \/>\n<meta property=\"article:modified_time\" content=\"2024-09-23T21:20:53+00:00\" \/>\n<meta property=\"og:image\" content=\"https:\/\/pagani-design.eu\/wp-content\/uploads\/2022\/01\/Montre-robuste-1.png\" \/>\n\t<meta property=\"og:image:width\" content=\"750\" \/>\n\t<meta property=\"og:image:height\" content=\"259\" \/>\n\t<meta property=\"og:image:type\" content=\"image\/png\" \/>\n<meta name=\"twitter:card\" content=\"summary_large_image\" \/>\n<meta name=\"twitter:label1\" content=\"Tiempo de lectura\" \/>\n\t<meta name=\"twitter:data1\" content=\"1 minuto\" \/>\n<script type=\"application\/ld+json\" class=\"yoast-schema-graph\">{\"@context\":\"https:\/\/schema.org\",\"@graph\":[{\"@type\":\"WebPage\",\"@id\":\"https:\/\/pagani-design.eu\/contactez-nous\/\",\"url\":\"https:\/\/pagani-design.eu\/contactez-nous\/\",\"name\":\"Contact - Pagani Design\",\"isPartOf\":{\"@id\":\"https:\/\/pagani-design.eu\/de\/#website\"},\"datePublished\":\"2024-04-09T11:18:33+00:00\",\"dateModified\":\"2024-09-23T21:20:53+00:00\",\"description\":\"Besoin d\u2019aide ou d\u2019informations ? Contactez notre service client pour toute question sur nos montres Pagani Design ou votre commande.\",\"breadcrumb\":{\"@id\":\"https:\/\/pagani-design.eu\/contactez-nous\/#breadcrumb\"},\"inLanguage\":\"es\",\"potentialAction\":[{\"@type\":\"ReadAction\",\"target\":[\"https:\/\/pagani-design.eu\/contactez-nous\/\"]}]},{\"@type\":\"BreadcrumbList\",\"@id\":\"https:\/\/pagani-design.eu\/contactez-nous\/#breadcrumb\",\"itemListElement\":[{\"@type\":\"ListItem\",\"position\":1,\"name\":\"Accueil\",\"item\":\"https:\/\/pagani-design.eu\/\"},{\"@type\":\"ListItem\",\"position\":2,\"name\":\"Contact\"}]},{\"@type\":\"WebSite\",\"@id\":\"https:\/\/pagani-design.eu\/de\/#website\",\"url\":\"https:\/\/pagani-design.eu\/de\/\",\"name\":\"Pagani Design\",\"description\":\"Pagani Design\",\"publisher\":{\"@id\":\"https:\/\/pagani-design.eu\/de\/#organization\"},\"alternateName\":\"Pagani Design\",\"potentialAction\":[{\"@type\":\"SearchAction\",\"target\":{\"@type\":\"EntryPoint\",\"urlTemplate\":\"https:\/\/pagani-design.eu\/de\/?s={search_term_string}\"},\"query-input\":{\"@type\":\"PropertyValueSpecification\",\"valueRequired\":true,\"valueName\":\"search_term_string\"}}],\"inLanguage\":\"es\"},{\"@type\":\"Organization\",\"@id\":\"https:\/\/pagani-design.eu\/de\/#organization\",\"name\":\"Pagani Design\",\"alternateName\":\"Pagani Design\",\"url\":\"https:\/\/pagani-design.eu\/de\/\",\"logo\":{\"@type\":\"ImageObject\",\"inLanguage\":\"es\",\"@id\":\"https:\/\/pagani-design.eu\/de\/#\/schema\/logo\/image\/\",\"url\":\"https:\/\/pagani-design.eu\/wp-content\/uploads\/2022\/01\/Montre-robuste-1.png\",\"contentUrl\":\"https:\/\/pagani-design.eu\/wp-content\/uploads\/2022\/01\/Montre-robuste-1.png\",\"width\":750,\"height\":259,\"caption\":\"Pagani Design\"},\"image\":{\"@id\":\"https:\/\/pagani-design.eu\/de\/#\/schema\/logo\/image\/\"},\"sameAs\":[\"https:\/\/www.facebook.com\/profile.php?id=61561029376509\",\"https:\/\/www.instagram.com\/pagani_design.fr\",\"https:\/\/www.tiktok.com\/@pagani_design.fr\"]}]}<\/script>\n<!-- \/ Yoast SEO plugin. -->","yoast_head_json":{"title":"Contacto - Pagani Design","description":"\u00bfNecesitas ayuda o informaci\u00f3n? P\u00f3ngase en contacto con nuestro servicio de atenci\u00f3n al cliente si tiene alguna pregunta sobre nuestros modelos Pagani Design o sobre su pedido.","robots":{"index":"index","follow":"follow","max-snippet":"max-snippet:-1","max-image-preview":"max-image-preview:large","max-video-preview":"max-video-preview:-1"},"canonical":"https:\/\/pagani-design.eu\/es\/contacto\/","og_locale":"es_ES","og_type":"article","og_title":"Contact - Pagani Design","og_description":"Besoin d\u2019aide ou d\u2019informations ? Contactez notre service client pour toute question sur nos montres Pagani Design ou votre commande.","og_url":"https:\/\/pagani-design.eu\/es\/contacto\/","og_site_name":"Pagani Design","article_publisher":"https:\/\/www.facebook.com\/profile.php?id=61561029376509","article_modified_time":"2024-09-23T21:20:53+00:00","og_image":[{"width":750,"height":259,"url":"https:\/\/pagani-design.eu\/wp-content\/uploads\/2022\/01\/Montre-robuste-1.png","type":"image\/png"}],"twitter_card":"summary_large_image","twitter_misc":{"Tiempo de lectura":"1 minuto"},"schema":{"@context":"https:\/\/schema.org","@graph":[{"@type":"WebPage","@id":"https:\/\/pagani-design.eu\/contactez-nous\/","url":"https:\/\/pagani-design.eu\/contactez-nous\/","name":"Contacto - Pagani Design","isPartOf":{"@id":"https:\/\/pagani-design.eu\/de\/#website"},"datePublished":"2024-04-09T11:18:33+00:00","dateModified":"2024-09-23T21:20:53+00:00","description":"\u00bfNecesitas ayuda o informaci\u00f3n? P\u00f3ngase en contacto con nuestro servicio de atenci\u00f3n al cliente si tiene alguna pregunta sobre nuestros modelos Pagani Design o sobre su pedido.","breadcrumb":{"@id":"https:\/\/pagani-design.eu\/contactez-nous\/#breadcrumb"},"inLanguage":"es","potentialAction":[{"@type":"ReadAction","target":["https:\/\/pagani-design.eu\/contactez-nous\/"]}]},{"@type":"BreadcrumbList","@id":"https:\/\/pagani-design.eu\/contactez-nous\/#breadcrumb","itemListElement":[{"@type":"ListItem","position":1,"name":"Accueil","item":"https:\/\/pagani-design.eu\/"},{"@type":"ListItem","position":2,"name":"Contact"}]},{"@type":"WebSite","@id":"https:\/\/pagani-design.eu\/de\/#website","url":"https:\/\/pagani-design.eu\/de\/","name":"Pagani Design","description":"Pagani Design","publisher":{"@id":"https:\/\/pagani-design.eu\/de\/#organization"},"alternateName":"Pagani Design","potentialAction":[{"@type":"SearchAction","target":{"@type":"EntryPoint","urlTemplate":"https:\/\/pagani-design.eu\/de\/?s={search_term_string}"},"query-input":{"@type":"PropertyValueSpecification","valueRequired":true,"valueName":"search_term_string"}}],"inLanguage":"es"},{"@type":"Organization","@id":"https:\/\/pagani-design.eu\/de\/#organization","name":"Pagani Design","alternateName":"Pagani Design","url":"https:\/\/pagani-design.eu\/de\/","logo":{"@type":"ImageObject","inLanguage":"es","@id":"https:\/\/pagani-design.eu\/de\/#\/schema\/logo\/image\/","url":"https:\/\/pagani-design.eu\/wp-content\/uploads\/2022\/01\/Montre-robuste-1.png","contentUrl":"https:\/\/pagani-design.eu\/wp-content\/uploads\/2022\/01\/Montre-robuste-1.png","width":750,"height":259,"caption":"Pagani Design"},"image":{"@id":"https:\/\/pagani-design.eu\/de\/#\/schema\/logo\/image\/"},"sameAs":["https:\/\/www.facebook.com\/profile.php?id=61561029376509","https:\/\/www.instagram.com\/pagani_design.fr","https:\/\/www.tiktok.com\/@pagani_design.fr"]}]}},"_links":{"self":[{"href":"https:\/\/pagani-design.eu\/es\/wp-json\/wp\/v2\/pages\/10984","targetHints":{"allow":["GET"]}}],"collection":[{"href":"https:\/\/pagani-design.eu\/es\/wp-json\/wp\/v2\/pages"}],"about":[{"href":"https:\/\/pagani-design.eu\/es\/wp-json\/wp\/v2\/types\/page"}],"author":[{"embeddable":true,"href":"https:\/\/pagani-design.eu\/es\/wp-json\/wp\/v2\/users\/2"}],"replies":[{"embeddable":true,"href":"https:\/\/pagani-design.eu\/es\/wp-json\/wp\/v2\/comments?post=10984"}],"version-history":[{"count":0,"href":"https:\/\/pagani-design.eu\/es\/wp-json\/wp\/v2\/pages\/10984\/revisions"}],"wp:attachment":[{"href":"https:\/\/pagani-design.eu\/es\/wp-json\/wp\/v2\/media?parent=10984"}],"curies":[{"name":"wp","href":"https:\/\/api.w.org\/{rel}","templated":true}]}}