{"id":23930,"date":"2024-09-27T13:35:54","date_gmt":"2024-09-27T13:35:54","guid":{"rendered":"https:\/\/pagani-design.eu\/?page_id=23930"},"modified":"2025-04-14T08:48:30","modified_gmt":"2025-04-14T08:48:30","slug":"pagani-design-avis","status":"publish","type":"page","link":"https:\/\/pagani-design.eu\/es\/pagani-design-avis\/","title":{"rendered":"Pagani Design Avis"},"content":{"rendered":"<div data-elementor-type=\"wp-page\" data-elementor-id=\"23930\" class=\"elementor elementor-23930\" data-elementor-post-type=\"page\">\n\t\t\t\t\t\t<section class=\"elementor-section elementor-top-section elementor-element elementor-element-c24f8a7 elementor-section-boxed elementor-section-gap-beside-yes elementor-section-height-default elementor-section-height-default elementor-section-content-align-center elementor-section-column-vertical-align-stretch\" data-id=\"c24f8a7\" data-element_type=\"section\">\n\t\t\t\t\t\t<div class=\"elementor-container elementor-column-gap-extended\">\n\t\t\t\t\t<div class=\"elementor-column elementor-col-100 elementor-top-column elementor-element elementor-element-1c64ef1\" data-id=\"1c64ef1\" data-element_type=\"column\">\n\t\t\t<div class=\"elementor-widget-wrap elementor-element-populated\">\n\t\t\t\t\t\t<div class=\"elementor-element elementor-element-ddd1a35 elementor-widget elementor-widget-text-editor\" data-id=\"ddd1a35\" data-element_type=\"widget\" data-widget_type=\"text-editor.default\">\n\t\t\t\t<div class=\"elementor-widget-container\">\n\t\t\t\t\t\t\t\t\t<p>En <a href=\"https:\/\/pagani-design.eu\/es\/\"><strong>Pagani-Design.fr<\/strong><\/a>, La satisfacci\u00f3n de nuestros clientes es nuestra prioridad. Estamos encantados de recibir devoluciones de los compradores de la marca que reflejan la excelencia de nuestros productos y de nuestro servicio. <br \/>Las monturas Pagani est\u00e1n dise\u00f1adas para combinar estilo, calidad y precisi\u00f3n, y estos avisos reflejan la calidad de los productos propuestos.<\/p><p>Descubra lo que piensan nuestros clientes de sus compras, los modelos que han elegido y el servicio r\u00e1pido y atento que les ofrecemos.<\/p><p>Estos avisos le dar\u00e1n una idea de lo que puede esperar al elegir Pagani Design para su pr\u00f3ximo viaje.<\/p>\t\t\t\t\t\t\t\t<\/div>\n\t\t\t\t<\/div>\n\t\t\t\t\t<\/div>\n\t\t<\/div>\n\t\t\t\t\t<\/div>\n\t\t<\/section>\n\t\t\t\t<section class=\"elementor-section elementor-top-section elementor-element elementor-element-d806b39 elementor-section-boxed elementor-section-gap-beside-yes elementor-section-height-default elementor-section-height-default elementor-section-column-vertical-align-stretch\" data-id=\"d806b39\" data-element_type=\"section\">\n\t\t\t\t\t\t<div class=\"elementor-container elementor-column-gap-extended\">\n\t\t\t\t\t<div class=\"elementor-column elementor-col-100 elementor-top-column elementor-element elementor-element-293d983\" data-id=\"293d983\" data-element_type=\"column\">\n\t\t\t<div class=\"elementor-widget-wrap elementor-element-populated\">\n\t\t\t\t\t\t<div class=\"elementor-element elementor-element-824ccaf elementor-widget elementor-widget-shortcode\" data-id=\"824ccaf\" data-element_type=\"widget\" data-widget_type=\"shortcode.default\">\n\t\t\t\t<div class=\"elementor-widget-container\">\n\t\t\t\t\t\t\t<div class=\"elementor-shortcode\">[jgm-review-widget]<\/div>\n\t\t\t\t\t\t<\/div>\n\t\t\t\t<\/div>\n\t\t\t\t\t<\/div>\n\t\t<\/div>\n\t\t\t\t\t<\/div>\n\t\t<\/section>\n\t\t\t\t<\/div>","protected":false},"excerpt":{"rendered":"<p>Chez Pagani-Design.fr, la satisfaction de nos clients est notre priorit\u00e9. Nous sommes fiers de recevoir des retours de la part des acheteurs de la marque, refl\u00e9tant l&#8217;excellence des produits et de notre service. Les montres Pagani\u00a0 montres sont con\u00e7ues pour allier style, qualit\u00e9 et pr\u00e9cision, et ces avis t\u00e9moignent de la qualit\u00e9 des produits propos\u00e9s. D\u00e9couvrez ce que nos clients pensent de leurs achats, des mod\u00e8les qu&#8217;ils ont choisis, ainsi que du service rapide et attentionn\u00e9 que nous offrons. Ces avis vous donnent un aper\u00e7u de ce \u00e0 quoi vous pouvez vous attendre en choisissant Pagani Design pour votre prochaine montre. [jgm-review-widget]<\/p>","protected":false},"author":2,"featured_media":0,"parent":0,"menu_order":0,"comment_status":"closed","ping_status":"closed","template":"","meta":{"footnotes":""},"class_list":["post-23930","page","type-page","status-publish","hentry","post-no-thumbnail"],"yoast_head":"<!-- This site is optimized with the Yoast SEO plugin v26.1.1 - https:\/\/yoast.com\/wordpress\/plugins\/seo\/ -->\n<title>Pagani Design Avis - Pagani Design<\/title>\n<meta name=\"description\" content=\"D\u00e9couvrez les avis sur Pagani Design France. Qualit\u00e9, pr\u00e9cision et service exceptionnel pour chaque montre.\" \/>\n<meta name=\"robots\" content=\"index, follow, max-snippet:-1, max-image-preview:large, max-video-preview:-1\" \/>\n<link rel=\"canonical\" href=\"https:\/\/pagani-design.eu\/es\/pagani-design-avis\/\" \/>\n<meta property=\"og:locale\" content=\"es_ES\" \/>\n<meta property=\"og:type\" content=\"article\" \/>\n<meta property=\"og:title\" content=\"Pagani Design Avis - Pagani Design\" \/>\n<meta property=\"og:description\" content=\"D\u00e9couvrez les avis sur Pagani Design France. Qualit\u00e9, pr\u00e9cision et service exceptionnel pour chaque montre.\" \/>\n<meta property=\"og:url\" content=\"https:\/\/pagani-design.eu\/es\/pagani-design-avis\/\" \/>\n<meta property=\"og:site_name\" content=\"Pagani Design\" \/>\n<meta property=\"article:publisher\" content=\"https:\/\/www.facebook.com\/profile.php?id=61561029376509\" \/>\n<meta property=\"article:modified_time\" content=\"2025-04-14T08:48:30+00:00\" \/>\n<meta property=\"og:image\" content=\"https:\/\/pagani-design.eu\/wp-content\/uploads\/2022\/01\/Montre-robuste-1.png\" \/>\n\t<meta property=\"og:image:width\" content=\"750\" \/>\n\t<meta property=\"og:image:height\" content=\"259\" \/>\n\t<meta property=\"og:image:type\" content=\"image\/png\" \/>\n<meta name=\"twitter:card\" content=\"summary_large_image\" \/>\n<meta name=\"twitter:label1\" content=\"Tiempo de lectura\" \/>\n\t<meta name=\"twitter:data1\" content=\"1 minuto\" \/>\n<script type=\"application\/ld+json\" class=\"yoast-schema-graph\">{\"@context\":\"https:\/\/schema.org\",\"@graph\":[{\"@type\":\"WebPage\",\"@id\":\"https:\/\/pagani-design.eu\/pagani-design-avis\/\",\"url\":\"https:\/\/pagani-design.eu\/pagani-design-avis\/\",\"name\":\"Pagani Design Avis - Pagani Design\",\"isPartOf\":{\"@id\":\"https:\/\/pagani-design.eu\/de\/#website\"},\"datePublished\":\"2024-09-27T13:35:54+00:00\",\"dateModified\":\"2025-04-14T08:48:30+00:00\",\"description\":\"D\u00e9couvrez les avis sur Pagani Design France. Qualit\u00e9, pr\u00e9cision et service exceptionnel pour chaque montre.\",\"breadcrumb\":{\"@id\":\"https:\/\/pagani-design.eu\/pagani-design-avis\/#breadcrumb\"},\"inLanguage\":\"es\",\"potentialAction\":[{\"@type\":\"ReadAction\",\"target\":[\"https:\/\/pagani-design.eu\/pagani-design-avis\/\"]}]},{\"@type\":\"BreadcrumbList\",\"@id\":\"https:\/\/pagani-design.eu\/pagani-design-avis\/#breadcrumb\",\"itemListElement\":[{\"@type\":\"ListItem\",\"position\":1,\"name\":\"Accueil\",\"item\":\"https:\/\/pagani-design.eu\/\"},{\"@type\":\"ListItem\",\"position\":2,\"name\":\"Pagani Design Avis\"}]},{\"@type\":\"WebSite\",\"@id\":\"https:\/\/pagani-design.eu\/de\/#website\",\"url\":\"https:\/\/pagani-design.eu\/de\/\",\"name\":\"Pagani Design\",\"description\":\"Pagani Design\",\"publisher\":{\"@id\":\"https:\/\/pagani-design.eu\/de\/#organization\"},\"alternateName\":\"Pagani Design\",\"potentialAction\":[{\"@type\":\"SearchAction\",\"target\":{\"@type\":\"EntryPoint\",\"urlTemplate\":\"https:\/\/pagani-design.eu\/de\/?s={search_term_string}\"},\"query-input\":{\"@type\":\"PropertyValueSpecification\",\"valueRequired\":true,\"valueName\":\"search_term_string\"}}],\"inLanguage\":\"es\"},{\"@type\":\"Organization\",\"@id\":\"https:\/\/pagani-design.eu\/de\/#organization\",\"name\":\"Pagani Design\",\"alternateName\":\"Pagani Design\",\"url\":\"https:\/\/pagani-design.eu\/de\/\",\"logo\":{\"@type\":\"ImageObject\",\"inLanguage\":\"es\",\"@id\":\"https:\/\/pagani-design.eu\/de\/#\/schema\/logo\/image\/\",\"url\":\"https:\/\/pagani-design.eu\/wp-content\/uploads\/2022\/01\/Montre-robuste-1.png\",\"contentUrl\":\"https:\/\/pagani-design.eu\/wp-content\/uploads\/2022\/01\/Montre-robuste-1.png\",\"width\":750,\"height\":259,\"caption\":\"Pagani Design\"},\"image\":{\"@id\":\"https:\/\/pagani-design.eu\/de\/#\/schema\/logo\/image\/\"},\"sameAs\":[\"https:\/\/www.facebook.com\/profile.php?id=61561029376509\",\"https:\/\/www.instagram.com\/pagani_design.fr\",\"https:\/\/www.tiktok.com\/@pagani_design.fr\"]}]}<\/script>\n<!-- \/ Yoast SEO plugin. -->","yoast_head_json":{"title":"Pagani Design Avis - Pagani Design","description":"Conozca las opiniones de Pagani Design France. Calidad, precisi\u00f3n y servicio excepcionales para cada modelo.","robots":{"index":"index","follow":"follow","max-snippet":"max-snippet:-1","max-image-preview":"max-image-preview:large","max-video-preview":"max-video-preview:-1"},"canonical":"https:\/\/pagani-design.eu\/es\/pagani-design-avis\/","og_locale":"es_ES","og_type":"article","og_title":"Pagani Design Avis - Pagani Design","og_description":"D\u00e9couvrez les avis sur Pagani Design France. Qualit\u00e9, pr\u00e9cision et service exceptionnel pour chaque montre.","og_url":"https:\/\/pagani-design.eu\/es\/pagani-design-avis\/","og_site_name":"Pagani Design","article_publisher":"https:\/\/www.facebook.com\/profile.php?id=61561029376509","article_modified_time":"2025-04-14T08:48:30+00:00","og_image":[{"width":750,"height":259,"url":"https:\/\/pagani-design.eu\/wp-content\/uploads\/2022\/01\/Montre-robuste-1.png","type":"image\/png"}],"twitter_card":"summary_large_image","twitter_misc":{"Tiempo de lectura":"1 minuto"},"schema":{"@context":"https:\/\/schema.org","@graph":[{"@type":"WebPage","@id":"https:\/\/pagani-design.eu\/pagani-design-avis\/","url":"https:\/\/pagani-design.eu\/pagani-design-avis\/","name":"Pagani Design Avis - Pagani Design","isPartOf":{"@id":"https:\/\/pagani-design.eu\/de\/#website"},"datePublished":"2024-09-27T13:35:54+00:00","dateModified":"2025-04-14T08:48:30+00:00","description":"Conozca las opiniones de Pagani Design France. Calidad, precisi\u00f3n y servicio excepcionales para cada modelo.","breadcrumb":{"@id":"https:\/\/pagani-design.eu\/pagani-design-avis\/#breadcrumb"},"inLanguage":"es","potentialAction":[{"@type":"ReadAction","target":["https:\/\/pagani-design.eu\/pagani-design-avis\/"]}]},{"@type":"BreadcrumbList","@id":"https:\/\/pagani-design.eu\/pagani-design-avis\/#breadcrumb","itemListElement":[{"@type":"ListItem","position":1,"name":"Accueil","item":"https:\/\/pagani-design.eu\/"},{"@type":"ListItem","position":2,"name":"Pagani Design Avis"}]},{"@type":"WebSite","@id":"https:\/\/pagani-design.eu\/de\/#website","url":"https:\/\/pagani-design.eu\/de\/","name":"Pagani Design","description":"Pagani Design","publisher":{"@id":"https:\/\/pagani-design.eu\/de\/#organization"},"alternateName":"Pagani Design","potentialAction":[{"@type":"SearchAction","target":{"@type":"EntryPoint","urlTemplate":"https:\/\/pagani-design.eu\/de\/?s={search_term_string}"},"query-input":{"@type":"PropertyValueSpecification","valueRequired":true,"valueName":"search_term_string"}}],"inLanguage":"es"},{"@type":"Organization","@id":"https:\/\/pagani-design.eu\/de\/#organization","name":"Pagani Design","alternateName":"Pagani Design","url":"https:\/\/pagani-design.eu\/de\/","logo":{"@type":"ImageObject","inLanguage":"es","@id":"https:\/\/pagani-design.eu\/de\/#\/schema\/logo\/image\/","url":"https:\/\/pagani-design.eu\/wp-content\/uploads\/2022\/01\/Montre-robuste-1.png","contentUrl":"https:\/\/pagani-design.eu\/wp-content\/uploads\/2022\/01\/Montre-robuste-1.png","width":750,"height":259,"caption":"Pagani Design"},"image":{"@id":"https:\/\/pagani-design.eu\/de\/#\/schema\/logo\/image\/"},"sameAs":["https:\/\/www.facebook.com\/profile.php?id=61561029376509","https:\/\/www.instagram.com\/pagani_design.fr","https:\/\/www.tiktok.com\/@pagani_design.fr"]}]}},"_links":{"self":[{"href":"https:\/\/pagani-design.eu\/es\/wp-json\/wp\/v2\/pages\/23930","targetHints":{"allow":["GET"]}}],"collection":[{"href":"https:\/\/pagani-design.eu\/es\/wp-json\/wp\/v2\/pages"}],"about":[{"href":"https:\/\/pagani-design.eu\/es\/wp-json\/wp\/v2\/types\/page"}],"author":[{"embeddable":true,"href":"https:\/\/pagani-design.eu\/es\/wp-json\/wp\/v2\/users\/2"}],"replies":[{"embeddable":true,"href":"https:\/\/pagani-design.eu\/es\/wp-json\/wp\/v2\/comments?post=23930"}],"version-history":[{"count":0,"href":"https:\/\/pagani-design.eu\/es\/wp-json\/wp\/v2\/pages\/23930\/revisions"}],"wp:attachment":[{"href":"https:\/\/pagani-design.eu\/es\/wp-json\/wp\/v2\/media?parent=23930"}],"curies":[{"name":"wp","href":"https:\/\/api.w.org\/{rel}","templated":true}]}}