{"id":22059,"date":"2024-06-23T13:33:55","date_gmt":"2024-06-23T13:33:55","guid":{"rendered":"https:\/\/pagani-design.eu\/?post_type=product&#038;p=22059"},"modified":"2026-01-30T08:29:18","modified_gmt":"2026-01-30T08:29:18","slug":"pulsera-ostra-20mm","status":"publish","type":"product","link":"https:\/\/pagani-design.eu\/es\/productos\/pulsera-ostra-20mm\/","title":{"rendered":"Pulsera Oyster 20mm"},"content":{"rendered":"<h2>Pulsera Oyster 20mm en cuir de qualit\u00e9<\/h2>\n<p>El brazalete Pulsera Oyster 20mm est\u00e1 fabricado en cuero de alta calidad, que combina durabilidad y comodidad. Un accesorio ideal para completar tu look con estilo.<\/p>\n<p>El cuero aut\u00e9ntico utilizado para crear este brazalete garantiza una larga duraci\u00f3n de vida y un aspecto lujoso, adem\u00e1s de adaptarse perfectamente a su puntera.<\/p>\n<h2>Dise\u00f1o moderno y elegante del brazalete Pulsera Oyster 20mm<\/h2>\n<p>Con su dise\u00f1o moderno y depurado, la pulsera Bracelet Oyster 20mm aporta un toque de sofisticaci\u00f3n a tu look. Sus suaves acabados lo convierten en un accesorio de moda inigualable.<\/p>\n<p>Su estilo elegante e intemporal armoniza f\u00e1cilmente con diferentes estilos, ya sea para una ocasi\u00f3n especial o para un uso cotidiano.<\/p>\n<h2>Accessoire de mode chic pour femme : bracelet Bracelet Oyster 20mm<\/h2>\n<p>El brazalete Pulsera Oyster 20mm es el accesorio perfecto para las mujeres que buscan elegancia y refinamiento. Su dise\u00f1o refinado lo convierte en una aut\u00e9ntica joya para sublimar su belleza.<\/p>\n<p>Afirma tu estilo con esta pulsera chic y trendy, que realzar\u00e1 tu personalidad y aportar\u00e1 un toque de glamour a tu atractivo.<\/p>\n<h2>Caracter\u00edsticas del producto<\/h2>\n<ul>\n<li><strong>Mat\u00e9riau :<\/strong> Acier inoxydable 316L massif et poli (chirurgical).<\/li>\n<li><strong>Ajuste :<\/strong> 6 maillons facilement d\u00e9tachables avec un tournevis de 1,2 mm. 2 posiciones diferentes en el desplegable del fermoir.<\/li>\n<li><strong>Longueur :<\/strong> 22 cm<\/li>\n<\/ul>","protected":false},"excerpt":{"rendered":"<p>Descubra la pulsera Oyster 20mm en cuero de calidad, un accesorio de moda chic y elegante para mujer. D\u00e9jate seducir por su dise\u00f1o moderno y su toque de lujo.<\/p>","protected":false},"featured_media":22103,"template":"","meta":[],"product_brand":[],"product_cat":[341,342,343],"product_tag":[327,328,329],"class_list":{"0":"post-22059","1":"product","2":"type-product","3":"status-publish","4":"has-post-thumbnail","6":"product_cat-accessoires","7":"product_cat-bracelets","8":"product_cat-nouveautes","9":"product_tag-20mm","10":"product_tag-accessoires","11":"product_tag-bracelets","13":"first","14":"instock","15":"taxable","16":"shipping-taxable","17":"purchasable","18":"product-type-simple"},"yoast_head":"<!-- This site is optimized with the Yoast SEO plugin v26.1.1 - https:\/\/yoast.com\/wordpress\/plugins\/seo\/ -->\n<title>Bracelet Oyster 20mm - Pagani Design<\/title>\n<meta name=\"description\" content=\"Bracelet Oyster 20mm : un classique intemporel pour sublimer votre montre. Offrez-vous ce bracelet \u00e9l\u00e9gant et robuste pour un style in\u00e9gal\u00e9 !\" \/>\n<meta name=\"robots\" content=\"index, follow, max-snippet:-1, max-image-preview:large, max-video-preview:-1\" \/>\n<link rel=\"canonical\" href=\"https:\/\/pagani-design.eu\/es\/productos\/pulsera-ostra-20mm\/\" \/>\n<meta property=\"og:locale\" content=\"es_ES\" \/>\n<meta property=\"og:type\" content=\"article\" \/>\n<meta property=\"og:title\" content=\"Bracelet Oyster 20mm - Pagani Design\" \/>\n<meta property=\"og:description\" content=\"Bracelet Oyster 20mm : un classique intemporel pour sublimer votre montre. Offrez-vous ce bracelet \u00e9l\u00e9gant et robuste pour un style in\u00e9gal\u00e9 !\" \/>\n<meta property=\"og:url\" content=\"https:\/\/pagani-design.eu\/es\/productos\/pulsera-ostra-20mm\/\" \/>\n<meta property=\"og:site_name\" content=\"Pagani Design\" \/>\n<meta property=\"article:publisher\" content=\"https:\/\/www.facebook.com\/profile.php?id=61561029376509\" \/>\n<meta property=\"article:modified_time\" content=\"2026-01-30T08:29:18+00:00\" \/>\n<meta property=\"og:image\" content=\"https:\/\/pagani-design.eu\/wp-content\/uploads\/2024\/06\/Capturadepantalla2020-11-23alas18.13.49-1.png\" \/>\n\t<meta property=\"og:image:width\" content=\"1225\" \/>\n\t<meta property=\"og:image:height\" content=\"1225\" \/>\n\t<meta property=\"og:image:type\" content=\"image\/png\" \/>\n<meta name=\"twitter:card\" content=\"summary_large_image\" \/>\n<meta name=\"twitter:label1\" content=\"Tiempo de lectura\" \/>\n\t<meta name=\"twitter:data1\" content=\"2 minutos\" \/>\n<script type=\"application\/ld+json\" class=\"yoast-schema-graph\">{\"@context\":\"https:\/\/schema.org\",\"@graph\":[{\"@type\":\"WebPage\",\"@id\":\"https:\/\/pagani-design.eu\/products\/bracelet-oyster-20mm\/\",\"url\":\"https:\/\/pagani-design.eu\/products\/bracelet-oyster-20mm\/\",\"name\":\"Bracelet Oyster 20mm - Pagani Design\",\"isPartOf\":{\"@id\":\"https:\/\/pagani-design.eu\/de\/#website\"},\"primaryImageOfPage\":{\"@id\":\"https:\/\/pagani-design.eu\/products\/bracelet-oyster-20mm\/#primaryimage\"},\"image\":{\"@id\":\"https:\/\/pagani-design.eu\/products\/bracelet-oyster-20mm\/#primaryimage\"},\"thumbnailUrl\":\"https:\/\/pagani-design.eu\/wp-content\/uploads\/2024\/06\/Capturadepantalla2020-11-23alas18.13.49-1.png\",\"datePublished\":\"2024-06-23T13:33:55+00:00\",\"dateModified\":\"2026-01-30T08:29:18+00:00\",\"description\":\"Bracelet Oyster 20mm : un classique intemporel pour sublimer votre montre. Offrez-vous ce bracelet \u00e9l\u00e9gant et robuste pour un style in\u00e9gal\u00e9 !\",\"breadcrumb\":{\"@id\":\"https:\/\/pagani-design.eu\/products\/bracelet-oyster-20mm\/#breadcrumb\"},\"inLanguage\":\"es\",\"potentialAction\":[{\"@type\":\"ReadAction\",\"target\":[\"https:\/\/pagani-design.eu\/products\/bracelet-oyster-20mm\/\"]}]},{\"@type\":\"ImageObject\",\"inLanguage\":\"es\",\"@id\":\"https:\/\/pagani-design.eu\/products\/bracelet-oyster-20mm\/#primaryimage\",\"url\":\"https:\/\/pagani-design.eu\/wp-content\/uploads\/2024\/06\/Capturadepantalla2020-11-23alas18.13.49-1.png\",\"contentUrl\":\"https:\/\/pagani-design.eu\/wp-content\/uploads\/2024\/06\/Capturadepantalla2020-11-23alas18.13.49-1.png\",\"width\":1225,\"height\":1225,\"caption\":\"Bracelet Oyster 20mm\"},{\"@type\":\"BreadcrumbList\",\"@id\":\"https:\/\/pagani-design.eu\/products\/bracelet-oyster-20mm\/#breadcrumb\",\"itemListElement\":[{\"@type\":\"ListItem\",\"position\":1,\"name\":\"Accueil\",\"item\":\"https:\/\/pagani-design.eu\/\"},{\"@type\":\"ListItem\",\"position\":2,\"name\":\"Shop\",\"item\":\"https:\/\/pagani-design.eu\/de\/shop\/\"},{\"@type\":\"ListItem\",\"position\":3,\"name\":\"Bracelet Oyster 20mm\"}]},{\"@type\":\"WebSite\",\"@id\":\"https:\/\/pagani-design.eu\/de\/#website\",\"url\":\"https:\/\/pagani-design.eu\/de\/\",\"name\":\"Pagani Design\",\"description\":\"Pagani Design\",\"publisher\":{\"@id\":\"https:\/\/pagani-design.eu\/de\/#organization\"},\"alternateName\":\"Pagani Design\",\"potentialAction\":[{\"@type\":\"SearchAction\",\"target\":{\"@type\":\"EntryPoint\",\"urlTemplate\":\"https:\/\/pagani-design.eu\/de\/?s={search_term_string}\"},\"query-input\":{\"@type\":\"PropertyValueSpecification\",\"valueRequired\":true,\"valueName\":\"search_term_string\"}}],\"inLanguage\":\"es\"},{\"@type\":\"Organization\",\"@id\":\"https:\/\/pagani-design.eu\/de\/#organization\",\"name\":\"Pagani Design\",\"alternateName\":\"Pagani Design\",\"url\":\"https:\/\/pagani-design.eu\/de\/\",\"logo\":{\"@type\":\"ImageObject\",\"inLanguage\":\"es\",\"@id\":\"https:\/\/pagani-design.eu\/de\/#\/schema\/logo\/image\/\",\"url\":\"https:\/\/pagani-design.eu\/wp-content\/uploads\/2022\/01\/Montre-robuste-1.png\",\"contentUrl\":\"https:\/\/pagani-design.eu\/wp-content\/uploads\/2022\/01\/Montre-robuste-1.png\",\"width\":750,\"height\":259,\"caption\":\"Pagani Design\"},\"image\":{\"@id\":\"https:\/\/pagani-design.eu\/de\/#\/schema\/logo\/image\/\"},\"sameAs\":[\"https:\/\/www.facebook.com\/profile.php?id=61561029376509\",\"https:\/\/www.instagram.com\/pagani_design.fr\",\"https:\/\/www.tiktok.com\/@pagani_design.fr\"]}]}<\/script>\n<!-- \/ Yoast SEO plugin. -->","yoast_head_json":{"title":"Pulsera Oyster 20mm - Pagani Design","description":"Pulsera Oyster 20mm : un cl\u00e1sico intemporal para sublimar su montura. \u00a1Offrez-vous ce bracelet \u00e9l\u00e9gant et robuste pour un style in\u00e9gal\u00e9 !","robots":{"index":"index","follow":"follow","max-snippet":"max-snippet:-1","max-image-preview":"max-image-preview:large","max-video-preview":"max-video-preview:-1"},"canonical":"https:\/\/pagani-design.eu\/es\/productos\/pulsera-ostra-20mm\/","og_locale":"es_ES","og_type":"article","og_title":"Bracelet Oyster 20mm - Pagani Design","og_description":"Bracelet Oyster 20mm : un classique intemporel pour sublimer votre montre. Offrez-vous ce bracelet \u00e9l\u00e9gant et robuste pour un style in\u00e9gal\u00e9 !","og_url":"https:\/\/pagani-design.eu\/es\/productos\/pulsera-ostra-20mm\/","og_site_name":"Pagani Design","article_publisher":"https:\/\/www.facebook.com\/profile.php?id=61561029376509","article_modified_time":"2026-01-30T08:29:18+00:00","og_image":[{"width":1225,"height":1225,"url":"https:\/\/pagani-design.eu\/wp-content\/uploads\/2024\/06\/Capturadepantalla2020-11-23alas18.13.49-1.png","type":"image\/png"}],"twitter_card":"summary_large_image","twitter_misc":{"Tiempo de lectura":"2 minutos"},"schema":{"@context":"https:\/\/schema.org","@graph":[{"@type":"WebPage","@id":"https:\/\/pagani-design.eu\/products\/bracelet-oyster-20mm\/","url":"https:\/\/pagani-design.eu\/products\/bracelet-oyster-20mm\/","name":"Pulsera Oyster 20mm - Pagani Design","isPartOf":{"@id":"https:\/\/pagani-design.eu\/de\/#website"},"primaryImageOfPage":{"@id":"https:\/\/pagani-design.eu\/products\/bracelet-oyster-20mm\/#primaryimage"},"image":{"@id":"https:\/\/pagani-design.eu\/products\/bracelet-oyster-20mm\/#primaryimage"},"thumbnailUrl":"https:\/\/pagani-design.eu\/wp-content\/uploads\/2024\/06\/Capturadepantalla2020-11-23alas18.13.49-1.png","datePublished":"2024-06-23T13:33:55+00:00","dateModified":"2026-01-30T08:29:18+00:00","description":"Pulsera Oyster 20mm : un cl\u00e1sico intemporal para sublimar su montura. \u00a1Offrez-vous ce bracelet \u00e9l\u00e9gant et robuste pour un style in\u00e9gal\u00e9 !","breadcrumb":{"@id":"https:\/\/pagani-design.eu\/products\/bracelet-oyster-20mm\/#breadcrumb"},"inLanguage":"es","potentialAction":[{"@type":"ReadAction","target":["https:\/\/pagani-design.eu\/products\/bracelet-oyster-20mm\/"]}]},{"@type":"ImageObject","inLanguage":"es","@id":"https:\/\/pagani-design.eu\/products\/bracelet-oyster-20mm\/#primaryimage","url":"https:\/\/pagani-design.eu\/wp-content\/uploads\/2024\/06\/Capturadepantalla2020-11-23alas18.13.49-1.png","contentUrl":"https:\/\/pagani-design.eu\/wp-content\/uploads\/2024\/06\/Capturadepantalla2020-11-23alas18.13.49-1.png","width":1225,"height":1225,"caption":"Bracelet Oyster 20mm"},{"@type":"BreadcrumbList","@id":"https:\/\/pagani-design.eu\/products\/bracelet-oyster-20mm\/#breadcrumb","itemListElement":[{"@type":"ListItem","position":1,"name":"Accueil","item":"https:\/\/pagani-design.eu\/"},{"@type":"ListItem","position":2,"name":"Shop","item":"https:\/\/pagani-design.eu\/de\/shop\/"},{"@type":"ListItem","position":3,"name":"Bracelet Oyster 20mm"}]},{"@type":"WebSite","@id":"https:\/\/pagani-design.eu\/de\/#website","url":"https:\/\/pagani-design.eu\/de\/","name":"Pagani Design","description":"Pagani Design","publisher":{"@id":"https:\/\/pagani-design.eu\/de\/#organization"},"alternateName":"Pagani Design","potentialAction":[{"@type":"SearchAction","target":{"@type":"EntryPoint","urlTemplate":"https:\/\/pagani-design.eu\/de\/?s={search_term_string}"},"query-input":{"@type":"PropertyValueSpecification","valueRequired":true,"valueName":"search_term_string"}}],"inLanguage":"es"},{"@type":"Organization","@id":"https:\/\/pagani-design.eu\/de\/#organization","name":"Pagani Design","alternateName":"Pagani Design","url":"https:\/\/pagani-design.eu\/de\/","logo":{"@type":"ImageObject","inLanguage":"es","@id":"https:\/\/pagani-design.eu\/de\/#\/schema\/logo\/image\/","url":"https:\/\/pagani-design.eu\/wp-content\/uploads\/2022\/01\/Montre-robuste-1.png","contentUrl":"https:\/\/pagani-design.eu\/wp-content\/uploads\/2022\/01\/Montre-robuste-1.png","width":750,"height":259,"caption":"Pagani Design"},"image":{"@id":"https:\/\/pagani-design.eu\/de\/#\/schema\/logo\/image\/"},"sameAs":["https:\/\/www.facebook.com\/profile.php?id=61561029376509","https:\/\/www.instagram.com\/pagani_design.fr","https:\/\/www.tiktok.com\/@pagani_design.fr"]}]}},"_links":{"self":[{"href":"https:\/\/pagani-design.eu\/es\/wp-json\/wp\/v2\/product\/22059","targetHints":{"allow":["GET"]}}],"collection":[{"href":"https:\/\/pagani-design.eu\/es\/wp-json\/wp\/v2\/product"}],"about":[{"href":"https:\/\/pagani-design.eu\/es\/wp-json\/wp\/v2\/types\/product"}],"version-history":[{"count":1,"href":"https:\/\/pagani-design.eu\/es\/wp-json\/wp\/v2\/product\/22059\/revisions"}],"predecessor-version":[{"id":27061,"href":"https:\/\/pagani-design.eu\/es\/wp-json\/wp\/v2\/product\/22059\/revisions\/27061"}],"wp:featuredmedia":[{"embeddable":true,"href":"https:\/\/pagani-design.eu\/es\/wp-json\/wp\/v2\/media\/22103"}],"wp:attachment":[{"href":"https:\/\/pagani-design.eu\/es\/wp-json\/wp\/v2\/media?parent=22059"}],"wp:term":[{"taxonomy":"product_brand","embeddable":true,"href":"https:\/\/pagani-design.eu\/es\/wp-json\/wp\/v2\/product_brand?post=22059"},{"taxonomy":"product_cat","embeddable":true,"href":"https:\/\/pagani-design.eu\/es\/wp-json\/wp\/v2\/product_cat?post=22059"},{"taxonomy":"product_tag","embeddable":true,"href":"https:\/\/pagani-design.eu\/es\/wp-json\/wp\/v2\/product_tag?post=22059"}],"curies":[{"name":"wp","href":"https:\/\/api.w.org\/{rel}","templated":true}]}}