{"id":22061,"date":"2024-06-23T13:33:55","date_gmt":"2024-06-23T13:33:55","guid":{"rendered":"https:\/\/pagani-design.eu\/?post_type=product&#038;p=22061"},"modified":"2026-01-30T08:29:18","modified_gmt":"2026-01-30T08:29:18","slug":"maletin-de-viaje-de-diseno-pagani","status":"publish","type":"product","link":"https:\/\/pagani-design.eu\/es\/productos\/maletin-de-viaje-de-diseno-pagani\/","title":{"rendered":"\u00c9tui de voyage Pagani Design"},"content":{"rendered":"<h2>Caracter\u00edsticas del producto<\/h2>\n<p><strong>\u00c9tui de voyage Pagani Design<\/strong><\/p>\n<ul>\n<li>Se adapta a todos los tipos de monturas y puede retirarse f\u00e1cilmente para extraer la montura. Acabado interior en terciopelo hasta el m\u00e1s m\u00ednimo detalle, asegurando una protecci\u00f3n \u00f3ptima para sus monturas. Fabricado a mano con cuero vegetal de alta calidad. El regalo perfecto para los amantes de las monturas.<\/li>\n<\/ul>","protected":false},"excerpt":{"rendered":"<p>Descubre el estuche de viaje Pagani Design, el accesorio de viaje ideal que combina elegancia y practicidad.<\/p>","protected":false},"featured_media":22105,"template":"","meta":[],"product_brand":[],"product_cat":[341,343],"product_tag":[328],"class_list":{"0":"post-22061","1":"product","2":"type-product","3":"status-publish","4":"has-post-thumbnail","6":"product_cat-accessoires","7":"product_cat-nouveautes","8":"product_tag-accessoires","10":"first","11":"instock","12":"taxable","13":"shipping-taxable","14":"purchasable","15":"product-type-simple"},"yoast_head":"<!-- This site is optimized with the Yoast SEO plugin v26.1.1 - https:\/\/yoast.com\/wordpress\/plugins\/seo\/ -->\n<title>\u00c9tui de voyage Pagani Design - Pagani Design<\/title>\n<meta name=\"description\" content=\"\u00c9tui de voyage Pagani Design : prot\u00e9gez votre montre avec style ! Id\u00e9al pour les amateurs en d\u00e9placement, cet \u00e9tui allie \u00e9l\u00e9gance et fonctionnalit\u00e9.\" \/>\n<meta name=\"robots\" content=\"index, follow, max-snippet:-1, max-image-preview:large, max-video-preview:-1\" \/>\n<link rel=\"canonical\" href=\"https:\/\/pagani-design.eu\/es\/productos\/maletin-de-viaje-de-diseno-pagani\/\" \/>\n<meta property=\"og:locale\" content=\"es_ES\" \/>\n<meta property=\"og:type\" content=\"article\" \/>\n<meta property=\"og:title\" content=\"\u00c9tui de voyage Pagani Design - Pagani Design\" \/>\n<meta property=\"og:description\" content=\"\u00c9tui de voyage Pagani Design : prot\u00e9gez votre montre avec style ! Id\u00e9al pour les amateurs en d\u00e9placement, cet \u00e9tui allie \u00e9l\u00e9gance et fonctionnalit\u00e9.\" \/>\n<meta property=\"og:url\" content=\"https:\/\/pagani-design.eu\/es\/productos\/maletin-de-viaje-de-diseno-pagani\/\" \/>\n<meta property=\"og:site_name\" content=\"Pagani Design\" \/>\n<meta property=\"article:publisher\" content=\"https:\/\/www.facebook.com\/profile.php?id=61561029376509\" \/>\n<meta property=\"article:modified_time\" content=\"2026-01-30T08:29:18+00:00\" \/>\n<meta property=\"og:image\" content=\"https:\/\/pagani-design.eu\/wp-content\/uploads\/2024\/06\/Disenosintitulo_97-e1718956365792-1.png\" \/>\n\t<meta property=\"og:image:width\" content=\"2400\" \/>\n\t<meta property=\"og:image:height\" content=\"2148\" \/>\n\t<meta property=\"og:image:type\" content=\"image\/png\" \/>\n<meta name=\"twitter:card\" content=\"summary_large_image\" \/>\n<meta name=\"twitter:label1\" content=\"Tiempo de lectura\" \/>\n\t<meta name=\"twitter:data1\" content=\"1 minuto\" \/>\n<script type=\"application\/ld+json\" class=\"yoast-schema-graph\">{\"@context\":\"https:\/\/schema.org\",\"@graph\":[{\"@type\":\"WebPage\",\"@id\":\"https:\/\/pagani-design.eu\/products\/etui-de-voyage-pagani-design\/\",\"url\":\"https:\/\/pagani-design.eu\/products\/etui-de-voyage-pagani-design\/\",\"name\":\"\u00c9tui de voyage Pagani Design - Pagani Design\",\"isPartOf\":{\"@id\":\"https:\/\/pagani-design.eu\/de\/#website\"},\"primaryImageOfPage\":{\"@id\":\"https:\/\/pagani-design.eu\/products\/etui-de-voyage-pagani-design\/#primaryimage\"},\"image\":{\"@id\":\"https:\/\/pagani-design.eu\/products\/etui-de-voyage-pagani-design\/#primaryimage\"},\"thumbnailUrl\":\"https:\/\/pagani-design.eu\/wp-content\/uploads\/2024\/06\/Disenosintitulo_97-e1718956365792-1.png\",\"datePublished\":\"2024-06-23T13:33:55+00:00\",\"dateModified\":\"2026-01-30T08:29:18+00:00\",\"description\":\"\u00c9tui de voyage Pagani Design : prot\u00e9gez votre montre avec style ! Id\u00e9al pour les amateurs en d\u00e9placement, cet \u00e9tui allie \u00e9l\u00e9gance et fonctionnalit\u00e9.\",\"breadcrumb\":{\"@id\":\"https:\/\/pagani-design.eu\/products\/etui-de-voyage-pagani-design\/#breadcrumb\"},\"inLanguage\":\"es\",\"potentialAction\":[{\"@type\":\"ReadAction\",\"target\":[\"https:\/\/pagani-design.eu\/products\/etui-de-voyage-pagani-design\/\"]}]},{\"@type\":\"ImageObject\",\"inLanguage\":\"es\",\"@id\":\"https:\/\/pagani-design.eu\/products\/etui-de-voyage-pagani-design\/#primaryimage\",\"url\":\"https:\/\/pagani-design.eu\/wp-content\/uploads\/2024\/06\/Disenosintitulo_97-e1718956365792-1.png\",\"contentUrl\":\"https:\/\/pagani-design.eu\/wp-content\/uploads\/2024\/06\/Disenosintitulo_97-e1718956365792-1.png\",\"width\":2400,\"height\":2148,\"caption\":\"\u00c9tui de voyage Pagani Design\"},{\"@type\":\"BreadcrumbList\",\"@id\":\"https:\/\/pagani-design.eu\/products\/etui-de-voyage-pagani-design\/#breadcrumb\",\"itemListElement\":[{\"@type\":\"ListItem\",\"position\":1,\"name\":\"Accueil\",\"item\":\"https:\/\/pagani-design.eu\/\"},{\"@type\":\"ListItem\",\"position\":2,\"name\":\"Shop\",\"item\":\"https:\/\/pagani-design.eu\/de\/shop\/\"},{\"@type\":\"ListItem\",\"position\":3,\"name\":\"\u00c9tui de voyage Pagani Design\"}]},{\"@type\":\"WebSite\",\"@id\":\"https:\/\/pagani-design.eu\/de\/#website\",\"url\":\"https:\/\/pagani-design.eu\/de\/\",\"name\":\"Pagani Design\",\"description\":\"Pagani Design\",\"publisher\":{\"@id\":\"https:\/\/pagani-design.eu\/de\/#organization\"},\"alternateName\":\"Pagani Design\",\"potentialAction\":[{\"@type\":\"SearchAction\",\"target\":{\"@type\":\"EntryPoint\",\"urlTemplate\":\"https:\/\/pagani-design.eu\/de\/?s={search_term_string}\"},\"query-input\":{\"@type\":\"PropertyValueSpecification\",\"valueRequired\":true,\"valueName\":\"search_term_string\"}}],\"inLanguage\":\"es\"},{\"@type\":\"Organization\",\"@id\":\"https:\/\/pagani-design.eu\/de\/#organization\",\"name\":\"Pagani Design\",\"alternateName\":\"Pagani Design\",\"url\":\"https:\/\/pagani-design.eu\/de\/\",\"logo\":{\"@type\":\"ImageObject\",\"inLanguage\":\"es\",\"@id\":\"https:\/\/pagani-design.eu\/de\/#\/schema\/logo\/image\/\",\"url\":\"https:\/\/pagani-design.eu\/wp-content\/uploads\/2022\/01\/Montre-robuste-1.png\",\"contentUrl\":\"https:\/\/pagani-design.eu\/wp-content\/uploads\/2022\/01\/Montre-robuste-1.png\",\"width\":750,\"height\":259,\"caption\":\"Pagani Design\"},\"image\":{\"@id\":\"https:\/\/pagani-design.eu\/de\/#\/schema\/logo\/image\/\"},\"sameAs\":[\"https:\/\/www.facebook.com\/profile.php?id=61561029376509\",\"https:\/\/www.instagram.com\/pagani_design.fr\",\"https:\/\/www.tiktok.com\/@pagani_design.fr\"]}]}<\/script>\n<!-- \/ Yoast SEO plugin. -->","yoast_head_json":{"title":"Estuche de viaje Pagani Design - Pagani Design","description":"Funda de viaje Pagani Design: \u00a1protege tu montura con estilo! Id\u00e9al pour les amateurs en d\u00e9placement, cet \u00e9tui allie \u00e9l\u00e9gance et fonctionnalit\u00e9.","robots":{"index":"index","follow":"follow","max-snippet":"max-snippet:-1","max-image-preview":"max-image-preview:large","max-video-preview":"max-video-preview:-1"},"canonical":"https:\/\/pagani-design.eu\/es\/productos\/maletin-de-viaje-de-diseno-pagani\/","og_locale":"es_ES","og_type":"article","og_title":"\u00c9tui de voyage Pagani Design - Pagani Design","og_description":"\u00c9tui de voyage Pagani Design : prot\u00e9gez votre montre avec style ! Id\u00e9al pour les amateurs en d\u00e9placement, cet \u00e9tui allie \u00e9l\u00e9gance et fonctionnalit\u00e9.","og_url":"https:\/\/pagani-design.eu\/es\/productos\/maletin-de-viaje-de-diseno-pagani\/","og_site_name":"Pagani Design","article_publisher":"https:\/\/www.facebook.com\/profile.php?id=61561029376509","article_modified_time":"2026-01-30T08:29:18+00:00","og_image":[{"width":2400,"height":2148,"url":"https:\/\/pagani-design.eu\/wp-content\/uploads\/2024\/06\/Disenosintitulo_97-e1718956365792-1.png","type":"image\/png"}],"twitter_card":"summary_large_image","twitter_misc":{"Tiempo de lectura":"1 minuto"},"schema":{"@context":"https:\/\/schema.org","@graph":[{"@type":"WebPage","@id":"https:\/\/pagani-design.eu\/products\/etui-de-voyage-pagani-design\/","url":"https:\/\/pagani-design.eu\/products\/etui-de-voyage-pagani-design\/","name":"Estuche de viaje Pagani Design - Pagani Design","isPartOf":{"@id":"https:\/\/pagani-design.eu\/de\/#website"},"primaryImageOfPage":{"@id":"https:\/\/pagani-design.eu\/products\/etui-de-voyage-pagani-design\/#primaryimage"},"image":{"@id":"https:\/\/pagani-design.eu\/products\/etui-de-voyage-pagani-design\/#primaryimage"},"thumbnailUrl":"https:\/\/pagani-design.eu\/wp-content\/uploads\/2024\/06\/Disenosintitulo_97-e1718956365792-1.png","datePublished":"2024-06-23T13:33:55+00:00","dateModified":"2026-01-30T08:29:18+00:00","description":"Funda de viaje Pagani Design: \u00a1protege tu montura con estilo! Id\u00e9al pour les amateurs en d\u00e9placement, cet \u00e9tui allie \u00e9l\u00e9gance et fonctionnalit\u00e9.","breadcrumb":{"@id":"https:\/\/pagani-design.eu\/products\/etui-de-voyage-pagani-design\/#breadcrumb"},"inLanguage":"es","potentialAction":[{"@type":"ReadAction","target":["https:\/\/pagani-design.eu\/products\/etui-de-voyage-pagani-design\/"]}]},{"@type":"ImageObject","inLanguage":"es","@id":"https:\/\/pagani-design.eu\/products\/etui-de-voyage-pagani-design\/#primaryimage","url":"https:\/\/pagani-design.eu\/wp-content\/uploads\/2024\/06\/Disenosintitulo_97-e1718956365792-1.png","contentUrl":"https:\/\/pagani-design.eu\/wp-content\/uploads\/2024\/06\/Disenosintitulo_97-e1718956365792-1.png","width":2400,"height":2148,"caption":"\u00c9tui de voyage Pagani Design"},{"@type":"BreadcrumbList","@id":"https:\/\/pagani-design.eu\/products\/etui-de-voyage-pagani-design\/#breadcrumb","itemListElement":[{"@type":"ListItem","position":1,"name":"Accueil","item":"https:\/\/pagani-design.eu\/"},{"@type":"ListItem","position":2,"name":"Shop","item":"https:\/\/pagani-design.eu\/de\/shop\/"},{"@type":"ListItem","position":3,"name":"\u00c9tui de voyage Pagani Design"}]},{"@type":"WebSite","@id":"https:\/\/pagani-design.eu\/de\/#website","url":"https:\/\/pagani-design.eu\/de\/","name":"Pagani Design","description":"Pagani Design","publisher":{"@id":"https:\/\/pagani-design.eu\/de\/#organization"},"alternateName":"Pagani Design","potentialAction":[{"@type":"SearchAction","target":{"@type":"EntryPoint","urlTemplate":"https:\/\/pagani-design.eu\/de\/?s={search_term_string}"},"query-input":{"@type":"PropertyValueSpecification","valueRequired":true,"valueName":"search_term_string"}}],"inLanguage":"es"},{"@type":"Organization","@id":"https:\/\/pagani-design.eu\/de\/#organization","name":"Pagani Design","alternateName":"Pagani Design","url":"https:\/\/pagani-design.eu\/de\/","logo":{"@type":"ImageObject","inLanguage":"es","@id":"https:\/\/pagani-design.eu\/de\/#\/schema\/logo\/image\/","url":"https:\/\/pagani-design.eu\/wp-content\/uploads\/2022\/01\/Montre-robuste-1.png","contentUrl":"https:\/\/pagani-design.eu\/wp-content\/uploads\/2022\/01\/Montre-robuste-1.png","width":750,"height":259,"caption":"Pagani Design"},"image":{"@id":"https:\/\/pagani-design.eu\/de\/#\/schema\/logo\/image\/"},"sameAs":["https:\/\/www.facebook.com\/profile.php?id=61561029376509","https:\/\/www.instagram.com\/pagani_design.fr","https:\/\/www.tiktok.com\/@pagani_design.fr"]}]}},"_links":{"self":[{"href":"https:\/\/pagani-design.eu\/es\/wp-json\/wp\/v2\/product\/22061","targetHints":{"allow":["GET"]}}],"collection":[{"href":"https:\/\/pagani-design.eu\/es\/wp-json\/wp\/v2\/product"}],"about":[{"href":"https:\/\/pagani-design.eu\/es\/wp-json\/wp\/v2\/types\/product"}],"version-history":[{"count":1,"href":"https:\/\/pagani-design.eu\/es\/wp-json\/wp\/v2\/product\/22061\/revisions"}],"predecessor-version":[{"id":27062,"href":"https:\/\/pagani-design.eu\/es\/wp-json\/wp\/v2\/product\/22061\/revisions\/27062"}],"wp:featuredmedia":[{"embeddable":true,"href":"https:\/\/pagani-design.eu\/es\/wp-json\/wp\/v2\/media\/22105"}],"wp:attachment":[{"href":"https:\/\/pagani-design.eu\/es\/wp-json\/wp\/v2\/media?parent=22061"}],"wp:term":[{"taxonomy":"product_brand","embeddable":true,"href":"https:\/\/pagani-design.eu\/es\/wp-json\/wp\/v2\/product_brand?post=22061"},{"taxonomy":"product_cat","embeddable":true,"href":"https:\/\/pagani-design.eu\/es\/wp-json\/wp\/v2\/product_cat?post=22061"},{"taxonomy":"product_tag","embeddable":true,"href":"https:\/\/pagani-design.eu\/es\/wp-json\/wp\/v2\/product_tag?post=22061"}],"curies":[{"name":"wp","href":"https:\/\/api.w.org\/{rel}","templated":true}]}}