{"id":22276,"date":"2024-06-23T13:57:58","date_gmt":"2024-06-23T13:57:58","guid":{"rendered":"https:\/\/pagani-design.eu\/?post_type=product&#038;p=22276"},"modified":"2026-01-30T08:29:18","modified_gmt":"2026-01-30T08:29:18","slug":"pagani-diseno-1639-oro","status":"publish","type":"product","link":"https:\/\/pagani-design.eu\/es\/productos\/pagani-diseno-1639-oro\/","title":{"rendered":"PAGANI DESIGN 1639 Oro"},"content":{"rendered":"<h3>Caracter\u00edsticas del producto<\/h3>\n<p><strong>PAGANI DESIGN 1639 Oro<\/strong><\/p>\n<ul>\n<li>Peso : 162 g<\/li>\n<li>Di\u00e1metro de la carcasa: 43 mm<\/li>\n<li>Ancho de la carcasa: 13 mm<\/li>\n<li>Mat\u00e9riau : Acier inoxydable 316L<\/li>\n<li>Couronne : Enroul\u00e9e<\/li>\n<li>Verre : Verre saphir avec rev\u00eatement dur, r\u00e9sistant aux rayures et avec traitement antireflet<\/li>\n<li>Indicaci\u00f3n suplementaria : D\u00eda del mes a la posici\u00f3n de 3 horas<\/li>\n<li>\u00c9tanch\u00e9it\u00e9 : Jusqu'\u00e0 10 bars<\/li>\n<li>Movimiento : Autom\u00e1tico japon\u00e9s NH35A, con 41 horas de reserva de marcha<\/li>\n<li>Tama\u00f1o de la pulsera : 21 mm<\/li>\n<li>Longitud de la pulsera : 22 cm<\/li>\n<\/ul>\n<p>Le invitamos a descubrir nuestros art\u00edculos <strong><a target=\"_new\" rel=\"noreferrer noopener\">Automatismos<\/a><\/strong> et <strong><a href=\"https:\/\/pagani-design.eu\/es\/colecciones\/los-mas-vendidos\/\" target=\"_new\" rel=\"noreferrer noopener\">Mejores ventas<\/a><\/strong> para ver todos los modelos que proponemos.<\/p>","protected":false},"excerpt":{"rendered":"<ul style=\"list-style-type: none; padding: 0;\">\n<li style=\"display: flex; align-items: center; margin-bottom: 8px; line-height: 1;\"><span style=\"font-family: arial, helvetica, sans-serif;\"><img decoding=\"async\" style=\"width: 15px; height: 15px; margin-right: 8px; vertical-align: middle;\" src=\"https:\/\/pagani-design.eu\/wp-content\/uploads\/2024\/10\/Check-icon.png\" alt=\"icono de control\" \/><br \/>\n<\/span><br \/>\n<span style=\"display: inline-block; vertical-align: middle; font-family: arial, helvetica, sans-serif; color: black;\">Bo\u00eetier en acier inoxydable 316L<br \/>\n<\/span><\/li>\n<li style=\"display: flex; align-items: center; margin-bottom: 8px; line-height: 1;\"><span style=\"font-family: arial, helvetica, sans-serif;\"><img decoding=\"async\" style=\"width: 15px; height: 15px; margin-right: 8px; vertical-align: middle;\" src=\"https:\/\/pagani-design.eu\/wp-content\/uploads\/2024\/10\/Check-icon.png\" alt=\"icono de control\" \/><br \/>\n<\/span><br \/>\n<span style=\"display: inline-block; vertical-align: middle; font-family: arial, helvetica, sans-serif; color: black;\">Verre saphir antireflet<br \/>\n<\/span><\/li>\n<li style=\"display: flex; align-items: center; line-height: 1;\"><span style=\"font-family: arial, helvetica, sans-serif;\"><img decoding=\"async\" style=\"width: 15px; height: 15px; margin-right: 8px; vertical-align: middle;\" src=\"https:\/\/pagani-design.eu\/wp-content\/uploads\/2024\/10\/Check-icon.png\" alt=\"icono de control\" \/><br \/>\n<\/span><br \/>\n<span style=\"display: inline-block; vertical-align: middle; font-family: arial, helvetica, sans-serif; color: black;\">Movimiento autom\u00e1tico<\/span><\/li>\n<\/ul>","protected":false},"featured_media":26868,"template":"","meta":[],"product_brand":[],"product_cat":[344,345,367,343],"product_tag":[350,353,336,337,338],"class_list":{"0":"post-22276","1":"product","2":"type-product","3":"status-publish","4":"has-post-thumbnail","6":"product_cat-montre-pagani-homme","7":"product_cat-meilleurs-ventes","8":"product_cat-montre-pagani-design-automatique","9":"product_cat-nouveautes","10":"product_tag-10bar","11":"product_tag-43mm","12":"product_tag-automatico","13":"product_tag-homme","14":"product_tag-seiko","16":"first","17":"instock","18":"taxable","19":"shipping-taxable","20":"purchasable","21":"product-type-variable","22":"has-default-attributes"},"yoast_head":"<!-- This site is optimized with the Yoast SEO plugin v26.1.1 - https:\/\/yoast.com\/wordpress\/plugins\/seo\/ -->\n<title>PAGANI DESIGN 1639 Gold - Pagani Design<\/title>\n<meta name=\"description\" content=\"PAGANI DESIGN 1639 Gold : une montre luxueuse au design dor\u00e9, alliant \u00e9l\u00e9gance et pr\u00e9cision. Parfaite pour ceux qui recherchent un style raffin\u00e9.\" \/>\n<meta name=\"robots\" content=\"index, follow, max-snippet:-1, max-image-preview:large, max-video-preview:-1\" \/>\n<link rel=\"canonical\" href=\"https:\/\/pagani-design.eu\/es\/productos\/pagani-diseno-1639-oro\/\" \/>\n<meta property=\"og:locale\" content=\"es_ES\" \/>\n<meta property=\"og:type\" content=\"article\" \/>\n<meta property=\"og:title\" content=\"PAGANI DESIGN 1639 Gold - Pagani Design\" \/>\n<meta property=\"og:description\" content=\"PAGANI DESIGN 1639 Gold : une montre luxueuse au design dor\u00e9, alliant \u00e9l\u00e9gance et pr\u00e9cision. Parfaite pour ceux qui recherchent un style raffin\u00e9.\" \/>\n<meta property=\"og:url\" content=\"https:\/\/pagani-design.eu\/es\/productos\/pagani-diseno-1639-oro\/\" \/>\n<meta property=\"og:site_name\" content=\"Pagani Design\" \/>\n<meta property=\"article:publisher\" content=\"https:\/\/www.facebook.com\/profile.php?id=61561029376509\" \/>\n<meta property=\"article:modified_time\" content=\"2026-01-30T08:29:18+00:00\" \/>\n<meta property=\"og:image\" content=\"https:\/\/pagani-design.eu\/wp-content\/uploads\/2024\/06\/Images-de-variantes-SKU_02.png\" \/>\n\t<meta property=\"og:image:width\" content=\"700\" \/>\n\t<meta property=\"og:image:height\" content=\"752\" \/>\n\t<meta property=\"og:image:type\" content=\"image\/png\" \/>\n<meta name=\"twitter:card\" content=\"summary_large_image\" \/>\n<meta name=\"twitter:label1\" content=\"Tiempo de lectura\" \/>\n\t<meta name=\"twitter:data1\" content=\"1 minuto\" \/>\n<script type=\"application\/ld+json\" class=\"yoast-schema-graph\">{\"@context\":\"https:\/\/schema.org\",\"@graph\":[{\"@type\":\"WebPage\",\"@id\":\"https:\/\/pagani-design.eu\/products\/pagani-design-1639-gold\/\",\"url\":\"https:\/\/pagani-design.eu\/products\/pagani-design-1639-gold\/\",\"name\":\"PAGANI DESIGN 1639 Gold - Pagani Design\",\"isPartOf\":{\"@id\":\"https:\/\/pagani-design.eu\/de\/#website\"},\"primaryImageOfPage\":{\"@id\":\"https:\/\/pagani-design.eu\/products\/pagani-design-1639-gold\/#primaryimage\"},\"image\":{\"@id\":\"https:\/\/pagani-design.eu\/products\/pagani-design-1639-gold\/#primaryimage\"},\"thumbnailUrl\":\"https:\/\/pagani-design.eu\/wp-content\/uploads\/2024\/06\/Images-de-variantes-SKU_02.png\",\"datePublished\":\"2024-06-23T13:57:58+00:00\",\"dateModified\":\"2026-01-30T08:29:18+00:00\",\"description\":\"PAGANI DESIGN 1639 Gold : une montre luxueuse au design dor\u00e9, alliant \u00e9l\u00e9gance et pr\u00e9cision. Parfaite pour ceux qui recherchent un style raffin\u00e9.\",\"breadcrumb\":{\"@id\":\"https:\/\/pagani-design.eu\/products\/pagani-design-1639-gold\/#breadcrumb\"},\"inLanguage\":\"es\",\"potentialAction\":[{\"@type\":\"ReadAction\",\"target\":[\"https:\/\/pagani-design.eu\/products\/pagani-design-1639-gold\/\"]}]},{\"@type\":\"ImageObject\",\"inLanguage\":\"es\",\"@id\":\"https:\/\/pagani-design.eu\/products\/pagani-design-1639-gold\/#primaryimage\",\"url\":\"https:\/\/pagani-design.eu\/wp-content\/uploads\/2024\/06\/Images-de-variantes-SKU_02.png\",\"contentUrl\":\"https:\/\/pagani-design.eu\/wp-content\/uploads\/2024\/06\/Images-de-variantes-SKU_02.png\",\"width\":700,\"height\":752,\"caption\":\"PAGANI DESIGN 1639 bleu\"},{\"@type\":\"BreadcrumbList\",\"@id\":\"https:\/\/pagani-design.eu\/products\/pagani-design-1639-gold\/#breadcrumb\",\"itemListElement\":[{\"@type\":\"ListItem\",\"position\":1,\"name\":\"Accueil\",\"item\":\"https:\/\/pagani-design.eu\/\"},{\"@type\":\"ListItem\",\"position\":2,\"name\":\"Shop\",\"item\":\"https:\/\/pagani-design.eu\/de\/shop\/\"},{\"@type\":\"ListItem\",\"position\":3,\"name\":\"PAGANI DESIGN 1639 Gold\"}]},{\"@type\":\"WebSite\",\"@id\":\"https:\/\/pagani-design.eu\/de\/#website\",\"url\":\"https:\/\/pagani-design.eu\/de\/\",\"name\":\"Pagani Design\",\"description\":\"Pagani Design\",\"publisher\":{\"@id\":\"https:\/\/pagani-design.eu\/de\/#organization\"},\"alternateName\":\"Pagani Design\",\"potentialAction\":[{\"@type\":\"SearchAction\",\"target\":{\"@type\":\"EntryPoint\",\"urlTemplate\":\"https:\/\/pagani-design.eu\/de\/?s={search_term_string}\"},\"query-input\":{\"@type\":\"PropertyValueSpecification\",\"valueRequired\":true,\"valueName\":\"search_term_string\"}}],\"inLanguage\":\"es\"},{\"@type\":\"Organization\",\"@id\":\"https:\/\/pagani-design.eu\/de\/#organization\",\"name\":\"Pagani Design\",\"alternateName\":\"Pagani Design\",\"url\":\"https:\/\/pagani-design.eu\/de\/\",\"logo\":{\"@type\":\"ImageObject\",\"inLanguage\":\"es\",\"@id\":\"https:\/\/pagani-design.eu\/de\/#\/schema\/logo\/image\/\",\"url\":\"https:\/\/pagani-design.eu\/wp-content\/uploads\/2022\/01\/Montre-robuste-1.png\",\"contentUrl\":\"https:\/\/pagani-design.eu\/wp-content\/uploads\/2022\/01\/Montre-robuste-1.png\",\"width\":750,\"height\":259,\"caption\":\"Pagani Design\"},\"image\":{\"@id\":\"https:\/\/pagani-design.eu\/de\/#\/schema\/logo\/image\/\"},\"sameAs\":[\"https:\/\/www.facebook.com\/profile.php?id=61561029376509\",\"https:\/\/www.instagram.com\/pagani_design.fr\",\"https:\/\/www.tiktok.com\/@pagani_design.fr\"]}]}<\/script>\n<!-- \/ Yoast SEO plugin. -->","yoast_head_json":{"title":"PAGANI DESIGN 1639 Oro - Pagani Design","description":"PAGANI DESIGN 1639 Gold: una montura de lujo con dise\u00f1o dorado, elegante y precisa. Ideal para quienes buscan un estilo refinado.","robots":{"index":"index","follow":"follow","max-snippet":"max-snippet:-1","max-image-preview":"max-image-preview:large","max-video-preview":"max-video-preview:-1"},"canonical":"https:\/\/pagani-design.eu\/es\/productos\/pagani-diseno-1639-oro\/","og_locale":"es_ES","og_type":"article","og_title":"PAGANI DESIGN 1639 Gold - Pagani Design","og_description":"PAGANI DESIGN 1639 Gold : une montre luxueuse au design dor\u00e9, alliant \u00e9l\u00e9gance et pr\u00e9cision. Parfaite pour ceux qui recherchent un style raffin\u00e9.","og_url":"https:\/\/pagani-design.eu\/es\/productos\/pagani-diseno-1639-oro\/","og_site_name":"Pagani Design","article_publisher":"https:\/\/www.facebook.com\/profile.php?id=61561029376509","article_modified_time":"2026-01-30T08:29:18+00:00","og_image":[{"width":700,"height":752,"url":"https:\/\/pagani-design.eu\/wp-content\/uploads\/2024\/06\/Images-de-variantes-SKU_02.png","type":"image\/png"}],"twitter_card":"summary_large_image","twitter_misc":{"Tiempo de lectura":"1 minuto"},"schema":{"@context":"https:\/\/schema.org","@graph":[{"@type":"WebPage","@id":"https:\/\/pagani-design.eu\/products\/pagani-design-1639-gold\/","url":"https:\/\/pagani-design.eu\/products\/pagani-design-1639-gold\/","name":"PAGANI DESIGN 1639 Oro - Pagani Design","isPartOf":{"@id":"https:\/\/pagani-design.eu\/de\/#website"},"primaryImageOfPage":{"@id":"https:\/\/pagani-design.eu\/products\/pagani-design-1639-gold\/#primaryimage"},"image":{"@id":"https:\/\/pagani-design.eu\/products\/pagani-design-1639-gold\/#primaryimage"},"thumbnailUrl":"https:\/\/pagani-design.eu\/wp-content\/uploads\/2024\/06\/Images-de-variantes-SKU_02.png","datePublished":"2024-06-23T13:57:58+00:00","dateModified":"2026-01-30T08:29:18+00:00","description":"PAGANI DESIGN 1639 Gold: una montura de lujo con dise\u00f1o dorado, elegante y precisa. Ideal para quienes buscan un estilo refinado.","breadcrumb":{"@id":"https:\/\/pagani-design.eu\/products\/pagani-design-1639-gold\/#breadcrumb"},"inLanguage":"es","potentialAction":[{"@type":"ReadAction","target":["https:\/\/pagani-design.eu\/products\/pagani-design-1639-gold\/"]}]},{"@type":"ImageObject","inLanguage":"es","@id":"https:\/\/pagani-design.eu\/products\/pagani-design-1639-gold\/#primaryimage","url":"https:\/\/pagani-design.eu\/wp-content\/uploads\/2024\/06\/Images-de-variantes-SKU_02.png","contentUrl":"https:\/\/pagani-design.eu\/wp-content\/uploads\/2024\/06\/Images-de-variantes-SKU_02.png","width":700,"height":752,"caption":"PAGANI DESIGN 1639 bleu"},{"@type":"BreadcrumbList","@id":"https:\/\/pagani-design.eu\/products\/pagani-design-1639-gold\/#breadcrumb","itemListElement":[{"@type":"ListItem","position":1,"name":"Accueil","item":"https:\/\/pagani-design.eu\/"},{"@type":"ListItem","position":2,"name":"Shop","item":"https:\/\/pagani-design.eu\/de\/shop\/"},{"@type":"ListItem","position":3,"name":"PAGANI DESIGN 1639 Gold"}]},{"@type":"WebSite","@id":"https:\/\/pagani-design.eu\/de\/#website","url":"https:\/\/pagani-design.eu\/de\/","name":"Pagani Design","description":"Pagani Design","publisher":{"@id":"https:\/\/pagani-design.eu\/de\/#organization"},"alternateName":"Pagani Design","potentialAction":[{"@type":"SearchAction","target":{"@type":"EntryPoint","urlTemplate":"https:\/\/pagani-design.eu\/de\/?s={search_term_string}"},"query-input":{"@type":"PropertyValueSpecification","valueRequired":true,"valueName":"search_term_string"}}],"inLanguage":"es"},{"@type":"Organization","@id":"https:\/\/pagani-design.eu\/de\/#organization","name":"Pagani Design","alternateName":"Pagani Design","url":"https:\/\/pagani-design.eu\/de\/","logo":{"@type":"ImageObject","inLanguage":"es","@id":"https:\/\/pagani-design.eu\/de\/#\/schema\/logo\/image\/","url":"https:\/\/pagani-design.eu\/wp-content\/uploads\/2022\/01\/Montre-robuste-1.png","contentUrl":"https:\/\/pagani-design.eu\/wp-content\/uploads\/2022\/01\/Montre-robuste-1.png","width":750,"height":259,"caption":"Pagani Design"},"image":{"@id":"https:\/\/pagani-design.eu\/de\/#\/schema\/logo\/image\/"},"sameAs":["https:\/\/www.facebook.com\/profile.php?id=61561029376509","https:\/\/www.instagram.com\/pagani_design.fr","https:\/\/www.tiktok.com\/@pagani_design.fr"]}]}},"_links":{"self":[{"href":"https:\/\/pagani-design.eu\/es\/wp-json\/wp\/v2\/product\/22276","targetHints":{"allow":["GET"]}}],"collection":[{"href":"https:\/\/pagani-design.eu\/es\/wp-json\/wp\/v2\/product"}],"about":[{"href":"https:\/\/pagani-design.eu\/es\/wp-json\/wp\/v2\/types\/product"}],"version-history":[{"count":1,"href":"https:\/\/pagani-design.eu\/es\/wp-json\/wp\/v2\/product\/22276\/revisions"}],"predecessor-version":[{"id":27056,"href":"https:\/\/pagani-design.eu\/es\/wp-json\/wp\/v2\/product\/22276\/revisions\/27056"}],"wp:featuredmedia":[{"embeddable":true,"href":"https:\/\/pagani-design.eu\/es\/wp-json\/wp\/v2\/media\/26868"}],"wp:attachment":[{"href":"https:\/\/pagani-design.eu\/es\/wp-json\/wp\/v2\/media?parent=22276"}],"wp:term":[{"taxonomy":"product_brand","embeddable":true,"href":"https:\/\/pagani-design.eu\/es\/wp-json\/wp\/v2\/product_brand?post=22276"},{"taxonomy":"product_cat","embeddable":true,"href":"https:\/\/pagani-design.eu\/es\/wp-json\/wp\/v2\/product_cat?post=22276"},{"taxonomy":"product_tag","embeddable":true,"href":"https:\/\/pagani-design.eu\/es\/wp-json\/wp\/v2\/product_tag?post=22276"}],"curies":[{"name":"wp","href":"https:\/\/api.w.org\/{rel}","templated":true}]}}