{"id":22361,"date":"2024-06-23T14:10:28","date_gmt":"2024-06-23T14:10:28","guid":{"rendered":"https:\/\/pagani-design.eu\/?post_type=product&#038;p=22361"},"modified":"2026-01-30T08:29:18","modified_gmt":"2026-01-30T08:29:18","slug":"diseno-pagani-1653","status":"publish","type":"product","link":"https:\/\/pagani-design.eu\/es\/productos\/diseno-pagani-1653\/","title":{"rendered":"DISE\u00d1O PAGANI 1653"},"content":{"rendered":"<h3>Caracter\u00edsticas del producto<\/h3>\n<p><strong>DISE\u00d1O PAGANI 1653<\/strong><\/p>\n<div class=\"group\/conversation-turn relative flex w-full min-w-0 flex-col agent-turn\">\n<div class=\"flex-col gap-1 md:gap-3\">\n<div class=\"flex flex-grow flex-col max-w-full\">\n<div class=\"min-h-[20px] text-message flex flex-col items-start whitespace-pre-wrap break-words [.text-message+&amp;]:mt-5 juice:w-full juice:items-end overflow-x-auto gap-2\" dir=\"auto\" data-message-author-role=\"assistant\" data-message-id=\"54159c2a-47ac-44c0-b467-740dc85022a6\">\n<div class=\"flex w-full flex-col gap-1 juice:empty:hidden juice:first:pt-[3px]\">\n<div class=\"markdown prose w-full break-words dark:prose-invert light\">\n<ul>\n<li>Peso : 144 g<\/li>\n<li>Di\u00e1metro de la carcasa: 40 mm<\/li>\n<li>Ancho de la carcasa: 12 mm<\/li>\n<li>Mat\u00e9riau : Acier inoxydable 316L<\/li>\n<li>Couronne : Enroul\u00e9e<\/li>\n<li>Verre : Verre saphir avec rev\u00eatement dur, r\u00e9sistant aux rayures et avec traitement antireflet<\/li>\n<li>Resistencia al agua : 100 M \/ 10 BAR<\/li>\n<li>Movimiento : Hangzhou 2196A<\/li>\n<li>Tama\u00f1o de la pulsera : 20 mm<\/li>\n<li>Longitud de la pulsera : 22 cm<\/li>\n<\/ul>\n<p>Este modelo forma parte de nuestras colecciones <strong><a target=\"_new\" rel=\"noreferrer noopener\">Automatismos<\/a><\/strong>, <strong><a href=\"https:\/\/pagani-design.eu\/es\/colecciones\/reloj-pagani-para-hombre\/\" target=\"_new\" rel=\"noreferrer noopener\">Homme<\/a><\/strong> et <strong><a target=\"_new\" rel=\"noreferrer noopener\">Novedades<\/a><\/strong>, Si\u00e9ntete como en casa.<\/p>\n<\/div>\n<\/div>\n<\/div>\n<\/div>\n<\/div>\n<\/div>","protected":false},"excerpt":{"rendered":"<ul style=\"list-style-type: none; padding: 0;\">\n<li style=\"display: flex; align-items: center; margin-bottom: 8px; line-height: 1;\"><span style=\"font-family: arial, helvetica, sans-serif;\"><img decoding=\"async\" style=\"width: 15px; height: 15px; margin-right: 8px; vertical-align: middle;\" src=\"https:\/\/pagani-design.eu\/wp-content\/uploads\/2024\/10\/Check-icon.png\" alt=\"icono de control\" \/><br \/>\n<\/span><br \/>\n<span style=\"display: inline-block; vertical-align: middle; font-family: arial, helvetica, sans-serif; color: black;\">Bo\u00eetier 40 mm en acier 316L<\/span><\/li>\n<li style=\"display: flex; align-items: center; margin-bottom: 8px; line-height: 1;\"><span style=\"font-family: arial, helvetica, sans-serif;\"><img decoding=\"async\" style=\"width: 15px; height: 15px; margin-right: 8px; vertical-align: middle;\" src=\"https:\/\/pagani-design.eu\/wp-content\/uploads\/2024\/10\/Check-icon.png\" alt=\"icono de control\" \/><br \/>\n<\/span><br \/>\n<span style=\"display: inline-block; vertical-align: middle; font-family: arial, helvetica, sans-serif; color: black;\">Verre saphir antireflet<br \/>\n<\/span><\/li>\n<li style=\"display: flex; align-items: center; line-height: 1;\"><span style=\"font-family: arial, helvetica, sans-serif;\"><img decoding=\"async\" style=\"width: 15px; height: 15px; margin-right: 8px; vertical-align: middle;\" src=\"https:\/\/pagani-design.eu\/wp-content\/uploads\/2024\/10\/Check-icon.png\" alt=\"icono de control\" \/><br \/>\n<\/span><br \/>\n<span style=\"display: inline-block; vertical-align: middle; font-family: arial, helvetica, sans-serif; color: black;\">\u00c9tanch\u00e9it\u00e9 10 bares<\/span><\/li>\n<\/ul>","protected":false},"featured_media":26866,"template":"","meta":[],"product_brand":[],"product_cat":[344,367,343,349],"product_tag":[350,327,335,336,337],"class_list":{"0":"post-22361","1":"product","2":"type-product","3":"status-publish","4":"has-post-thumbnail","6":"product_cat-montre-pagani-homme","7":"product_cat-montre-pagani-design-automatique","8":"product_cat-nouveautes","9":"product_cat-speedmaster","10":"product_tag-10bar","11":"product_tag-20mm","12":"product_tag-40mm","13":"product_tag-automatico","14":"product_tag-homme","16":"first","17":"instock","18":"taxable","19":"shipping-taxable","20":"purchasable","21":"product-type-variable","22":"has-default-attributes"},"yoast_head":"<!-- This site is optimized with the Yoast SEO plugin v26.1.1 - https:\/\/yoast.com\/wordpress\/plugins\/seo\/ -->\n<title>PAGANI DESIGN 1653 - Pagani Design<\/title>\n<meta name=\"description\" content=\"PAGANI DESIGN 1653 : une montre classique et sophistiqu\u00e9e, combinant \u00e9l\u00e9gance et performance. Id\u00e9ale pour ceux qui appr\u00e9cient le style intemporel.\" \/>\n<meta name=\"robots\" content=\"index, follow, max-snippet:-1, max-image-preview:large, max-video-preview:-1\" \/>\n<link rel=\"canonical\" href=\"https:\/\/pagani-design.eu\/es\/productos\/diseno-pagani-1653\/\" \/>\n<meta property=\"og:locale\" content=\"es_ES\" \/>\n<meta property=\"og:type\" content=\"article\" \/>\n<meta property=\"og:title\" content=\"PAGANI DESIGN 1653 - Pagani Design\" \/>\n<meta property=\"og:description\" content=\"PAGANI DESIGN 1653 : une montre classique et sophistiqu\u00e9e, combinant \u00e9l\u00e9gance et performance. Id\u00e9ale pour ceux qui appr\u00e9cient le style intemporel.\" \/>\n<meta property=\"og:url\" content=\"https:\/\/pagani-design.eu\/es\/productos\/diseno-pagani-1653\/\" \/>\n<meta property=\"og:site_name\" content=\"Pagani Design\" \/>\n<meta property=\"article:publisher\" content=\"https:\/\/www.facebook.com\/profile.php?id=61561029376509\" \/>\n<meta property=\"article:modified_time\" content=\"2026-01-30T08:29:18+00:00\" \/>\n<meta property=\"og:image\" content=\"https:\/\/pagani-design.eu\/wp-content\/uploads\/2024\/06\/Images-de-variantes-SKU_04.jpg\" \/>\n\t<meta property=\"og:image:width\" content=\"1900\" \/>\n\t<meta property=\"og:image:height\" content=\"1900\" \/>\n\t<meta property=\"og:image:type\" content=\"image\/jpeg\" \/>\n<meta name=\"twitter:card\" content=\"summary_large_image\" \/>\n<meta name=\"twitter:label1\" content=\"Tiempo de lectura\" \/>\n\t<meta name=\"twitter:data1\" content=\"1 minuto\" \/>\n<script type=\"application\/ld+json\" class=\"yoast-schema-graph\">{\"@context\":\"https:\/\/schema.org\",\"@graph\":[{\"@type\":\"WebPage\",\"@id\":\"https:\/\/pagani-design.eu\/products\/pagani-design-1653\/\",\"url\":\"https:\/\/pagani-design.eu\/products\/pagani-design-1653\/\",\"name\":\"PAGANI DESIGN 1653 - Pagani Design\",\"isPartOf\":{\"@id\":\"https:\/\/pagani-design.eu\/de\/#website\"},\"primaryImageOfPage\":{\"@id\":\"https:\/\/pagani-design.eu\/products\/pagani-design-1653\/#primaryimage\"},\"image\":{\"@id\":\"https:\/\/pagani-design.eu\/products\/pagani-design-1653\/#primaryimage\"},\"thumbnailUrl\":\"https:\/\/pagani-design.eu\/wp-content\/uploads\/2024\/06\/Images-de-variantes-SKU_04.jpg\",\"datePublished\":\"2024-06-23T14:10:28+00:00\",\"dateModified\":\"2026-01-30T08:29:18+00:00\",\"description\":\"PAGANI DESIGN 1653 : une montre classique et sophistiqu\u00e9e, combinant \u00e9l\u00e9gance et performance. Id\u00e9ale pour ceux qui appr\u00e9cient le style intemporel.\",\"breadcrumb\":{\"@id\":\"https:\/\/pagani-design.eu\/products\/pagani-design-1653\/#breadcrumb\"},\"inLanguage\":\"es\",\"potentialAction\":[{\"@type\":\"ReadAction\",\"target\":[\"https:\/\/pagani-design.eu\/products\/pagani-design-1653\/\"]}]},{\"@type\":\"ImageObject\",\"inLanguage\":\"es\",\"@id\":\"https:\/\/pagani-design.eu\/products\/pagani-design-1653\/#primaryimage\",\"url\":\"https:\/\/pagani-design.eu\/wp-content\/uploads\/2024\/06\/Images-de-variantes-SKU_04.jpg\",\"contentUrl\":\"https:\/\/pagani-design.eu\/wp-content\/uploads\/2024\/06\/Images-de-variantes-SKU_04.jpg\",\"width\":1900,\"height\":1900,\"caption\":\"PAGANI DESIGN 1653 arc noir\"},{\"@type\":\"BreadcrumbList\",\"@id\":\"https:\/\/pagani-design.eu\/products\/pagani-design-1653\/#breadcrumb\",\"itemListElement\":[{\"@type\":\"ListItem\",\"position\":1,\"name\":\"Accueil\",\"item\":\"https:\/\/pagani-design.eu\/\"},{\"@type\":\"ListItem\",\"position\":2,\"name\":\"Shop\",\"item\":\"https:\/\/pagani-design.eu\/de\/shop\/\"},{\"@type\":\"ListItem\",\"position\":3,\"name\":\"PAGANI DESIGN 1653\"}]},{\"@type\":\"WebSite\",\"@id\":\"https:\/\/pagani-design.eu\/de\/#website\",\"url\":\"https:\/\/pagani-design.eu\/de\/\",\"name\":\"Pagani Design\",\"description\":\"Pagani Design\",\"publisher\":{\"@id\":\"https:\/\/pagani-design.eu\/de\/#organization\"},\"alternateName\":\"Pagani Design\",\"potentialAction\":[{\"@type\":\"SearchAction\",\"target\":{\"@type\":\"EntryPoint\",\"urlTemplate\":\"https:\/\/pagani-design.eu\/de\/?s={search_term_string}\"},\"query-input\":{\"@type\":\"PropertyValueSpecification\",\"valueRequired\":true,\"valueName\":\"search_term_string\"}}],\"inLanguage\":\"es\"},{\"@type\":\"Organization\",\"@id\":\"https:\/\/pagani-design.eu\/de\/#organization\",\"name\":\"Pagani Design\",\"alternateName\":\"Pagani Design\",\"url\":\"https:\/\/pagani-design.eu\/de\/\",\"logo\":{\"@type\":\"ImageObject\",\"inLanguage\":\"es\",\"@id\":\"https:\/\/pagani-design.eu\/de\/#\/schema\/logo\/image\/\",\"url\":\"https:\/\/pagani-design.eu\/wp-content\/uploads\/2022\/01\/Montre-robuste-1.png\",\"contentUrl\":\"https:\/\/pagani-design.eu\/wp-content\/uploads\/2022\/01\/Montre-robuste-1.png\",\"width\":750,\"height\":259,\"caption\":\"Pagani Design\"},\"image\":{\"@id\":\"https:\/\/pagani-design.eu\/de\/#\/schema\/logo\/image\/\"},\"sameAs\":[\"https:\/\/www.facebook.com\/profile.php?id=61561029376509\",\"https:\/\/www.instagram.com\/pagani_design.fr\",\"https:\/\/www.tiktok.com\/@pagani_design.fr\"]}]}<\/script>\n<!-- \/ Yoast SEO plugin. -->","yoast_head_json":{"title":"DISE\u00d1O PAGANI 1653 - Pagani Design","description":"PAGANI DESIGN 1653: una montura cl\u00e1sica y sofisticada que combina elegancia y rendimiento. Ideal para quienes aprecian el estilo intemporal.","robots":{"index":"index","follow":"follow","max-snippet":"max-snippet:-1","max-image-preview":"max-image-preview:large","max-video-preview":"max-video-preview:-1"},"canonical":"https:\/\/pagani-design.eu\/es\/productos\/diseno-pagani-1653\/","og_locale":"es_ES","og_type":"article","og_title":"PAGANI DESIGN 1653 - Pagani Design","og_description":"PAGANI DESIGN 1653 : une montre classique et sophistiqu\u00e9e, combinant \u00e9l\u00e9gance et performance. Id\u00e9ale pour ceux qui appr\u00e9cient le style intemporel.","og_url":"https:\/\/pagani-design.eu\/es\/productos\/diseno-pagani-1653\/","og_site_name":"Pagani Design","article_publisher":"https:\/\/www.facebook.com\/profile.php?id=61561029376509","article_modified_time":"2026-01-30T08:29:18+00:00","og_image":[{"width":1900,"height":1900,"url":"https:\/\/pagani-design.eu\/wp-content\/uploads\/2024\/06\/Images-de-variantes-SKU_04.jpg","type":"image\/jpeg"}],"twitter_card":"summary_large_image","twitter_misc":{"Tiempo de lectura":"1 minuto"},"schema":{"@context":"https:\/\/schema.org","@graph":[{"@type":"WebPage","@id":"https:\/\/pagani-design.eu\/products\/pagani-design-1653\/","url":"https:\/\/pagani-design.eu\/products\/pagani-design-1653\/","name":"DISE\u00d1O PAGANI 1653 - Pagani Design","isPartOf":{"@id":"https:\/\/pagani-design.eu\/de\/#website"},"primaryImageOfPage":{"@id":"https:\/\/pagani-design.eu\/products\/pagani-design-1653\/#primaryimage"},"image":{"@id":"https:\/\/pagani-design.eu\/products\/pagani-design-1653\/#primaryimage"},"thumbnailUrl":"https:\/\/pagani-design.eu\/wp-content\/uploads\/2024\/06\/Images-de-variantes-SKU_04.jpg","datePublished":"2024-06-23T14:10:28+00:00","dateModified":"2026-01-30T08:29:18+00:00","description":"PAGANI DESIGN 1653: una montura cl\u00e1sica y sofisticada que combina elegancia y rendimiento. Ideal para quienes aprecian el estilo intemporal.","breadcrumb":{"@id":"https:\/\/pagani-design.eu\/products\/pagani-design-1653\/#breadcrumb"},"inLanguage":"es","potentialAction":[{"@type":"ReadAction","target":["https:\/\/pagani-design.eu\/products\/pagani-design-1653\/"]}]},{"@type":"ImageObject","inLanguage":"es","@id":"https:\/\/pagani-design.eu\/products\/pagani-design-1653\/#primaryimage","url":"https:\/\/pagani-design.eu\/wp-content\/uploads\/2024\/06\/Images-de-variantes-SKU_04.jpg","contentUrl":"https:\/\/pagani-design.eu\/wp-content\/uploads\/2024\/06\/Images-de-variantes-SKU_04.jpg","width":1900,"height":1900,"caption":"PAGANI DESIGN 1653 arc noir"},{"@type":"BreadcrumbList","@id":"https:\/\/pagani-design.eu\/products\/pagani-design-1653\/#breadcrumb","itemListElement":[{"@type":"ListItem","position":1,"name":"Accueil","item":"https:\/\/pagani-design.eu\/"},{"@type":"ListItem","position":2,"name":"Shop","item":"https:\/\/pagani-design.eu\/de\/shop\/"},{"@type":"ListItem","position":3,"name":"PAGANI DESIGN 1653"}]},{"@type":"WebSite","@id":"https:\/\/pagani-design.eu\/de\/#website","url":"https:\/\/pagani-design.eu\/de\/","name":"Pagani Design","description":"Pagani Design","publisher":{"@id":"https:\/\/pagani-design.eu\/de\/#organization"},"alternateName":"Pagani Design","potentialAction":[{"@type":"SearchAction","target":{"@type":"EntryPoint","urlTemplate":"https:\/\/pagani-design.eu\/de\/?s={search_term_string}"},"query-input":{"@type":"PropertyValueSpecification","valueRequired":true,"valueName":"search_term_string"}}],"inLanguage":"es"},{"@type":"Organization","@id":"https:\/\/pagani-design.eu\/de\/#organization","name":"Pagani Design","alternateName":"Pagani Design","url":"https:\/\/pagani-design.eu\/de\/","logo":{"@type":"ImageObject","inLanguage":"es","@id":"https:\/\/pagani-design.eu\/de\/#\/schema\/logo\/image\/","url":"https:\/\/pagani-design.eu\/wp-content\/uploads\/2022\/01\/Montre-robuste-1.png","contentUrl":"https:\/\/pagani-design.eu\/wp-content\/uploads\/2022\/01\/Montre-robuste-1.png","width":750,"height":259,"caption":"Pagani Design"},"image":{"@id":"https:\/\/pagani-design.eu\/de\/#\/schema\/logo\/image\/"},"sameAs":["https:\/\/www.facebook.com\/profile.php?id=61561029376509","https:\/\/www.instagram.com\/pagani_design.fr","https:\/\/www.tiktok.com\/@pagani_design.fr"]}]}},"_links":{"self":[{"href":"https:\/\/pagani-design.eu\/es\/wp-json\/wp\/v2\/product\/22361","targetHints":{"allow":["GET"]}}],"collection":[{"href":"https:\/\/pagani-design.eu\/es\/wp-json\/wp\/v2\/product"}],"about":[{"href":"https:\/\/pagani-design.eu\/es\/wp-json\/wp\/v2\/types\/product"}],"version-history":[{"count":1,"href":"https:\/\/pagani-design.eu\/es\/wp-json\/wp\/v2\/product\/22361\/revisions"}],"predecessor-version":[{"id":27053,"href":"https:\/\/pagani-design.eu\/es\/wp-json\/wp\/v2\/product\/22361\/revisions\/27053"}],"wp:featuredmedia":[{"embeddable":true,"href":"https:\/\/pagani-design.eu\/es\/wp-json\/wp\/v2\/media\/26866"}],"wp:attachment":[{"href":"https:\/\/pagani-design.eu\/es\/wp-json\/wp\/v2\/media?parent=22361"}],"wp:term":[{"taxonomy":"product_brand","embeddable":true,"href":"https:\/\/pagani-design.eu\/es\/wp-json\/wp\/v2\/product_brand?post=22361"},{"taxonomy":"product_cat","embeddable":true,"href":"https:\/\/pagani-design.eu\/es\/wp-json\/wp\/v2\/product_cat?post=22361"},{"taxonomy":"product_tag","embeddable":true,"href":"https:\/\/pagani-design.eu\/es\/wp-json\/wp\/v2\/product_tag?post=22361"}],"curies":[{"name":"wp","href":"https:\/\/api.w.org\/{rel}","templated":true}]}}