{"id":22560,"date":"2024-06-23T14:42:32","date_gmt":"2024-06-23T14:42:32","guid":{"rendered":"https:\/\/pagani-design.eu\/?post_type=product&#038;p=22560"},"modified":"2026-01-30T08:29:18","modified_gmt":"2026-01-30T08:29:18","slug":"diseno-pagani-1664","status":"publish","type":"product","link":"https:\/\/pagani-design.eu\/es\/productos\/diseno-pagani-1664\/","title":{"rendered":"DISE\u00d1O PAGANI 1664"},"content":{"rendered":"<h4>Caracter\u00edsticas del producto<\/h4>\n<p><strong>DISE\u00d1O PAGANI 1664<\/strong><\/p>\n<ul>\n<li>Poids : 95 g.<\/li>\n<li>Di\u00e1metro de la carcasa: 40 mm.<\/li>\n<li>\u00c9paisseur du bo\u00eetier : 12 mm.<\/li>\n<li>Mat\u00e9riau : Acier inoxydable 316L.<\/li>\n<li>Couronne : Enroul\u00e9e.<\/li>\n<li>Verre : Verre saphir avec rev\u00eatement dur, r\u00e9sistant aux rayures et avec traitement antireflet.<\/li>\n<li>Indicaci\u00f3n suplementaria : D\u00eda del mes entre las posiciones 4 y 5.<\/li>\n<li>\u00c9tanch\u00e9it\u00e9 : Jusqu'\u00e0 10 bars.<\/li>\n<li>Movimiento : Japon\u00e9s Seiko VK63 (Cuarzo).<\/li>\n<li>Tama\u00f1o de la pulsera: 20 mm.<\/li>\n<li>Longueur du bracelet : 25 cm.<\/li>\n<\/ul>\n<p>\u00bfLe gusta este producto? Descubra nuestro <strong><a href=\"https:\/\/pagani-design.eu\/es\/colecciones\/speedmaster\/\" target=\"_new\" rel=\"noreferrer noopener\">gama completa de relojes Speedmaster<\/a><\/strong> para m\u00e1s opciones, o explore nuestra <strong><a href=\"https:\/\/pagani-design.eu\/es\/colecciones\/reloj-pagani-para-hombre\/\" target=\"_new\" rel=\"noreferrer noopener\">colecci\u00f3n Homme<\/a><\/strong> et de <strong><a target=\"_new\" rel=\"noreferrer noopener\">Novedades<\/a><\/strong>.<\/p>","protected":false},"excerpt":{"rendered":"<ul style=\"list-style-type: none; padding: 0;\">\n<li style=\"display: flex; align-items: center; margin-bottom: 8px; line-height: 1;\"><span style=\"font-family: arial, helvetica, sans-serif;\"><img decoding=\"async\" style=\"width: 15px; height: 15px; margin-right: 8px; vertical-align: middle;\" src=\"https:\/\/pagani-design.eu\/wp-content\/uploads\/2024\/10\/Check-icon.png\" alt=\"icono de control\" \/><br \/>\n<\/span><br \/>\n<span style=\"display: inline-block; vertical-align: middle; font-family: arial, helvetica, sans-serif; color: black;\">Bo\u00eetier en acier inoxydable 316L<br \/>\n<\/span><\/li>\n<li style=\"display: flex; align-items: center; margin-bottom: 8px; line-height: 1;\"><span style=\"font-family: arial, helvetica, sans-serif;\"><img decoding=\"async\" style=\"width: 15px; height: 15px; margin-right: 8px; vertical-align: middle;\" src=\"https:\/\/pagani-design.eu\/wp-content\/uploads\/2024\/10\/Check-icon.png\" alt=\"icono de control\" \/><br \/>\n<\/span><br \/>\n<span style=\"display: inline-block; vertical-align: middle; font-family: arial, helvetica, sans-serif; color: black;\">Verre saphir antireflet<br \/>\n<\/span><\/li>\n<li style=\"display: flex; align-items: center; line-height: 1;\"><span style=\"font-family: arial, helvetica, sans-serif;\"><img decoding=\"async\" style=\"width: 15px; height: 15px; margin-right: 8px; vertical-align: middle;\" src=\"https:\/\/pagani-design.eu\/wp-content\/uploads\/2024\/10\/Check-icon.png\" alt=\"icono de control\" \/><br \/>\n<\/span><br \/>\n<span style=\"display: inline-block; vertical-align: middle; font-family: arial, helvetica, sans-serif; color: black;\">\u00c9tanch\u00e9it\u00e9 10 bares<\/span><\/li>\n<\/ul>","protected":false},"featured_media":26849,"template":"","meta":[],"product_brand":[],"product_cat":[344,339,343,349],"product_tag":[350,327,335,357,358,337,338],"class_list":{"0":"post-22560","1":"product","2":"type-product","3":"status-publish","4":"has-post-thumbnail","6":"product_cat-montre-pagani-homme","7":"product_cat-prestige","8":"product_cat-nouveautes","9":"product_cat-speedmaster","10":"product_tag-10bar","11":"product_tag-20mm","12":"product_tag-40mm","13":"product_tag-cronografo","14":"product_tag-cuarzo","15":"product_tag-homme","16":"product_tag-seiko","18":"first","19":"instock","20":"sale","21":"taxable","22":"shipping-taxable","23":"purchasable","24":"product-type-variable","25":"has-default-attributes"},"yoast_head":"<!-- This site is optimized with the Yoast SEO plugin v26.1.1 - https:\/\/yoast.com\/wordpress\/plugins\/seo\/ -->\n<title>PAGANI DESIGN 1664 - Pagani Design<\/title>\n<meta name=\"description\" content=\"PAGANI DESIGN 1664 : une montre classique au design intemporel, offrant pr\u00e9cision et style pour les amateurs d&#039;horlogerie raffin\u00e9e.\" \/>\n<meta name=\"robots\" content=\"index, follow, max-snippet:-1, max-image-preview:large, max-video-preview:-1\" \/>\n<link rel=\"canonical\" href=\"https:\/\/pagani-design.eu\/es\/productos\/diseno-pagani-1664\/\" \/>\n<meta property=\"og:locale\" content=\"es_ES\" \/>\n<meta property=\"og:type\" content=\"article\" \/>\n<meta property=\"og:title\" content=\"PAGANI DESIGN 1664 - Pagani Design\" \/>\n<meta property=\"og:description\" content=\"PAGANI DESIGN 1664 : une montre classique au design intemporel, offrant pr\u00e9cision et style pour les amateurs d&#039;horlogerie raffin\u00e9e.\" \/>\n<meta property=\"og:url\" content=\"https:\/\/pagani-design.eu\/es\/productos\/diseno-pagani-1664\/\" \/>\n<meta property=\"og:site_name\" content=\"Pagani Design\" \/>\n<meta property=\"article:publisher\" content=\"https:\/\/www.facebook.com\/profile.php?id=61561029376509\" \/>\n<meta property=\"article:modified_time\" content=\"2026-01-30T08:29:18+00:00\" \/>\n<meta property=\"og:image\" content=\"https:\/\/pagani-design.eu\/wp-content\/uploads\/2024\/06\/Images-de-variantes-SKU-09.png\" \/>\n\t<meta property=\"og:image:width\" content=\"1280\" \/>\n\t<meta property=\"og:image:height\" content=\"1280\" \/>\n\t<meta property=\"og:image:type\" content=\"image\/png\" \/>\n<meta name=\"twitter:card\" content=\"summary_large_image\" \/>\n<meta name=\"twitter:label1\" content=\"Tiempo de lectura\" \/>\n\t<meta name=\"twitter:data1\" content=\"1 minuto\" \/>\n<script type=\"application\/ld+json\" class=\"yoast-schema-graph\">{\"@context\":\"https:\/\/schema.org\",\"@graph\":[{\"@type\":\"WebPage\",\"@id\":\"https:\/\/pagani-design.eu\/products\/pagani-design-1664\/\",\"url\":\"https:\/\/pagani-design.eu\/products\/pagani-design-1664\/\",\"name\":\"PAGANI DESIGN 1664 - Pagani Design\",\"isPartOf\":{\"@id\":\"https:\/\/pagani-design.eu\/de\/#website\"},\"primaryImageOfPage\":{\"@id\":\"https:\/\/pagani-design.eu\/products\/pagani-design-1664\/#primaryimage\"},\"image\":{\"@id\":\"https:\/\/pagani-design.eu\/products\/pagani-design-1664\/#primaryimage\"},\"thumbnailUrl\":\"https:\/\/pagani-design.eu\/wp-content\/uploads\/2024\/06\/Images-de-variantes-SKU-09.png\",\"datePublished\":\"2024-06-23T14:42:32+00:00\",\"dateModified\":\"2026-01-30T08:29:18+00:00\",\"description\":\"PAGANI DESIGN 1664 : une montre classique au design intemporel, offrant pr\u00e9cision et style pour les amateurs d'horlogerie raffin\u00e9e.\",\"breadcrumb\":{\"@id\":\"https:\/\/pagani-design.eu\/products\/pagani-design-1664\/#breadcrumb\"},\"inLanguage\":\"es\",\"potentialAction\":[{\"@type\":\"ReadAction\",\"target\":[\"https:\/\/pagani-design.eu\/products\/pagani-design-1664\/\"]}]},{\"@type\":\"ImageObject\",\"inLanguage\":\"es\",\"@id\":\"https:\/\/pagani-design.eu\/products\/pagani-design-1664\/#primaryimage\",\"url\":\"https:\/\/pagani-design.eu\/wp-content\/uploads\/2024\/06\/Images-de-variantes-SKU-09.png\",\"contentUrl\":\"https:\/\/pagani-design.eu\/wp-content\/uploads\/2024\/06\/Images-de-variantes-SKU-09.png\",\"width\":1280,\"height\":1280,\"caption\":\"PAGANI DESIGN 1664 noir\"},{\"@type\":\"BreadcrumbList\",\"@id\":\"https:\/\/pagani-design.eu\/products\/pagani-design-1664\/#breadcrumb\",\"itemListElement\":[{\"@type\":\"ListItem\",\"position\":1,\"name\":\"Accueil\",\"item\":\"https:\/\/pagani-design.eu\/\"},{\"@type\":\"ListItem\",\"position\":2,\"name\":\"Shop\",\"item\":\"https:\/\/pagani-design.eu\/de\/shop\/\"},{\"@type\":\"ListItem\",\"position\":3,\"name\":\"PAGANI DESIGN 1664\"}]},{\"@type\":\"WebSite\",\"@id\":\"https:\/\/pagani-design.eu\/de\/#website\",\"url\":\"https:\/\/pagani-design.eu\/de\/\",\"name\":\"Pagani Design\",\"description\":\"Pagani Design\",\"publisher\":{\"@id\":\"https:\/\/pagani-design.eu\/de\/#organization\"},\"alternateName\":\"Pagani Design\",\"potentialAction\":[{\"@type\":\"SearchAction\",\"target\":{\"@type\":\"EntryPoint\",\"urlTemplate\":\"https:\/\/pagani-design.eu\/de\/?s={search_term_string}\"},\"query-input\":{\"@type\":\"PropertyValueSpecification\",\"valueRequired\":true,\"valueName\":\"search_term_string\"}}],\"inLanguage\":\"es\"},{\"@type\":\"Organization\",\"@id\":\"https:\/\/pagani-design.eu\/de\/#organization\",\"name\":\"Pagani Design\",\"alternateName\":\"Pagani Design\",\"url\":\"https:\/\/pagani-design.eu\/de\/\",\"logo\":{\"@type\":\"ImageObject\",\"inLanguage\":\"es\",\"@id\":\"https:\/\/pagani-design.eu\/de\/#\/schema\/logo\/image\/\",\"url\":\"https:\/\/pagani-design.eu\/wp-content\/uploads\/2022\/01\/Montre-robuste-1.png\",\"contentUrl\":\"https:\/\/pagani-design.eu\/wp-content\/uploads\/2022\/01\/Montre-robuste-1.png\",\"width\":750,\"height\":259,\"caption\":\"Pagani Design\"},\"image\":{\"@id\":\"https:\/\/pagani-design.eu\/de\/#\/schema\/logo\/image\/\"},\"sameAs\":[\"https:\/\/www.facebook.com\/profile.php?id=61561029376509\",\"https:\/\/www.instagram.com\/pagani_design.fr\",\"https:\/\/www.tiktok.com\/@pagani_design.fr\"]}]}<\/script>\n<!-- \/ Yoast SEO plugin. -->","yoast_head_json":{"title":"DISE\u00d1O PAGANI 1664 - Pagani Design","description":"PAGANI DESIGN 1664: un reloj cl\u00e1sico de dise\u00f1o intemporal, que ofrece precisi\u00f3n y estilo a los amantes de la relojer\u00eda refinada.","robots":{"index":"index","follow":"follow","max-snippet":"max-snippet:-1","max-image-preview":"max-image-preview:large","max-video-preview":"max-video-preview:-1"},"canonical":"https:\/\/pagani-design.eu\/es\/productos\/diseno-pagani-1664\/","og_locale":"es_ES","og_type":"article","og_title":"PAGANI DESIGN 1664 - Pagani Design","og_description":"PAGANI DESIGN 1664 : une montre classique au design intemporel, offrant pr\u00e9cision et style pour les amateurs d'horlogerie raffin\u00e9e.","og_url":"https:\/\/pagani-design.eu\/es\/productos\/diseno-pagani-1664\/","og_site_name":"Pagani Design","article_publisher":"https:\/\/www.facebook.com\/profile.php?id=61561029376509","article_modified_time":"2026-01-30T08:29:18+00:00","og_image":[{"width":1280,"height":1280,"url":"https:\/\/pagani-design.eu\/wp-content\/uploads\/2024\/06\/Images-de-variantes-SKU-09.png","type":"image\/png"}],"twitter_card":"summary_large_image","twitter_misc":{"Tiempo de lectura":"1 minuto"},"schema":{"@context":"https:\/\/schema.org","@graph":[{"@type":"WebPage","@id":"https:\/\/pagani-design.eu\/products\/pagani-design-1664\/","url":"https:\/\/pagani-design.eu\/products\/pagani-design-1664\/","name":"DISE\u00d1O PAGANI 1664 - Pagani Design","isPartOf":{"@id":"https:\/\/pagani-design.eu\/de\/#website"},"primaryImageOfPage":{"@id":"https:\/\/pagani-design.eu\/products\/pagani-design-1664\/#primaryimage"},"image":{"@id":"https:\/\/pagani-design.eu\/products\/pagani-design-1664\/#primaryimage"},"thumbnailUrl":"https:\/\/pagani-design.eu\/wp-content\/uploads\/2024\/06\/Images-de-variantes-SKU-09.png","datePublished":"2024-06-23T14:42:32+00:00","dateModified":"2026-01-30T08:29:18+00:00","description":"PAGANI DESIGN 1664: un reloj cl\u00e1sico de dise\u00f1o intemporal, que ofrece precisi\u00f3n y estilo a los amantes de la relojer\u00eda refinada.","breadcrumb":{"@id":"https:\/\/pagani-design.eu\/products\/pagani-design-1664\/#breadcrumb"},"inLanguage":"es","potentialAction":[{"@type":"ReadAction","target":["https:\/\/pagani-design.eu\/products\/pagani-design-1664\/"]}]},{"@type":"ImageObject","inLanguage":"es","@id":"https:\/\/pagani-design.eu\/products\/pagani-design-1664\/#primaryimage","url":"https:\/\/pagani-design.eu\/wp-content\/uploads\/2024\/06\/Images-de-variantes-SKU-09.png","contentUrl":"https:\/\/pagani-design.eu\/wp-content\/uploads\/2024\/06\/Images-de-variantes-SKU-09.png","width":1280,"height":1280,"caption":"PAGANI DESIGN 1664 noir"},{"@type":"BreadcrumbList","@id":"https:\/\/pagani-design.eu\/products\/pagani-design-1664\/#breadcrumb","itemListElement":[{"@type":"ListItem","position":1,"name":"Accueil","item":"https:\/\/pagani-design.eu\/"},{"@type":"ListItem","position":2,"name":"Shop","item":"https:\/\/pagani-design.eu\/de\/shop\/"},{"@type":"ListItem","position":3,"name":"PAGANI DESIGN 1664"}]},{"@type":"WebSite","@id":"https:\/\/pagani-design.eu\/de\/#website","url":"https:\/\/pagani-design.eu\/de\/","name":"Pagani Design","description":"Pagani Design","publisher":{"@id":"https:\/\/pagani-design.eu\/de\/#organization"},"alternateName":"Pagani Design","potentialAction":[{"@type":"SearchAction","target":{"@type":"EntryPoint","urlTemplate":"https:\/\/pagani-design.eu\/de\/?s={search_term_string}"},"query-input":{"@type":"PropertyValueSpecification","valueRequired":true,"valueName":"search_term_string"}}],"inLanguage":"es"},{"@type":"Organization","@id":"https:\/\/pagani-design.eu\/de\/#organization","name":"Pagani Design","alternateName":"Pagani Design","url":"https:\/\/pagani-design.eu\/de\/","logo":{"@type":"ImageObject","inLanguage":"es","@id":"https:\/\/pagani-design.eu\/de\/#\/schema\/logo\/image\/","url":"https:\/\/pagani-design.eu\/wp-content\/uploads\/2022\/01\/Montre-robuste-1.png","contentUrl":"https:\/\/pagani-design.eu\/wp-content\/uploads\/2022\/01\/Montre-robuste-1.png","width":750,"height":259,"caption":"Pagani Design"},"image":{"@id":"https:\/\/pagani-design.eu\/de\/#\/schema\/logo\/image\/"},"sameAs":["https:\/\/www.facebook.com\/profile.php?id=61561029376509","https:\/\/www.instagram.com\/pagani_design.fr","https:\/\/www.tiktok.com\/@pagani_design.fr"]}]}},"_links":{"self":[{"href":"https:\/\/pagani-design.eu\/es\/wp-json\/wp\/v2\/product\/22560","targetHints":{"allow":["GET"]}}],"collection":[{"href":"https:\/\/pagani-design.eu\/es\/wp-json\/wp\/v2\/product"}],"about":[{"href":"https:\/\/pagani-design.eu\/es\/wp-json\/wp\/v2\/types\/product"}],"version-history":[{"count":1,"href":"https:\/\/pagani-design.eu\/es\/wp-json\/wp\/v2\/product\/22560\/revisions"}],"predecessor-version":[{"id":27049,"href":"https:\/\/pagani-design.eu\/es\/wp-json\/wp\/v2\/product\/22560\/revisions\/27049"}],"wp:featuredmedia":[{"embeddable":true,"href":"https:\/\/pagani-design.eu\/es\/wp-json\/wp\/v2\/media\/26849"}],"wp:attachment":[{"href":"https:\/\/pagani-design.eu\/es\/wp-json\/wp\/v2\/media?parent=22560"}],"wp:term":[{"taxonomy":"product_brand","embeddable":true,"href":"https:\/\/pagani-design.eu\/es\/wp-json\/wp\/v2\/product_brand?post=22560"},{"taxonomy":"product_cat","embeddable":true,"href":"https:\/\/pagani-design.eu\/es\/wp-json\/wp\/v2\/product_cat?post=22560"},{"taxonomy":"product_tag","embeddable":true,"href":"https:\/\/pagani-design.eu\/es\/wp-json\/wp\/v2\/product_tag?post=22560"}],"curies":[{"name":"wp","href":"https:\/\/api.w.org\/{rel}","templated":true}]}}