{"id":22600,"date":"2024-06-23T14:47:45","date_gmt":"2024-06-23T14:47:45","guid":{"rendered":"https:\/\/pagani-design.eu\/?post_type=product&#038;p=22600"},"modified":"2026-01-30T08:29:17","modified_gmt":"2026-01-30T08:29:17","slug":"diseno-pagani-ys008","status":"publish","type":"product","link":"https:\/\/pagani-design.eu\/es\/productos\/diseno-pagani-ys008\/","title":{"rendered":"PAGANI DESIGN ys008"},"content":{"rendered":"<h4>Caracter\u00edsticas del producto<\/h4>\n<p><strong>PAGANI DESIGN ys008<\/strong><\/p>\n<ul>\n<li>Poids : 78,5 g.<\/li>\n<li>Di\u00e1metro de la carcasa: 41 mm.<\/li>\n<li>\u00c9paisseur du bo\u00eetier : 13 mm.<\/li>\n<li>Mat\u00e9riau : Acier inoxydable 316L.<\/li>\n<li>Couronne : Enroul\u00e9e.<\/li>\n<li>Verre : Verre saphir avec rev\u00eatement dur, r\u00e9sistant aux rayures et avec traitement antireflet.<\/li>\n<li>Indicaci\u00f3n suplementaria : D\u00eda del mes entre las posiciones 4 y 5.<\/li>\n<li>\u00c9tanch\u00e9it\u00e9 : Jusqu'\u00e0 10 bars.<\/li>\n<li>Movimiento : Japonesa VK63 (Cuarzo).<\/li>\n<li>Reserva de marcha : N\/A.<\/li>\n<li>Tama\u00f1o de la pulsera: 20 mm.<\/li>\n<li>Longueur du bracelet : 22 cm.<\/li>\n<\/ul>\n<p>Descubra nuestra <strong><a href=\"https:\/\/pagani-design.eu\/es\/colecciones\/reloj-pagani-para-mujer\/\" target=\"_new\" rel=\"noreferrer noopener\">colecci\u00f3n de monturas Pagani para mujer<\/a><\/strong> et laissez-vous s\u00e9duire par la <strong><a href=\"https:\/\/pagani-design.eu\/es\/produit\/pagani-design-1692\/\" target=\"_new\" rel=\"noreferrer noopener\">Pagani Design 1692<\/a><\/strong> para un look elegante.<\/p>","protected":false},"excerpt":{"rendered":"<ul style=\"list-style-type: none; padding: 0;\">\n<li style=\"display: flex; align-items: center; margin-bottom: 8px; line-height: 1;\"><span style=\"font-family: arial, helvetica, sans-serif;\"><img decoding=\"async\" style=\"width: 15px; height: 15px; margin-right: 8px; vertical-align: middle;\" src=\"https:\/\/pagani-design.eu\/wp-content\/uploads\/2024\/10\/Check-icon.png\" alt=\"icono de control\" \/><br \/>\n<\/span><br \/>\n<span style=\"display: inline-block; vertical-align: middle; font-family: arial, helvetica, sans-serif; color: black;\">Bo\u00eetier 41 mm en acier 316L<\/span><\/li>\n<li style=\"display: flex; align-items: center; margin-bottom: 8px; line-height: 1;\"><span style=\"font-family: arial, helvetica, sans-serif;\"><img decoding=\"async\" style=\"width: 15px; height: 15px; margin-right: 8px; vertical-align: middle;\" src=\"https:\/\/pagani-design.eu\/wp-content\/uploads\/2024\/10\/Check-icon.png\" alt=\"icono de control\" \/><br \/>\n<\/span><br \/>\n<span style=\"display: inline-block; vertical-align: middle; font-family: arial, helvetica, sans-serif; color: black;\">Verre saphir antireflet<br \/>\n<\/span><\/li>\n<li style=\"display: flex; align-items: center; line-height: 1;\"><span style=\"font-family: arial, helvetica, sans-serif;\"><img decoding=\"async\" style=\"width: 15px; height: 15px; margin-right: 8px; vertical-align: middle;\" src=\"https:\/\/pagani-design.eu\/wp-content\/uploads\/2024\/10\/Check-icon.png\" alt=\"icono de control\" \/><br \/>\n<\/span><br \/>\n<span style=\"display: inline-block; vertical-align: middle; font-family: arial, helvetica, sans-serif; color: black;\">\u00c9tanch\u00e9it\u00e9 10 bares<\/span><\/li>\n<\/ul>","protected":false},"featured_media":22652,"template":"","meta":[],"product_brand":[],"product_cat":[344,367,343,349],"product_tag":[350,327,360,358,337],"class_list":{"0":"post-22600","1":"product","2":"type-product","3":"status-publish","4":"has-post-thumbnail","6":"product_cat-montre-pagani-homme","7":"product_cat-montre-pagani-design-automatique","8":"product_cat-nouveautes","9":"product_cat-speedmaster","10":"product_tag-10bar","11":"product_tag-20mm","12":"product_tag-41mm","13":"product_tag-cuarzo","14":"product_tag-homme","16":"first","17":"instock","18":"taxable","19":"shipping-taxable","20":"purchasable","21":"product-type-variable","22":"has-default-attributes"},"yoast_head":"<!-- This site is optimized with the Yoast SEO plugin v26.1.1 - https:\/\/yoast.com\/wordpress\/plugins\/seo\/ -->\n<title>PAGANI DESIGN ys008 - Pagani Design<\/title>\n<meta name=\"description\" content=\"PAGANI DESIGN YS008 : une montre au design audacieux avec des d\u00e9tails raffin\u00e9s, combinant style contemporain et pr\u00e9cision horlog\u00e8re.\" \/>\n<meta name=\"robots\" content=\"index, follow, max-snippet:-1, max-image-preview:large, max-video-preview:-1\" \/>\n<link rel=\"canonical\" href=\"https:\/\/pagani-design.eu\/es\/productos\/diseno-pagani-ys008\/\" \/>\n<meta property=\"og:locale\" content=\"es_ES\" \/>\n<meta property=\"og:type\" content=\"article\" \/>\n<meta property=\"og:title\" content=\"PAGANI DESIGN ys008 - Pagani Design\" \/>\n<meta property=\"og:description\" content=\"PAGANI DESIGN YS008 : une montre au design audacieux avec des d\u00e9tails raffin\u00e9s, combinant style contemporain et pr\u00e9cision horlog\u00e8re.\" \/>\n<meta property=\"og:url\" content=\"https:\/\/pagani-design.eu\/es\/productos\/diseno-pagani-ys008\/\" \/>\n<meta property=\"og:site_name\" content=\"Pagani Design\" \/>\n<meta property=\"article:publisher\" content=\"https:\/\/www.facebook.com\/profile.php?id=61561029376509\" \/>\n<meta property=\"article:modified_time\" content=\"2026-01-30T08:29:17+00:00\" \/>\n<meta property=\"og:image\" content=\"https:\/\/pagani-design.eu\/wp-content\/uploads\/2024\/06\/PD-YS008BLUE.png\" \/>\n\t<meta property=\"og:image:width\" content=\"2400\" \/>\n\t<meta property=\"og:image:height\" content=\"2400\" \/>\n\t<meta property=\"og:image:type\" content=\"image\/png\" \/>\n<meta name=\"twitter:card\" content=\"summary_large_image\" \/>\n<meta name=\"twitter:label1\" content=\"Tiempo de lectura\" \/>\n\t<meta name=\"twitter:data1\" content=\"1 minuto\" \/>\n<script type=\"application\/ld+json\" class=\"yoast-schema-graph\">{\"@context\":\"https:\/\/schema.org\",\"@graph\":[{\"@type\":\"WebPage\",\"@id\":\"https:\/\/pagani-design.eu\/products\/pagani-design-ys008\/\",\"url\":\"https:\/\/pagani-design.eu\/products\/pagani-design-ys008\/\",\"name\":\"PAGANI DESIGN ys008 - Pagani Design\",\"isPartOf\":{\"@id\":\"https:\/\/pagani-design.eu\/de\/#website\"},\"primaryImageOfPage\":{\"@id\":\"https:\/\/pagani-design.eu\/products\/pagani-design-ys008\/#primaryimage\"},\"image\":{\"@id\":\"https:\/\/pagani-design.eu\/products\/pagani-design-ys008\/#primaryimage\"},\"thumbnailUrl\":\"https:\/\/pagani-design.eu\/wp-content\/uploads\/2024\/06\/PD-YS008BLUE.png\",\"datePublished\":\"2024-06-23T14:47:45+00:00\",\"dateModified\":\"2026-01-30T08:29:17+00:00\",\"description\":\"PAGANI DESIGN YS008 : une montre au design audacieux avec des d\u00e9tails raffin\u00e9s, combinant style contemporain et pr\u00e9cision horlog\u00e8re.\",\"breadcrumb\":{\"@id\":\"https:\/\/pagani-design.eu\/products\/pagani-design-ys008\/#breadcrumb\"},\"inLanguage\":\"es\",\"potentialAction\":[{\"@type\":\"ReadAction\",\"target\":[\"https:\/\/pagani-design.eu\/products\/pagani-design-ys008\/\"]}]},{\"@type\":\"ImageObject\",\"inLanguage\":\"es\",\"@id\":\"https:\/\/pagani-design.eu\/products\/pagani-design-ys008\/#primaryimage\",\"url\":\"https:\/\/pagani-design.eu\/wp-content\/uploads\/2024\/06\/PD-YS008BLUE.png\",\"contentUrl\":\"https:\/\/pagani-design.eu\/wp-content\/uploads\/2024\/06\/PD-YS008BLUE.png\",\"width\":2400,\"height\":2400,\"caption\":\"PAGANI DESIGN ys008\"},{\"@type\":\"BreadcrumbList\",\"@id\":\"https:\/\/pagani-design.eu\/products\/pagani-design-ys008\/#breadcrumb\",\"itemListElement\":[{\"@type\":\"ListItem\",\"position\":1,\"name\":\"Accueil\",\"item\":\"https:\/\/pagani-design.eu\/\"},{\"@type\":\"ListItem\",\"position\":2,\"name\":\"Shop\",\"item\":\"https:\/\/pagani-design.eu\/de\/shop\/\"},{\"@type\":\"ListItem\",\"position\":3,\"name\":\"PAGANI DESIGN ys008\"}]},{\"@type\":\"WebSite\",\"@id\":\"https:\/\/pagani-design.eu\/de\/#website\",\"url\":\"https:\/\/pagani-design.eu\/de\/\",\"name\":\"Pagani Design\",\"description\":\"Pagani Design\",\"publisher\":{\"@id\":\"https:\/\/pagani-design.eu\/de\/#organization\"},\"alternateName\":\"Pagani Design\",\"potentialAction\":[{\"@type\":\"SearchAction\",\"target\":{\"@type\":\"EntryPoint\",\"urlTemplate\":\"https:\/\/pagani-design.eu\/de\/?s={search_term_string}\"},\"query-input\":{\"@type\":\"PropertyValueSpecification\",\"valueRequired\":true,\"valueName\":\"search_term_string\"}}],\"inLanguage\":\"es\"},{\"@type\":\"Organization\",\"@id\":\"https:\/\/pagani-design.eu\/de\/#organization\",\"name\":\"Pagani Design\",\"alternateName\":\"Pagani Design\",\"url\":\"https:\/\/pagani-design.eu\/de\/\",\"logo\":{\"@type\":\"ImageObject\",\"inLanguage\":\"es\",\"@id\":\"https:\/\/pagani-design.eu\/de\/#\/schema\/logo\/image\/\",\"url\":\"https:\/\/pagani-design.eu\/wp-content\/uploads\/2022\/01\/Montre-robuste-1.png\",\"contentUrl\":\"https:\/\/pagani-design.eu\/wp-content\/uploads\/2022\/01\/Montre-robuste-1.png\",\"width\":750,\"height\":259,\"caption\":\"Pagani Design\"},\"image\":{\"@id\":\"https:\/\/pagani-design.eu\/de\/#\/schema\/logo\/image\/\"},\"sameAs\":[\"https:\/\/www.facebook.com\/profile.php?id=61561029376509\",\"https:\/\/www.instagram.com\/pagani_design.fr\",\"https:\/\/www.tiktok.com\/@pagani_design.fr\"]}]}<\/script>\n<!-- \/ Yoast SEO plugin. -->","yoast_head_json":{"title":"PAGANI DESIGN ys008 - Pagani Design","description":"PAGANI DESIGN YS008: un reloj de dise\u00f1o audaz con detalles refinados, que combina estilo contempor\u00e1neo y precisi\u00f3n relojera.","robots":{"index":"index","follow":"follow","max-snippet":"max-snippet:-1","max-image-preview":"max-image-preview:large","max-video-preview":"max-video-preview:-1"},"canonical":"https:\/\/pagani-design.eu\/es\/productos\/diseno-pagani-ys008\/","og_locale":"es_ES","og_type":"article","og_title":"PAGANI DESIGN ys008 - Pagani Design","og_description":"PAGANI DESIGN YS008 : une montre au design audacieux avec des d\u00e9tails raffin\u00e9s, combinant style contemporain et pr\u00e9cision horlog\u00e8re.","og_url":"https:\/\/pagani-design.eu\/es\/productos\/diseno-pagani-ys008\/","og_site_name":"Pagani Design","article_publisher":"https:\/\/www.facebook.com\/profile.php?id=61561029376509","article_modified_time":"2026-01-30T08:29:17+00:00","og_image":[{"width":2400,"height":2400,"url":"https:\/\/pagani-design.eu\/wp-content\/uploads\/2024\/06\/PD-YS008BLUE.png","type":"image\/png"}],"twitter_card":"summary_large_image","twitter_misc":{"Tiempo de lectura":"1 minuto"},"schema":{"@context":"https:\/\/schema.org","@graph":[{"@type":"WebPage","@id":"https:\/\/pagani-design.eu\/products\/pagani-design-ys008\/","url":"https:\/\/pagani-design.eu\/products\/pagani-design-ys008\/","name":"PAGANI DESIGN ys008 - Pagani Design","isPartOf":{"@id":"https:\/\/pagani-design.eu\/de\/#website"},"primaryImageOfPage":{"@id":"https:\/\/pagani-design.eu\/products\/pagani-design-ys008\/#primaryimage"},"image":{"@id":"https:\/\/pagani-design.eu\/products\/pagani-design-ys008\/#primaryimage"},"thumbnailUrl":"https:\/\/pagani-design.eu\/wp-content\/uploads\/2024\/06\/PD-YS008BLUE.png","datePublished":"2024-06-23T14:47:45+00:00","dateModified":"2026-01-30T08:29:17+00:00","description":"PAGANI DESIGN YS008: un reloj de dise\u00f1o audaz con detalles refinados, que combina estilo contempor\u00e1neo y precisi\u00f3n relojera.","breadcrumb":{"@id":"https:\/\/pagani-design.eu\/products\/pagani-design-ys008\/#breadcrumb"},"inLanguage":"es","potentialAction":[{"@type":"ReadAction","target":["https:\/\/pagani-design.eu\/products\/pagani-design-ys008\/"]}]},{"@type":"ImageObject","inLanguage":"es","@id":"https:\/\/pagani-design.eu\/products\/pagani-design-ys008\/#primaryimage","url":"https:\/\/pagani-design.eu\/wp-content\/uploads\/2024\/06\/PD-YS008BLUE.png","contentUrl":"https:\/\/pagani-design.eu\/wp-content\/uploads\/2024\/06\/PD-YS008BLUE.png","width":2400,"height":2400,"caption":"PAGANI DESIGN ys008"},{"@type":"BreadcrumbList","@id":"https:\/\/pagani-design.eu\/products\/pagani-design-ys008\/#breadcrumb","itemListElement":[{"@type":"ListItem","position":1,"name":"Accueil","item":"https:\/\/pagani-design.eu\/"},{"@type":"ListItem","position":2,"name":"Shop","item":"https:\/\/pagani-design.eu\/de\/shop\/"},{"@type":"ListItem","position":3,"name":"PAGANI DESIGN ys008"}]},{"@type":"WebSite","@id":"https:\/\/pagani-design.eu\/de\/#website","url":"https:\/\/pagani-design.eu\/de\/","name":"Pagani Design","description":"Pagani Design","publisher":{"@id":"https:\/\/pagani-design.eu\/de\/#organization"},"alternateName":"Pagani Design","potentialAction":[{"@type":"SearchAction","target":{"@type":"EntryPoint","urlTemplate":"https:\/\/pagani-design.eu\/de\/?s={search_term_string}"},"query-input":{"@type":"PropertyValueSpecification","valueRequired":true,"valueName":"search_term_string"}}],"inLanguage":"es"},{"@type":"Organization","@id":"https:\/\/pagani-design.eu\/de\/#organization","name":"Pagani Design","alternateName":"Pagani Design","url":"https:\/\/pagani-design.eu\/de\/","logo":{"@type":"ImageObject","inLanguage":"es","@id":"https:\/\/pagani-design.eu\/de\/#\/schema\/logo\/image\/","url":"https:\/\/pagani-design.eu\/wp-content\/uploads\/2022\/01\/Montre-robuste-1.png","contentUrl":"https:\/\/pagani-design.eu\/wp-content\/uploads\/2022\/01\/Montre-robuste-1.png","width":750,"height":259,"caption":"Pagani Design"},"image":{"@id":"https:\/\/pagani-design.eu\/de\/#\/schema\/logo\/image\/"},"sameAs":["https:\/\/www.facebook.com\/profile.php?id=61561029376509","https:\/\/www.instagram.com\/pagani_design.fr","https:\/\/www.tiktok.com\/@pagani_design.fr"]}]}},"_links":{"self":[{"href":"https:\/\/pagani-design.eu\/es\/wp-json\/wp\/v2\/product\/22600","targetHints":{"allow":["GET"]}}],"collection":[{"href":"https:\/\/pagani-design.eu\/es\/wp-json\/wp\/v2\/product"}],"about":[{"href":"https:\/\/pagani-design.eu\/es\/wp-json\/wp\/v2\/types\/product"}],"version-history":[{"count":1,"href":"https:\/\/pagani-design.eu\/es\/wp-json\/wp\/v2\/product\/22600\/revisions"}],"predecessor-version":[{"id":27045,"href":"https:\/\/pagani-design.eu\/es\/wp-json\/wp\/v2\/product\/22600\/revisions\/27045"}],"wp:featuredmedia":[{"embeddable":true,"href":"https:\/\/pagani-design.eu\/es\/wp-json\/wp\/v2\/media\/22652"}],"wp:attachment":[{"href":"https:\/\/pagani-design.eu\/es\/wp-json\/wp\/v2\/media?parent=22600"}],"wp:term":[{"taxonomy":"product_brand","embeddable":true,"href":"https:\/\/pagani-design.eu\/es\/wp-json\/wp\/v2\/product_brand?post=22600"},{"taxonomy":"product_cat","embeddable":true,"href":"https:\/\/pagani-design.eu\/es\/wp-json\/wp\/v2\/product_cat?post=22600"},{"taxonomy":"product_tag","embeddable":true,"href":"https:\/\/pagani-design.eu\/es\/wp-json\/wp\/v2\/product_tag?post=22600"}],"curies":[{"name":"wp","href":"https:\/\/api.w.org\/{rel}","templated":true}]}}