{"id":22634,"date":"2024-06-23T14:51:35","date_gmt":"2024-06-23T14:51:35","guid":{"rendered":"https:\/\/pagani-design.eu\/?post_type=product&#038;p=22634"},"modified":"2026-01-30T08:29:17","modified_gmt":"2026-01-30T08:29:17","slug":"diseno-pagani-1730","status":"publish","type":"product","link":"https:\/\/pagani-design.eu\/es\/productos\/diseno-pagani-1730\/","title":{"rendered":"DISE\u00d1O PAGANI 1730"},"content":{"rendered":"<h3>Caracter\u00edsticas del producto<\/h3>\n<p><strong>DISE\u00d1O PAGANI 1730<\/strong><\/p>\n<ul>\n<li>Diam\u00e8tre : 36 mm.<\/li>\n<li>\u00c9paisseur du bo\u00eetier : 10,8 mm.<\/li>\n<li>Poids : 64 g.<\/li>\n<li>Mat\u00e9riau : Acier inoxydable 316L.<\/li>\n<li>Acabado : Acier poli.<\/li>\n<li>Verre : Verre saphir avec rev\u00eatement dur, r\u00e9sistant aux rayures et avec traitement antireflet.<\/li>\n<li>Fond de la bo\u00eete : Enroul\u00e9.<\/li>\n<li>Resistencia al agua : 5 BAR \/ 50 M.<\/li>\n<li>Movimiento : Japon\u00e9s TMI.VD55 (Cuarzo)<\/li>\n<li>Pulsera : Cuir v\u00e9ritable disponible en 4 couleurs.<\/li>\n<li>Fermeture : Boucle d\u00e9ployante en acier inoxydable-titane, ajustable.<\/li>\n<\/ul>\n<p>Descubra nuestra <strong><a href=\"https:\/\/pagani-design.eu\/es\/colecciones\/reloj-pagani-para-mujer\/\" target=\"_new\" rel=\"noreferrer noopener\">colecci\u00f3n de monturas Pagani para mujer<\/a><\/strong> et laissez-vous s\u00e9duire par la <strong><a href=\"https:\/\/pagani-design.eu\/es\/produit\/pagani-design-1692\/\" target=\"_new\" rel=\"noreferrer noopener\">Pagani Design 1692<\/a><\/strong> para un look elegante.<\/p>","protected":false},"excerpt":{"rendered":"<ul style=\"list-style-type: none; padding: 0;\">\n<li style=\"display: flex; align-items: center; margin-bottom: 8px; line-height: 1;\"><span style=\"font-family: arial, helvetica, sans-serif;\"><img decoding=\"async\" style=\"width: 15px; height: 15px; margin-right: 8px; vertical-align: middle;\" src=\"https:\/\/pagani-design.eu\/wp-content\/uploads\/2024\/10\/Check-icon.png\" alt=\"icono de control\" \/><br \/>\n<\/span><br \/>\n<span style=\"display: inline-block; vertical-align: middle; font-family: arial, helvetica, sans-serif; color: black;\">Bo\u00eetier en acier inoxydable 316L<br \/>\n<\/span><\/li>\n<li style=\"display: flex; align-items: center; margin-bottom: 8px; line-height: 1;\"><span style=\"font-family: arial, helvetica, sans-serif;\"><img decoding=\"async\" style=\"width: 15px; height: 15px; margin-right: 8px; vertical-align: middle;\" src=\"https:\/\/pagani-design.eu\/wp-content\/uploads\/2024\/10\/Check-icon.png\" alt=\"icono de control\" \/><br \/>\n<\/span><br \/>\n<span style=\"display: inline-block; vertical-align: middle; font-family: arial, helvetica, sans-serif; color: black;\">Verre saphir antireflet<br \/>\n<\/span><\/li>\n<li style=\"display: flex; align-items: center; line-height: 1;\"><span style=\"font-family: arial, helvetica, sans-serif;\"><img decoding=\"async\" style=\"width: 15px; height: 15px; margin-right: 8px; vertical-align: middle;\" src=\"https:\/\/pagani-design.eu\/wp-content\/uploads\/2024\/10\/Check-icon.png\" alt=\"icono de control\" \/><br \/>\n<\/span><br \/>\n<span style=\"display: inline-block; vertical-align: middle; font-family: arial, helvetica, sans-serif; color: black;\">\u00c9tanch\u00e9it\u00e9 5 Bars<\/span><\/li>\n<\/ul>","protected":false},"featured_media":22691,"template":"","meta":[],"product_brand":[],"product_cat":[344,348,343],"product_tag":[354,366,357,358,355],"class_list":{"0":"post-22634","1":"product","2":"type-product","3":"status-publish","4":"has-post-thumbnail","6":"product_cat-montre-pagani-homme","7":"product_cat-montre-pagani-femme","8":"product_cat-nouveautes","9":"product_tag-36mm","10":"product_tag-5bar","11":"product_tag-cronografo","12":"product_tag-cuarzo","13":"product_tag-femme","15":"first","16":"instock","17":"taxable","18":"shipping-taxable","19":"purchasable","20":"product-type-variable","21":"has-default-attributes"},"yoast_head":"<!-- This site is optimized with the Yoast SEO plugin v26.1.1 - https:\/\/yoast.com\/wordpress\/plugins\/seo\/ -->\n<title>PAGANI DESIGN 1730 - Pagani Design<\/title>\n<meta name=\"description\" content=\"PAGANI DESIGN 1730 : une montre alliant minimalisme et performance, id\u00e9ale pour ceux qui appr\u00e9cient l&#039;\u00e9l\u00e9gance discr\u00e8te et la pr\u00e9cision horlog\u00e8re.\" \/>\n<meta name=\"robots\" content=\"index, follow, max-snippet:-1, max-image-preview:large, max-video-preview:-1\" \/>\n<link rel=\"canonical\" href=\"https:\/\/pagani-design.eu\/es\/productos\/diseno-pagani-1730\/\" \/>\n<meta property=\"og:locale\" content=\"es_ES\" \/>\n<meta property=\"og:type\" content=\"article\" \/>\n<meta property=\"og:title\" content=\"PAGANI DESIGN 1730 - Pagani Design\" \/>\n<meta property=\"og:description\" content=\"PAGANI DESIGN 1730 : une montre alliant minimalisme et performance, id\u00e9ale pour ceux qui appr\u00e9cient l&#039;\u00e9l\u00e9gance discr\u00e8te et la pr\u00e9cision horlog\u00e8re.\" \/>\n<meta property=\"og:url\" content=\"https:\/\/pagani-design.eu\/es\/productos\/diseno-pagani-1730\/\" \/>\n<meta property=\"og:site_name\" content=\"Pagani Design\" \/>\n<meta property=\"article:publisher\" content=\"https:\/\/www.facebook.com\/profile.php?id=61561029376509\" \/>\n<meta property=\"article:modified_time\" content=\"2026-01-30T08:29:17+00:00\" \/>\n<meta property=\"og:image\" content=\"https:\/\/pagani-design.eu\/wp-content\/uploads\/2024\/06\/PD-1730WHITE.png\" \/>\n\t<meta property=\"og:image:width\" content=\"2400\" \/>\n\t<meta property=\"og:image:height\" content=\"2400\" \/>\n\t<meta property=\"og:image:type\" content=\"image\/png\" \/>\n<meta name=\"twitter:card\" content=\"summary_large_image\" \/>\n<meta name=\"twitter:label1\" content=\"Tiempo de lectura\" \/>\n\t<meta name=\"twitter:data1\" content=\"1 minuto\" \/>\n<script type=\"application\/ld+json\" class=\"yoast-schema-graph\">{\"@context\":\"https:\/\/schema.org\",\"@graph\":[{\"@type\":\"WebPage\",\"@id\":\"https:\/\/pagani-design.eu\/products\/pagani-design-1730\/\",\"url\":\"https:\/\/pagani-design.eu\/products\/pagani-design-1730\/\",\"name\":\"PAGANI DESIGN 1730 - Pagani Design\",\"isPartOf\":{\"@id\":\"https:\/\/pagani-design.eu\/de\/#website\"},\"primaryImageOfPage\":{\"@id\":\"https:\/\/pagani-design.eu\/products\/pagani-design-1730\/#primaryimage\"},\"image\":{\"@id\":\"https:\/\/pagani-design.eu\/products\/pagani-design-1730\/#primaryimage\"},\"thumbnailUrl\":\"https:\/\/pagani-design.eu\/wp-content\/uploads\/2024\/06\/PD-1730WHITE.png\",\"datePublished\":\"2024-06-23T14:51:35+00:00\",\"dateModified\":\"2026-01-30T08:29:17+00:00\",\"description\":\"PAGANI DESIGN 1730 : une montre alliant minimalisme et performance, id\u00e9ale pour ceux qui appr\u00e9cient l'\u00e9l\u00e9gance discr\u00e8te et la pr\u00e9cision horlog\u00e8re.\",\"breadcrumb\":{\"@id\":\"https:\/\/pagani-design.eu\/products\/pagani-design-1730\/#breadcrumb\"},\"inLanguage\":\"es\",\"potentialAction\":[{\"@type\":\"ReadAction\",\"target\":[\"https:\/\/pagani-design.eu\/products\/pagani-design-1730\/\"]}]},{\"@type\":\"ImageObject\",\"inLanguage\":\"es\",\"@id\":\"https:\/\/pagani-design.eu\/products\/pagani-design-1730\/#primaryimage\",\"url\":\"https:\/\/pagani-design.eu\/wp-content\/uploads\/2024\/06\/PD-1730WHITE.png\",\"contentUrl\":\"https:\/\/pagani-design.eu\/wp-content\/uploads\/2024\/06\/PD-1730WHITE.png\",\"width\":2400,\"height\":2400,\"caption\":\"PAGANI DESIGN 1730\"},{\"@type\":\"BreadcrumbList\",\"@id\":\"https:\/\/pagani-design.eu\/products\/pagani-design-1730\/#breadcrumb\",\"itemListElement\":[{\"@type\":\"ListItem\",\"position\":1,\"name\":\"Accueil\",\"item\":\"https:\/\/pagani-design.eu\/\"},{\"@type\":\"ListItem\",\"position\":2,\"name\":\"Shop\",\"item\":\"https:\/\/pagani-design.eu\/de\/shop\/\"},{\"@type\":\"ListItem\",\"position\":3,\"name\":\"PAGANI DESIGN 1730\"}]},{\"@type\":\"WebSite\",\"@id\":\"https:\/\/pagani-design.eu\/de\/#website\",\"url\":\"https:\/\/pagani-design.eu\/de\/\",\"name\":\"Pagani Design\",\"description\":\"Pagani Design\",\"publisher\":{\"@id\":\"https:\/\/pagani-design.eu\/de\/#organization\"},\"alternateName\":\"Pagani Design\",\"potentialAction\":[{\"@type\":\"SearchAction\",\"target\":{\"@type\":\"EntryPoint\",\"urlTemplate\":\"https:\/\/pagani-design.eu\/de\/?s={search_term_string}\"},\"query-input\":{\"@type\":\"PropertyValueSpecification\",\"valueRequired\":true,\"valueName\":\"search_term_string\"}}],\"inLanguage\":\"es\"},{\"@type\":\"Organization\",\"@id\":\"https:\/\/pagani-design.eu\/de\/#organization\",\"name\":\"Pagani Design\",\"alternateName\":\"Pagani Design\",\"url\":\"https:\/\/pagani-design.eu\/de\/\",\"logo\":{\"@type\":\"ImageObject\",\"inLanguage\":\"es\",\"@id\":\"https:\/\/pagani-design.eu\/de\/#\/schema\/logo\/image\/\",\"url\":\"https:\/\/pagani-design.eu\/wp-content\/uploads\/2022\/01\/Montre-robuste-1.png\",\"contentUrl\":\"https:\/\/pagani-design.eu\/wp-content\/uploads\/2022\/01\/Montre-robuste-1.png\",\"width\":750,\"height\":259,\"caption\":\"Pagani Design\"},\"image\":{\"@id\":\"https:\/\/pagani-design.eu\/de\/#\/schema\/logo\/image\/\"},\"sameAs\":[\"https:\/\/www.facebook.com\/profile.php?id=61561029376509\",\"https:\/\/www.instagram.com\/pagani_design.fr\",\"https:\/\/www.tiktok.com\/@pagani_design.fr\"]}]}<\/script>\n<!-- \/ Yoast SEO plugin. -->","yoast_head_json":{"title":"DISE\u00d1O PAGANI 1730 - Pagani Design","description":"PAGANI DESIGN 1730: un reloj que a\u00fana minimalismo y rendimiento, ideal para quienes aprecian la elegancia discreta y la precisi\u00f3n relojera.","robots":{"index":"index","follow":"follow","max-snippet":"max-snippet:-1","max-image-preview":"max-image-preview:large","max-video-preview":"max-video-preview:-1"},"canonical":"https:\/\/pagani-design.eu\/es\/productos\/diseno-pagani-1730\/","og_locale":"es_ES","og_type":"article","og_title":"PAGANI DESIGN 1730 - Pagani Design","og_description":"PAGANI DESIGN 1730 : une montre alliant minimalisme et performance, id\u00e9ale pour ceux qui appr\u00e9cient l'\u00e9l\u00e9gance discr\u00e8te et la pr\u00e9cision horlog\u00e8re.","og_url":"https:\/\/pagani-design.eu\/es\/productos\/diseno-pagani-1730\/","og_site_name":"Pagani Design","article_publisher":"https:\/\/www.facebook.com\/profile.php?id=61561029376509","article_modified_time":"2026-01-30T08:29:17+00:00","og_image":[{"width":2400,"height":2400,"url":"https:\/\/pagani-design.eu\/wp-content\/uploads\/2024\/06\/PD-1730WHITE.png","type":"image\/png"}],"twitter_card":"summary_large_image","twitter_misc":{"Tiempo de lectura":"1 minuto"},"schema":{"@context":"https:\/\/schema.org","@graph":[{"@type":"WebPage","@id":"https:\/\/pagani-design.eu\/products\/pagani-design-1730\/","url":"https:\/\/pagani-design.eu\/products\/pagani-design-1730\/","name":"DISE\u00d1O PAGANI 1730 - Pagani Design","isPartOf":{"@id":"https:\/\/pagani-design.eu\/de\/#website"},"primaryImageOfPage":{"@id":"https:\/\/pagani-design.eu\/products\/pagani-design-1730\/#primaryimage"},"image":{"@id":"https:\/\/pagani-design.eu\/products\/pagani-design-1730\/#primaryimage"},"thumbnailUrl":"https:\/\/pagani-design.eu\/wp-content\/uploads\/2024\/06\/PD-1730WHITE.png","datePublished":"2024-06-23T14:51:35+00:00","dateModified":"2026-01-30T08:29:17+00:00","description":"PAGANI DESIGN 1730: un reloj que a\u00fana minimalismo y rendimiento, ideal para quienes aprecian la elegancia discreta y la precisi\u00f3n relojera.","breadcrumb":{"@id":"https:\/\/pagani-design.eu\/products\/pagani-design-1730\/#breadcrumb"},"inLanguage":"es","potentialAction":[{"@type":"ReadAction","target":["https:\/\/pagani-design.eu\/products\/pagani-design-1730\/"]}]},{"@type":"ImageObject","inLanguage":"es","@id":"https:\/\/pagani-design.eu\/products\/pagani-design-1730\/#primaryimage","url":"https:\/\/pagani-design.eu\/wp-content\/uploads\/2024\/06\/PD-1730WHITE.png","contentUrl":"https:\/\/pagani-design.eu\/wp-content\/uploads\/2024\/06\/PD-1730WHITE.png","width":2400,"height":2400,"caption":"PAGANI DESIGN 1730"},{"@type":"BreadcrumbList","@id":"https:\/\/pagani-design.eu\/products\/pagani-design-1730\/#breadcrumb","itemListElement":[{"@type":"ListItem","position":1,"name":"Accueil","item":"https:\/\/pagani-design.eu\/"},{"@type":"ListItem","position":2,"name":"Shop","item":"https:\/\/pagani-design.eu\/de\/shop\/"},{"@type":"ListItem","position":3,"name":"PAGANI DESIGN 1730"}]},{"@type":"WebSite","@id":"https:\/\/pagani-design.eu\/de\/#website","url":"https:\/\/pagani-design.eu\/de\/","name":"Pagani Design","description":"Pagani Design","publisher":{"@id":"https:\/\/pagani-design.eu\/de\/#organization"},"alternateName":"Pagani Design","potentialAction":[{"@type":"SearchAction","target":{"@type":"EntryPoint","urlTemplate":"https:\/\/pagani-design.eu\/de\/?s={search_term_string}"},"query-input":{"@type":"PropertyValueSpecification","valueRequired":true,"valueName":"search_term_string"}}],"inLanguage":"es"},{"@type":"Organization","@id":"https:\/\/pagani-design.eu\/de\/#organization","name":"Pagani Design","alternateName":"Pagani Design","url":"https:\/\/pagani-design.eu\/de\/","logo":{"@type":"ImageObject","inLanguage":"es","@id":"https:\/\/pagani-design.eu\/de\/#\/schema\/logo\/image\/","url":"https:\/\/pagani-design.eu\/wp-content\/uploads\/2022\/01\/Montre-robuste-1.png","contentUrl":"https:\/\/pagani-design.eu\/wp-content\/uploads\/2022\/01\/Montre-robuste-1.png","width":750,"height":259,"caption":"Pagani Design"},"image":{"@id":"https:\/\/pagani-design.eu\/de\/#\/schema\/logo\/image\/"},"sameAs":["https:\/\/www.facebook.com\/profile.php?id=61561029376509","https:\/\/www.instagram.com\/pagani_design.fr","https:\/\/www.tiktok.com\/@pagani_design.fr"]}]}},"_links":{"self":[{"href":"https:\/\/pagani-design.eu\/es\/wp-json\/wp\/v2\/product\/22634","targetHints":{"allow":["GET"]}}],"collection":[{"href":"https:\/\/pagani-design.eu\/es\/wp-json\/wp\/v2\/product"}],"about":[{"href":"https:\/\/pagani-design.eu\/es\/wp-json\/wp\/v2\/types\/product"}],"version-history":[{"count":1,"href":"https:\/\/pagani-design.eu\/es\/wp-json\/wp\/v2\/product\/22634\/revisions"}],"predecessor-version":[{"id":27041,"href":"https:\/\/pagani-design.eu\/es\/wp-json\/wp\/v2\/product\/22634\/revisions\/27041"}],"wp:featuredmedia":[{"embeddable":true,"href":"https:\/\/pagani-design.eu\/es\/wp-json\/wp\/v2\/media\/22691"}],"wp:attachment":[{"href":"https:\/\/pagani-design.eu\/es\/wp-json\/wp\/v2\/media?parent=22634"}],"wp:term":[{"taxonomy":"product_brand","embeddable":true,"href":"https:\/\/pagani-design.eu\/es\/wp-json\/wp\/v2\/product_brand?post=22634"},{"taxonomy":"product_cat","embeddable":true,"href":"https:\/\/pagani-design.eu\/es\/wp-json\/wp\/v2\/product_cat?post=22634"},{"taxonomy":"product_tag","embeddable":true,"href":"https:\/\/pagani-design.eu\/es\/wp-json\/wp\/v2\/product_tag?post=22634"}],"curies":[{"name":"wp","href":"https:\/\/api.w.org\/{rel}","templated":true}]}}