{"id":23216,"date":"2024-07-04T15:17:38","date_gmt":"2024-07-04T15:17:38","guid":{"rendered":"https:\/\/pagani-design.eu\/?post_type=product&#038;p=23216"},"modified":"2026-01-30T08:29:17","modified_gmt":"2026-01-30T08:29:17","slug":"pulsera-jubille-20mm","status":"publish","type":"product","link":"https:\/\/pagani-design.eu\/es\/productos\/pulsera-jubille-20mm\/","title":{"rendered":"Pulsera Jubillee 20mm"},"content":{"rendered":"<ul>\n<li><strong>Mat\u00e9riau :<\/strong> Acier inoxydable 316L massif et poli (chirurgical).<\/li>\n<li><strong>Longueur :<\/strong> 22 cm<\/li>\n<\/ul>","protected":false},"excerpt":{"rendered":"<ul style=\"list-style-type: none; padding: 0;\">\n<li style=\"display: flex; align-items: center; margin-bottom: 8px; line-height: 1;\"><span style=\"font-family: arial, helvetica, sans-serif;\"><img decoding=\"async\" style=\"width: 15px; height: 15px; margin-right: 8px; vertical-align: middle;\" src=\"https:\/\/pagani-design.eu\/wp-content\/uploads\/2024\/10\/Check-icon.png\" alt=\"icono de control\" \/><br \/>\n<\/span><br \/>\n<span style=\"display: inline-block; vertical-align: middle; font-family: arial, helvetica, sans-serif; color: black;\">Pulsera de acero inoxidable 316L macizo y poli\u00e9ster<\/span><\/li>\n<li style=\"display: flex; align-items: center; line-height: 1;\"><\/li>\n<\/ul>","protected":false},"featured_media":23218,"template":"","meta":[],"product_brand":[],"product_cat":[341,342],"product_tag":[],"class_list":{"0":"post-23216","1":"product","2":"type-product","3":"status-publish","4":"has-post-thumbnail","6":"product_cat-accessoires","7":"product_cat-bracelets","9":"first","10":"instock","11":"taxable","12":"shipping-taxable","13":"purchasable","14":"product-type-simple"},"yoast_head":"<!-- This site is optimized with the Yoast SEO plugin v26.1.1 - https:\/\/yoast.com\/wordpress\/plugins\/seo\/ -->\n<title>Bracelet Jubillee 20mm - Pagani Design<\/title>\n<meta name=\"description\" content=\"Bracelet Jubilee 20mm : confort et style intemporel pour sublimer votre montre. Id\u00e9al pour un look \u00e9l\u00e9gant et raffin\u00e9 au quotidien.\" \/>\n<meta name=\"robots\" content=\"index, follow, max-snippet:-1, max-image-preview:large, max-video-preview:-1\" \/>\n<link rel=\"canonical\" href=\"https:\/\/pagani-design.eu\/es\/productos\/pulsera-jubille-20mm\/\" \/>\n<meta property=\"og:locale\" content=\"es_ES\" \/>\n<meta property=\"og:type\" content=\"article\" \/>\n<meta property=\"og:title\" content=\"Bracelet Jubillee 20mm - Pagani Design\" \/>\n<meta property=\"og:description\" content=\"Bracelet Jubilee 20mm : confort et style intemporel pour sublimer votre montre. Id\u00e9al pour un look \u00e9l\u00e9gant et raffin\u00e9 au quotidien.\" \/>\n<meta property=\"og:url\" content=\"https:\/\/pagani-design.eu\/es\/productos\/pulsera-jubille-20mm\/\" \/>\n<meta property=\"og:site_name\" content=\"Pagani Design\" \/>\n<meta property=\"article:publisher\" content=\"https:\/\/www.facebook.com\/profile.php?id=61561029376509\" \/>\n<meta property=\"article:modified_time\" content=\"2026-01-30T08:29:17+00:00\" \/>\n<meta property=\"og:image\" content=\"https:\/\/pagani-design.eu\/wp-content\/uploads\/2024\/07\/1.webp\" \/>\n\t<meta property=\"og:image:width\" content=\"640\" \/>\n\t<meta property=\"og:image:height\" content=\"640\" \/>\n\t<meta property=\"og:image:type\" content=\"image\/webp\" \/>\n<meta name=\"twitter:card\" content=\"summary_large_image\" \/>\n<meta name=\"twitter:label1\" content=\"Tiempo de lectura\" \/>\n\t<meta name=\"twitter:data1\" content=\"1 minuto\" \/>\n<script type=\"application\/ld+json\" class=\"yoast-schema-graph\">{\"@context\":\"https:\/\/schema.org\",\"@graph\":[{\"@type\":\"WebPage\",\"@id\":\"https:\/\/pagani-design.eu\/products\/bracelet-jubille-20mm\/\",\"url\":\"https:\/\/pagani-design.eu\/products\/bracelet-jubille-20mm\/\",\"name\":\"Bracelet Jubillee 20mm - Pagani Design\",\"isPartOf\":{\"@id\":\"https:\/\/pagani-design.eu\/de\/#website\"},\"primaryImageOfPage\":{\"@id\":\"https:\/\/pagani-design.eu\/products\/bracelet-jubille-20mm\/#primaryimage\"},\"image\":{\"@id\":\"https:\/\/pagani-design.eu\/products\/bracelet-jubille-20mm\/#primaryimage\"},\"thumbnailUrl\":\"https:\/\/pagani-design.eu\/wp-content\/uploads\/2024\/07\/1.webp\",\"datePublished\":\"2024-07-04T15:17:38+00:00\",\"dateModified\":\"2026-01-30T08:29:17+00:00\",\"description\":\"Bracelet Jubilee 20mm : confort et style intemporel pour sublimer votre montre. Id\u00e9al pour un look \u00e9l\u00e9gant et raffin\u00e9 au quotidien.\",\"breadcrumb\":{\"@id\":\"https:\/\/pagani-design.eu\/products\/bracelet-jubille-20mm\/#breadcrumb\"},\"inLanguage\":\"es\",\"potentialAction\":[{\"@type\":\"ReadAction\",\"target\":[\"https:\/\/pagani-design.eu\/products\/bracelet-jubille-20mm\/\"]}]},{\"@type\":\"ImageObject\",\"inLanguage\":\"es\",\"@id\":\"https:\/\/pagani-design.eu\/products\/bracelet-jubille-20mm\/#primaryimage\",\"url\":\"https:\/\/pagani-design.eu\/wp-content\/uploads\/2024\/07\/1.webp\",\"contentUrl\":\"https:\/\/pagani-design.eu\/wp-content\/uploads\/2024\/07\/1.webp\",\"width\":640,\"height\":640,\"caption\":\"Bracelet Jubillee 20mm\"},{\"@type\":\"BreadcrumbList\",\"@id\":\"https:\/\/pagani-design.eu\/products\/bracelet-jubille-20mm\/#breadcrumb\",\"itemListElement\":[{\"@type\":\"ListItem\",\"position\":1,\"name\":\"Accueil\",\"item\":\"https:\/\/pagani-design.eu\/\"},{\"@type\":\"ListItem\",\"position\":2,\"name\":\"Shop\",\"item\":\"https:\/\/pagani-design.eu\/de\/shop\/\"},{\"@type\":\"ListItem\",\"position\":3,\"name\":\"Bracelet Jubillee 20mm\"}]},{\"@type\":\"WebSite\",\"@id\":\"https:\/\/pagani-design.eu\/de\/#website\",\"url\":\"https:\/\/pagani-design.eu\/de\/\",\"name\":\"Pagani Design\",\"description\":\"Pagani Design\",\"publisher\":{\"@id\":\"https:\/\/pagani-design.eu\/de\/#organization\"},\"alternateName\":\"Pagani Design\",\"potentialAction\":[{\"@type\":\"SearchAction\",\"target\":{\"@type\":\"EntryPoint\",\"urlTemplate\":\"https:\/\/pagani-design.eu\/de\/?s={search_term_string}\"},\"query-input\":{\"@type\":\"PropertyValueSpecification\",\"valueRequired\":true,\"valueName\":\"search_term_string\"}}],\"inLanguage\":\"es\"},{\"@type\":\"Organization\",\"@id\":\"https:\/\/pagani-design.eu\/de\/#organization\",\"name\":\"Pagani Design\",\"alternateName\":\"Pagani Design\",\"url\":\"https:\/\/pagani-design.eu\/de\/\",\"logo\":{\"@type\":\"ImageObject\",\"inLanguage\":\"es\",\"@id\":\"https:\/\/pagani-design.eu\/de\/#\/schema\/logo\/image\/\",\"url\":\"https:\/\/pagani-design.eu\/wp-content\/uploads\/2022\/01\/Montre-robuste-1.png\",\"contentUrl\":\"https:\/\/pagani-design.eu\/wp-content\/uploads\/2022\/01\/Montre-robuste-1.png\",\"width\":750,\"height\":259,\"caption\":\"Pagani Design\"},\"image\":{\"@id\":\"https:\/\/pagani-design.eu\/de\/#\/schema\/logo\/image\/\"},\"sameAs\":[\"https:\/\/www.facebook.com\/profile.php?id=61561029376509\",\"https:\/\/www.instagram.com\/pagani_design.fr\",\"https:\/\/www.tiktok.com\/@pagani_design.fr\"]}]}<\/script>\n<!-- \/ Yoast SEO plugin. -->","yoast_head_json":{"title":"Pulsera Jubillee 20mm - Pagani Design","description":"Pulsera Jubilee 20mm : confort y estilo intemporal para sublimar su montura. Id\u00e9al pour un look \u00e9l\u00e9gant et raffin\u00e9 au quotidien.","robots":{"index":"index","follow":"follow","max-snippet":"max-snippet:-1","max-image-preview":"max-image-preview:large","max-video-preview":"max-video-preview:-1"},"canonical":"https:\/\/pagani-design.eu\/es\/productos\/pulsera-jubille-20mm\/","og_locale":"es_ES","og_type":"article","og_title":"Bracelet Jubillee 20mm - Pagani Design","og_description":"Bracelet Jubilee 20mm : confort et style intemporel pour sublimer votre montre. Id\u00e9al pour un look \u00e9l\u00e9gant et raffin\u00e9 au quotidien.","og_url":"https:\/\/pagani-design.eu\/es\/productos\/pulsera-jubille-20mm\/","og_site_name":"Pagani Design","article_publisher":"https:\/\/www.facebook.com\/profile.php?id=61561029376509","article_modified_time":"2026-01-30T08:29:17+00:00","og_image":[{"width":640,"height":640,"url":"https:\/\/pagani-design.eu\/wp-content\/uploads\/2024\/07\/1.webp","type":"image\/webp"}],"twitter_card":"summary_large_image","twitter_misc":{"Tiempo de lectura":"1 minuto"},"schema":{"@context":"https:\/\/schema.org","@graph":[{"@type":"WebPage","@id":"https:\/\/pagani-design.eu\/products\/bracelet-jubille-20mm\/","url":"https:\/\/pagani-design.eu\/products\/bracelet-jubille-20mm\/","name":"Pulsera Jubillee 20mm - Pagani Design","isPartOf":{"@id":"https:\/\/pagani-design.eu\/de\/#website"},"primaryImageOfPage":{"@id":"https:\/\/pagani-design.eu\/products\/bracelet-jubille-20mm\/#primaryimage"},"image":{"@id":"https:\/\/pagani-design.eu\/products\/bracelet-jubille-20mm\/#primaryimage"},"thumbnailUrl":"https:\/\/pagani-design.eu\/wp-content\/uploads\/2024\/07\/1.webp","datePublished":"2024-07-04T15:17:38+00:00","dateModified":"2026-01-30T08:29:17+00:00","description":"Pulsera Jubilee 20mm : confort y estilo intemporal para sublimar su montura. Id\u00e9al pour un look \u00e9l\u00e9gant et raffin\u00e9 au quotidien.","breadcrumb":{"@id":"https:\/\/pagani-design.eu\/products\/bracelet-jubille-20mm\/#breadcrumb"},"inLanguage":"es","potentialAction":[{"@type":"ReadAction","target":["https:\/\/pagani-design.eu\/products\/bracelet-jubille-20mm\/"]}]},{"@type":"ImageObject","inLanguage":"es","@id":"https:\/\/pagani-design.eu\/products\/bracelet-jubille-20mm\/#primaryimage","url":"https:\/\/pagani-design.eu\/wp-content\/uploads\/2024\/07\/1.webp","contentUrl":"https:\/\/pagani-design.eu\/wp-content\/uploads\/2024\/07\/1.webp","width":640,"height":640,"caption":"Bracelet Jubillee 20mm"},{"@type":"BreadcrumbList","@id":"https:\/\/pagani-design.eu\/products\/bracelet-jubille-20mm\/#breadcrumb","itemListElement":[{"@type":"ListItem","position":1,"name":"Accueil","item":"https:\/\/pagani-design.eu\/"},{"@type":"ListItem","position":2,"name":"Shop","item":"https:\/\/pagani-design.eu\/de\/shop\/"},{"@type":"ListItem","position":3,"name":"Bracelet Jubillee 20mm"}]},{"@type":"WebSite","@id":"https:\/\/pagani-design.eu\/de\/#website","url":"https:\/\/pagani-design.eu\/de\/","name":"Pagani Design","description":"Pagani Design","publisher":{"@id":"https:\/\/pagani-design.eu\/de\/#organization"},"alternateName":"Pagani Design","potentialAction":[{"@type":"SearchAction","target":{"@type":"EntryPoint","urlTemplate":"https:\/\/pagani-design.eu\/de\/?s={search_term_string}"},"query-input":{"@type":"PropertyValueSpecification","valueRequired":true,"valueName":"search_term_string"}}],"inLanguage":"es"},{"@type":"Organization","@id":"https:\/\/pagani-design.eu\/de\/#organization","name":"Pagani Design","alternateName":"Pagani Design","url":"https:\/\/pagani-design.eu\/de\/","logo":{"@type":"ImageObject","inLanguage":"es","@id":"https:\/\/pagani-design.eu\/de\/#\/schema\/logo\/image\/","url":"https:\/\/pagani-design.eu\/wp-content\/uploads\/2022\/01\/Montre-robuste-1.png","contentUrl":"https:\/\/pagani-design.eu\/wp-content\/uploads\/2022\/01\/Montre-robuste-1.png","width":750,"height":259,"caption":"Pagani Design"},"image":{"@id":"https:\/\/pagani-design.eu\/de\/#\/schema\/logo\/image\/"},"sameAs":["https:\/\/www.facebook.com\/profile.php?id=61561029376509","https:\/\/www.instagram.com\/pagani_design.fr","https:\/\/www.tiktok.com\/@pagani_design.fr"]}]}},"_links":{"self":[{"href":"https:\/\/pagani-design.eu\/es\/wp-json\/wp\/v2\/product\/23216","targetHints":{"allow":["GET"]}}],"collection":[{"href":"https:\/\/pagani-design.eu\/es\/wp-json\/wp\/v2\/product"}],"about":[{"href":"https:\/\/pagani-design.eu\/es\/wp-json\/wp\/v2\/types\/product"}],"version-history":[{"count":1,"href":"https:\/\/pagani-design.eu\/es\/wp-json\/wp\/v2\/product\/23216\/revisions"}],"predecessor-version":[{"id":27036,"href":"https:\/\/pagani-design.eu\/es\/wp-json\/wp\/v2\/product\/23216\/revisions\/27036"}],"wp:featuredmedia":[{"embeddable":true,"href":"https:\/\/pagani-design.eu\/es\/wp-json\/wp\/v2\/media\/23218"}],"wp:attachment":[{"href":"https:\/\/pagani-design.eu\/es\/wp-json\/wp\/v2\/media?parent=23216"}],"wp:term":[{"taxonomy":"product_brand","embeddable":true,"href":"https:\/\/pagani-design.eu\/es\/wp-json\/wp\/v2\/product_brand?post=23216"},{"taxonomy":"product_cat","embeddable":true,"href":"https:\/\/pagani-design.eu\/es\/wp-json\/wp\/v2\/product_cat?post=23216"},{"taxonomy":"product_tag","embeddable":true,"href":"https:\/\/pagani-design.eu\/es\/wp-json\/wp\/v2\/product_tag?post=23216"}],"curies":[{"name":"wp","href":"https:\/\/api.w.org\/{rel}","templated":true}]}}