{"id":25702,"date":"2025-03-03T14:59:40","date_gmt":"2025-03-03T14:59:40","guid":{"rendered":"https:\/\/pagani-design.eu\/?post_type=product&#038;p=25702"},"modified":"2026-01-30T08:29:17","modified_gmt":"2026-01-30T08:29:17","slug":"diseno-pagani-1637","status":"publish","type":"product","link":"https:\/\/pagani-design.eu\/es\/productos\/diseno-pagani-1637\/","title":{"rendered":"DISE\u00d1O PAGANI 1637"},"content":{"rendered":"<p><strong>ESPECIFICACIONES<\/strong><\/p>\n<ul>\n<li><strong>Longitud de la pulsera<\/strong> : 21 cm<\/li>\n<li><strong>Tama\u00f1o de la pulsera<\/strong> : 21 mm<\/li>\n<li><strong>Material de la pulsera<\/strong> : Acier inoxydable<\/li>\n<li><strong>Material de la carcasa<\/strong> : Alliage<\/li>\n<li><strong>Forma de la caja<\/strong> : Ronde<\/li>\n<li><strong>Tama\u00f1o de la caja<\/strong> : 14 mm<\/li>\n<li><strong>Di\u00e1metro del collar<\/strong> : 43 mm<\/li>\n<li><strong>Type de fermoir<\/strong> : Boucle \u00e0 crochet<\/li>\n<li><strong>Verre<\/strong> : Verre<\/li>\n<li><strong>Fonctions<\/strong> : Calendrier complet, r\u00e9sistant aux chocs, \u00e9tanche<\/li>\n<li><strong>Movimiento<\/strong> : Remontaje autom\u00e1tico<\/li>\n<li><strong>\u00c9tanch\u00e9it\u00e9<\/strong> : 3 CAJEROS AUTOM\u00c1TICOS<\/li>\n<\/ul>\n<p>&nbsp;<\/p>","protected":false},"excerpt":{"rendered":"<p>ESPECIFICACIONES Longitud del brazalete : 21 cm Longitud del brazalete : 21 mm Material del brazalete : Acero inoxidable Material de la caja : Alambre Forma de la caja : Redonda Ancho de la caja : 14 mm Di\u00e1metro del collar : 43 mm Type de fermoir : Boucle \u00e0 crochet Verre : Verre Fonctions : Calendrier complet, r\u00e9sistant aux chocs, \u00e9tanche Mouvement : Autom\u00e1tico con remontaje autom\u00e1tico Estanqueidad : 3 ATM &nbsp;<\/p>","protected":false},"featured_media":25695,"template":"","meta":[],"product_brand":[],"product_cat":[344],"product_tag":[],"class_list":{"0":"post-25702","1":"product","2":"type-product","3":"status-publish","4":"has-post-thumbnail","6":"product_cat-montre-pagani-homme","8":"first","9":"instock","10":"taxable","11":"shipping-taxable","12":"purchasable","13":"product-type-variable","14":"has-default-attributes"},"yoast_head":"<!-- This site is optimized with the Yoast SEO plugin v26.1.1 - https:\/\/yoast.com\/wordpress\/plugins\/seo\/ -->\n<title>PAGANI DESIGN 1637 - Pagani Design<\/title>\n<meta name=\"robots\" content=\"index, follow, max-snippet:-1, max-image-preview:large, max-video-preview:-1\" \/>\n<link rel=\"canonical\" href=\"https:\/\/pagani-design.eu\/es\/productos\/diseno-pagani-1637\/\" \/>\n<meta property=\"og:locale\" content=\"es_ES\" \/>\n<meta property=\"og:type\" content=\"article\" \/>\n<meta property=\"og:title\" content=\"PAGANI DESIGN 1637 - Pagani Design\" \/>\n<meta property=\"og:description\" content=\"SPECIFICATIONS Longueur du bracelet : 21 cm Largeur du bracelet : 21 mm Mat\u00e9riau du bracelet : Acier inoxydable Mat\u00e9riau du bo\u00eetier : Alliage Forme du bo\u00eetier : Ronde \u00c9paisseur du bo\u00eetier : 14 mm Diam\u00e8tre du cadran : 43 mm Type de fermoir : Boucle \u00e0 crochet Verre : Verre Fonctions : Calendrier complet, r\u00e9sistant aux chocs, \u00e9tanche Mouvement : Automatique \u00e0 remontage automatique \u00c9tanch\u00e9it\u00e9 : 3 ATM &nbsp;\" \/>\n<meta property=\"og:url\" content=\"https:\/\/pagani-design.eu\/es\/productos\/diseno-pagani-1637\/\" \/>\n<meta property=\"og:site_name\" content=\"Pagani Design\" \/>\n<meta property=\"article:publisher\" content=\"https:\/\/www.facebook.com\/profile.php?id=61561029376509\" \/>\n<meta property=\"article:modified_time\" content=\"2026-01-30T08:29:17+00:00\" \/>\n<meta property=\"og:image\" content=\"https:\/\/pagani-design.eu\/wp-content\/uploads\/2025\/03\/HTB1qF8fXoLrK1Rjy0Fjq6zYXFXak-wpp1741025656410.webp\" \/>\n\t<meta property=\"og:image:width\" content=\"500\" \/>\n\t<meta property=\"og:image:height\" content=\"500\" \/>\n\t<meta property=\"og:image:type\" content=\"image\/webp\" \/>\n<meta name=\"twitter:card\" content=\"summary_large_image\" \/>\n<meta name=\"twitter:label1\" content=\"Tiempo de lectura\" \/>\n\t<meta name=\"twitter:data1\" content=\"1 minuto\" \/>\n<script type=\"application\/ld+json\" class=\"yoast-schema-graph\">{\"@context\":\"https:\/\/schema.org\",\"@graph\":[{\"@type\":\"WebPage\",\"@id\":\"https:\/\/pagani-design.eu\/products\/pagani-design-1637\/\",\"url\":\"https:\/\/pagani-design.eu\/products\/pagani-design-1637\/\",\"name\":\"PAGANI DESIGN 1637 - Pagani Design\",\"isPartOf\":{\"@id\":\"https:\/\/pagani-design.eu\/de\/#website\"},\"primaryImageOfPage\":{\"@id\":\"https:\/\/pagani-design.eu\/products\/pagani-design-1637\/#primaryimage\"},\"image\":{\"@id\":\"https:\/\/pagani-design.eu\/products\/pagani-design-1637\/#primaryimage\"},\"thumbnailUrl\":\"https:\/\/pagani-design.eu\/wp-content\/uploads\/2025\/03\/HTB1qF8fXoLrK1Rjy0Fjq6zYXFXak-wpp1741025656410.webp\",\"datePublished\":\"2025-03-03T14:59:40+00:00\",\"dateModified\":\"2026-01-30T08:29:17+00:00\",\"breadcrumb\":{\"@id\":\"https:\/\/pagani-design.eu\/products\/pagani-design-1637\/#breadcrumb\"},\"inLanguage\":\"es\",\"potentialAction\":[{\"@type\":\"ReadAction\",\"target\":[\"https:\/\/pagani-design.eu\/products\/pagani-design-1637\/\"]}]},{\"@type\":\"ImageObject\",\"inLanguage\":\"es\",\"@id\":\"https:\/\/pagani-design.eu\/products\/pagani-design-1637\/#primaryimage\",\"url\":\"https:\/\/pagani-design.eu\/wp-content\/uploads\/2025\/03\/HTB1qF8fXoLrK1Rjy0Fjq6zYXFXak-wpp1741025656410.webp\",\"contentUrl\":\"https:\/\/pagani-design.eu\/wp-content\/uploads\/2025\/03\/HTB1qF8fXoLrK1Rjy0Fjq6zYXFXak-wpp1741025656410.webp\",\"width\":500,\"height\":500},{\"@type\":\"BreadcrumbList\",\"@id\":\"https:\/\/pagani-design.eu\/products\/pagani-design-1637\/#breadcrumb\",\"itemListElement\":[{\"@type\":\"ListItem\",\"position\":1,\"name\":\"Accueil\",\"item\":\"https:\/\/pagani-design.eu\/\"},{\"@type\":\"ListItem\",\"position\":2,\"name\":\"Shop\",\"item\":\"https:\/\/pagani-design.eu\/de\/shop\/\"},{\"@type\":\"ListItem\",\"position\":3,\"name\":\"PAGANI DESIGN 1637\"}]},{\"@type\":\"WebSite\",\"@id\":\"https:\/\/pagani-design.eu\/de\/#website\",\"url\":\"https:\/\/pagani-design.eu\/de\/\",\"name\":\"Pagani Design\",\"description\":\"Pagani Design\",\"publisher\":{\"@id\":\"https:\/\/pagani-design.eu\/de\/#organization\"},\"alternateName\":\"Pagani Design\",\"potentialAction\":[{\"@type\":\"SearchAction\",\"target\":{\"@type\":\"EntryPoint\",\"urlTemplate\":\"https:\/\/pagani-design.eu\/de\/?s={search_term_string}\"},\"query-input\":{\"@type\":\"PropertyValueSpecification\",\"valueRequired\":true,\"valueName\":\"search_term_string\"}}],\"inLanguage\":\"es\"},{\"@type\":\"Organization\",\"@id\":\"https:\/\/pagani-design.eu\/de\/#organization\",\"name\":\"Pagani Design\",\"alternateName\":\"Pagani Design\",\"url\":\"https:\/\/pagani-design.eu\/de\/\",\"logo\":{\"@type\":\"ImageObject\",\"inLanguage\":\"es\",\"@id\":\"https:\/\/pagani-design.eu\/de\/#\/schema\/logo\/image\/\",\"url\":\"https:\/\/pagani-design.eu\/wp-content\/uploads\/2022\/01\/Montre-robuste-1.png\",\"contentUrl\":\"https:\/\/pagani-design.eu\/wp-content\/uploads\/2022\/01\/Montre-robuste-1.png\",\"width\":750,\"height\":259,\"caption\":\"Pagani Design\"},\"image\":{\"@id\":\"https:\/\/pagani-design.eu\/de\/#\/schema\/logo\/image\/\"},\"sameAs\":[\"https:\/\/www.facebook.com\/profile.php?id=61561029376509\",\"https:\/\/www.instagram.com\/pagani_design.fr\",\"https:\/\/www.tiktok.com\/@pagani_design.fr\"]}]}<\/script>\n<!-- \/ Yoast SEO plugin. -->","yoast_head_json":{"title":"DISE\u00d1O PAGANI 1637 - Pagani Design","robots":{"index":"index","follow":"follow","max-snippet":"max-snippet:-1","max-image-preview":"max-image-preview:large","max-video-preview":"max-video-preview:-1"},"canonical":"https:\/\/pagani-design.eu\/es\/productos\/diseno-pagani-1637\/","og_locale":"es_ES","og_type":"article","og_title":"PAGANI DESIGN 1637 - Pagani Design","og_description":"SPECIFICATIONS Longueur du bracelet : 21 cm Largeur du bracelet : 21 mm Mat\u00e9riau du bracelet : Acier inoxydable Mat\u00e9riau du bo\u00eetier : Alliage Forme du bo\u00eetier : Ronde \u00c9paisseur du bo\u00eetier : 14 mm Diam\u00e8tre du cadran : 43 mm Type de fermoir : Boucle \u00e0 crochet Verre : Verre Fonctions : Calendrier complet, r\u00e9sistant aux chocs, \u00e9tanche Mouvement : Automatique \u00e0 remontage automatique \u00c9tanch\u00e9it\u00e9 : 3 ATM &nbsp;","og_url":"https:\/\/pagani-design.eu\/es\/productos\/diseno-pagani-1637\/","og_site_name":"Pagani Design","article_publisher":"https:\/\/www.facebook.com\/profile.php?id=61561029376509","article_modified_time":"2026-01-30T08:29:17+00:00","og_image":[{"width":500,"height":500,"url":"https:\/\/pagani-design.eu\/wp-content\/uploads\/2025\/03\/HTB1qF8fXoLrK1Rjy0Fjq6zYXFXak-wpp1741025656410.webp","type":"image\/webp"}],"twitter_card":"summary_large_image","twitter_misc":{"Tiempo de lectura":"1 minuto"},"schema":{"@context":"https:\/\/schema.org","@graph":[{"@type":"WebPage","@id":"https:\/\/pagani-design.eu\/products\/pagani-design-1637\/","url":"https:\/\/pagani-design.eu\/products\/pagani-design-1637\/","name":"DISE\u00d1O PAGANI 1637 - Pagani Design","isPartOf":{"@id":"https:\/\/pagani-design.eu\/de\/#website"},"primaryImageOfPage":{"@id":"https:\/\/pagani-design.eu\/products\/pagani-design-1637\/#primaryimage"},"image":{"@id":"https:\/\/pagani-design.eu\/products\/pagani-design-1637\/#primaryimage"},"thumbnailUrl":"https:\/\/pagani-design.eu\/wp-content\/uploads\/2025\/03\/HTB1qF8fXoLrK1Rjy0Fjq6zYXFXak-wpp1741025656410.webp","datePublished":"2025-03-03T14:59:40+00:00","dateModified":"2026-01-30T08:29:17+00:00","breadcrumb":{"@id":"https:\/\/pagani-design.eu\/products\/pagani-design-1637\/#breadcrumb"},"inLanguage":"es","potentialAction":[{"@type":"ReadAction","target":["https:\/\/pagani-design.eu\/products\/pagani-design-1637\/"]}]},{"@type":"ImageObject","inLanguage":"es","@id":"https:\/\/pagani-design.eu\/products\/pagani-design-1637\/#primaryimage","url":"https:\/\/pagani-design.eu\/wp-content\/uploads\/2025\/03\/HTB1qF8fXoLrK1Rjy0Fjq6zYXFXak-wpp1741025656410.webp","contentUrl":"https:\/\/pagani-design.eu\/wp-content\/uploads\/2025\/03\/HTB1qF8fXoLrK1Rjy0Fjq6zYXFXak-wpp1741025656410.webp","width":500,"height":500},{"@type":"BreadcrumbList","@id":"https:\/\/pagani-design.eu\/products\/pagani-design-1637\/#breadcrumb","itemListElement":[{"@type":"ListItem","position":1,"name":"Accueil","item":"https:\/\/pagani-design.eu\/"},{"@type":"ListItem","position":2,"name":"Shop","item":"https:\/\/pagani-design.eu\/de\/shop\/"},{"@type":"ListItem","position":3,"name":"PAGANI DESIGN 1637"}]},{"@type":"WebSite","@id":"https:\/\/pagani-design.eu\/de\/#website","url":"https:\/\/pagani-design.eu\/de\/","name":"Pagani Design","description":"Pagani Design","publisher":{"@id":"https:\/\/pagani-design.eu\/de\/#organization"},"alternateName":"Pagani Design","potentialAction":[{"@type":"SearchAction","target":{"@type":"EntryPoint","urlTemplate":"https:\/\/pagani-design.eu\/de\/?s={search_term_string}"},"query-input":{"@type":"PropertyValueSpecification","valueRequired":true,"valueName":"search_term_string"}}],"inLanguage":"es"},{"@type":"Organization","@id":"https:\/\/pagani-design.eu\/de\/#organization","name":"Pagani Design","alternateName":"Pagani Design","url":"https:\/\/pagani-design.eu\/de\/","logo":{"@type":"ImageObject","inLanguage":"es","@id":"https:\/\/pagani-design.eu\/de\/#\/schema\/logo\/image\/","url":"https:\/\/pagani-design.eu\/wp-content\/uploads\/2022\/01\/Montre-robuste-1.png","contentUrl":"https:\/\/pagani-design.eu\/wp-content\/uploads\/2022\/01\/Montre-robuste-1.png","width":750,"height":259,"caption":"Pagani Design"},"image":{"@id":"https:\/\/pagani-design.eu\/de\/#\/schema\/logo\/image\/"},"sameAs":["https:\/\/www.facebook.com\/profile.php?id=61561029376509","https:\/\/www.instagram.com\/pagani_design.fr","https:\/\/www.tiktok.com\/@pagani_design.fr"]}]}},"_links":{"self":[{"href":"https:\/\/pagani-design.eu\/es\/wp-json\/wp\/v2\/product\/25702","targetHints":{"allow":["GET"]}}],"collection":[{"href":"https:\/\/pagani-design.eu\/es\/wp-json\/wp\/v2\/product"}],"about":[{"href":"https:\/\/pagani-design.eu\/es\/wp-json\/wp\/v2\/types\/product"}],"version-history":[{"count":1,"href":"https:\/\/pagani-design.eu\/es\/wp-json\/wp\/v2\/product\/25702\/revisions"}],"predecessor-version":[{"id":27034,"href":"https:\/\/pagani-design.eu\/es\/wp-json\/wp\/v2\/product\/25702\/revisions\/27034"}],"wp:featuredmedia":[{"embeddable":true,"href":"https:\/\/pagani-design.eu\/es\/wp-json\/wp\/v2\/media\/25695"}],"wp:attachment":[{"href":"https:\/\/pagani-design.eu\/es\/wp-json\/wp\/v2\/media?parent=25702"}],"wp:term":[{"taxonomy":"product_brand","embeddable":true,"href":"https:\/\/pagani-design.eu\/es\/wp-json\/wp\/v2\/product_brand?post=25702"},{"taxonomy":"product_cat","embeddable":true,"href":"https:\/\/pagani-design.eu\/es\/wp-json\/wp\/v2\/product_cat?post=25702"},{"taxonomy":"product_tag","embeddable":true,"href":"https:\/\/pagani-design.eu\/es\/wp-json\/wp\/v2\/product_tag?post=25702"}],"curies":[{"name":"wp","href":"https:\/\/api.w.org\/{rel}","templated":true}]}}