{"id":25850,"date":"2025-03-03T15:04:21","date_gmt":"2025-03-03T15:04:21","guid":{"rendered":"https:\/\/pagani-design.eu\/?post_type=product&#038;p=25850"},"modified":"2026-01-30T08:29:16","modified_gmt":"2026-01-30T08:29:16","slug":"diseno-pagani-2720","status":"publish","type":"product","link":"https:\/\/pagani-design.eu\/es\/productos\/diseno-pagani-2720\/","title":{"rendered":"DISE\u00d1O PAGANI 2720"},"content":{"rendered":"<p><strong>ESPECIFICACIONES<\/strong><\/p>\n<ul>\n<li><strong>Longitud de la pulsera<\/strong> : 22 cm<\/li>\n<li><strong>Tama\u00f1o de la pulsera<\/strong> 20 mm<\/li>\n<li><strong>Material de la pulsera<\/strong> : Cuir<\/li>\n<li><strong>Material de la carcasa<\/strong> : Acier inoxydable<\/li>\n<li><strong>Forma de la caja<\/strong> : Ronde<\/li>\n<li><strong>Tama\u00f1o de la caja<\/strong> : 13 mm<\/li>\n<li><strong>Di\u00e1metro del collar<\/strong> : 43 mm<\/li>\n<li><strong>Type de fermoir<\/strong> : Fermoir \u00e0 bouton-poussoir dissimul\u00e9<\/li>\n<li><strong>Verre<\/strong> : Hardlex<\/li>\n<li><strong>Affichage<\/strong> : Sans chiffres<\/li>\n<li><strong>Fonctions<\/strong> : R\u00e9sistant aux chocs, aiguilles lumineuses, date automatique, \u00e9tanche, anti-magn\u00e9tique<\/li>\n<li><strong>Movimiento<\/strong> : Cuarzo<\/li>\n<li><strong>\u00c9tanch\u00e9it\u00e9<\/strong> : 5 CAJEROS AUTOM\u00c1TICOS<\/li>\n<\/ul>","protected":false},"excerpt":{"rendered":"<p>ESPECIFICACIONES Longitud del brazalete : 22 cm Longitud del brazalete : 20 mm Material del brazalete : Cuero Material de la funda : Acero inoxidable Forma de la funda : Redonda Anchura de la funda : 13 mm Di\u00e1metro del collar : 43 mm Type de fermoir : Fermoir \u00e0 bouton-poussoir dissimul\u00e9 Verre : Hardlex Affichage : Sans chiffres Fonctions : R\u00e9sistant aux chocs, aiguilles lumineuses, date automatique, \u00e9tanche, anti-magn\u00e9tique Mouvement : Cuarzo \u00c9tanch\u00e9it\u00e9 : 5 ATM<\/p>","protected":false},"featured_media":25840,"template":"","meta":[],"product_brand":[],"product_cat":[344],"product_tag":[],"class_list":{"0":"post-25850","1":"product","2":"type-product","3":"status-publish","4":"has-post-thumbnail","6":"product_cat-montre-pagani-homme","8":"first","9":"instock","10":"taxable","11":"shipping-taxable","12":"purchasable","13":"product-type-variable","14":"has-default-attributes"},"yoast_head":"<!-- This site is optimized with the Yoast SEO plugin v26.1.1 - https:\/\/yoast.com\/wordpress\/plugins\/seo\/ -->\n<title>PAGANI DESIGN 2720 - Pagani Design<\/title>\n<meta name=\"robots\" content=\"index, follow, max-snippet:-1, max-image-preview:large, max-video-preview:-1\" \/>\n<link rel=\"canonical\" href=\"https:\/\/pagani-design.eu\/es\/productos\/diseno-pagani-2720\/\" \/>\n<meta property=\"og:locale\" content=\"es_ES\" \/>\n<meta property=\"og:type\" content=\"article\" \/>\n<meta property=\"og:title\" content=\"PAGANI DESIGN 2720 - Pagani Design\" \/>\n<meta property=\"og:description\" content=\"SPECIFICATIONS Longueur du bracelet : 22 cm Largeur du bracelet : 20 mm Mat\u00e9riau du bracelet : Cuir Mat\u00e9riau du bo\u00eetier : Acier inoxydable Forme du bo\u00eetier : Ronde \u00c9paisseur du bo\u00eetier : 13 mm Diam\u00e8tre du cadran : 43 mm Type de fermoir : Fermoir \u00e0 bouton-poussoir dissimul\u00e9 Verre : Hardlex Affichage : Sans chiffres Fonctions : R\u00e9sistant aux chocs, aiguilles lumineuses, date automatique, \u00e9tanche, anti-magn\u00e9tique Mouvement : Quartz \u00c9tanch\u00e9it\u00e9 : 5 ATM\" \/>\n<meta property=\"og:url\" content=\"https:\/\/pagani-design.eu\/es\/productos\/diseno-pagani-2720\/\" \/>\n<meta property=\"og:site_name\" content=\"Pagani Design\" \/>\n<meta property=\"article:publisher\" content=\"https:\/\/www.facebook.com\/profile.php?id=61561029376509\" \/>\n<meta property=\"article:modified_time\" content=\"2026-01-30T08:29:16+00:00\" \/>\n<meta property=\"og:image\" content=\"https:\/\/pagani-design.eu\/wp-content\/uploads\/2025\/03\/S1e6d14ca9a694306ab03871caba3649eh.webp\" \/>\n\t<meta property=\"og:image:width\" content=\"1000\" \/>\n\t<meta property=\"og:image:height\" content=\"1000\" \/>\n\t<meta property=\"og:image:type\" content=\"image\/webp\" \/>\n<meta name=\"twitter:card\" content=\"summary_large_image\" \/>\n<meta name=\"twitter:label1\" content=\"Tiempo de lectura\" \/>\n\t<meta name=\"twitter:data1\" content=\"1 minuto\" \/>\n<script type=\"application\/ld+json\" class=\"yoast-schema-graph\">{\"@context\":\"https:\/\/schema.org\",\"@graph\":[{\"@type\":\"WebPage\",\"@id\":\"https:\/\/pagani-design.eu\/products\/pagani-design-2720\/\",\"url\":\"https:\/\/pagani-design.eu\/products\/pagani-design-2720\/\",\"name\":\"PAGANI DESIGN 2720 - Pagani Design\",\"isPartOf\":{\"@id\":\"https:\/\/pagani-design.eu\/de\/#website\"},\"primaryImageOfPage\":{\"@id\":\"https:\/\/pagani-design.eu\/products\/pagani-design-2720\/#primaryimage\"},\"image\":{\"@id\":\"https:\/\/pagani-design.eu\/products\/pagani-design-2720\/#primaryimage\"},\"thumbnailUrl\":\"https:\/\/pagani-design.eu\/wp-content\/uploads\/2025\/03\/S1e6d14ca9a694306ab03871caba3649eh.webp\",\"datePublished\":\"2025-03-03T15:04:21+00:00\",\"dateModified\":\"2026-01-30T08:29:16+00:00\",\"breadcrumb\":{\"@id\":\"https:\/\/pagani-design.eu\/products\/pagani-design-2720\/#breadcrumb\"},\"inLanguage\":\"es\",\"potentialAction\":[{\"@type\":\"ReadAction\",\"target\":[\"https:\/\/pagani-design.eu\/products\/pagani-design-2720\/\"]}]},{\"@type\":\"ImageObject\",\"inLanguage\":\"es\",\"@id\":\"https:\/\/pagani-design.eu\/products\/pagani-design-2720\/#primaryimage\",\"url\":\"https:\/\/pagani-design.eu\/wp-content\/uploads\/2025\/03\/S1e6d14ca9a694306ab03871caba3649eh.webp\",\"contentUrl\":\"https:\/\/pagani-design.eu\/wp-content\/uploads\/2025\/03\/S1e6d14ca9a694306ab03871caba3649eh.webp\",\"width\":1000,\"height\":1000},{\"@type\":\"BreadcrumbList\",\"@id\":\"https:\/\/pagani-design.eu\/products\/pagani-design-2720\/#breadcrumb\",\"itemListElement\":[{\"@type\":\"ListItem\",\"position\":1,\"name\":\"Accueil\",\"item\":\"https:\/\/pagani-design.eu\/\"},{\"@type\":\"ListItem\",\"position\":2,\"name\":\"Shop\",\"item\":\"https:\/\/pagani-design.eu\/de\/shop\/\"},{\"@type\":\"ListItem\",\"position\":3,\"name\":\"PAGANI DESIGN 2720\"}]},{\"@type\":\"WebSite\",\"@id\":\"https:\/\/pagani-design.eu\/de\/#website\",\"url\":\"https:\/\/pagani-design.eu\/de\/\",\"name\":\"Pagani Design\",\"description\":\"Pagani Design\",\"publisher\":{\"@id\":\"https:\/\/pagani-design.eu\/de\/#organization\"},\"alternateName\":\"Pagani Design\",\"potentialAction\":[{\"@type\":\"SearchAction\",\"target\":{\"@type\":\"EntryPoint\",\"urlTemplate\":\"https:\/\/pagani-design.eu\/de\/?s={search_term_string}\"},\"query-input\":{\"@type\":\"PropertyValueSpecification\",\"valueRequired\":true,\"valueName\":\"search_term_string\"}}],\"inLanguage\":\"es\"},{\"@type\":\"Organization\",\"@id\":\"https:\/\/pagani-design.eu\/de\/#organization\",\"name\":\"Pagani Design\",\"alternateName\":\"Pagani Design\",\"url\":\"https:\/\/pagani-design.eu\/de\/\",\"logo\":{\"@type\":\"ImageObject\",\"inLanguage\":\"es\",\"@id\":\"https:\/\/pagani-design.eu\/de\/#\/schema\/logo\/image\/\",\"url\":\"https:\/\/pagani-design.eu\/wp-content\/uploads\/2022\/01\/Montre-robuste-1.png\",\"contentUrl\":\"https:\/\/pagani-design.eu\/wp-content\/uploads\/2022\/01\/Montre-robuste-1.png\",\"width\":750,\"height\":259,\"caption\":\"Pagani Design\"},\"image\":{\"@id\":\"https:\/\/pagani-design.eu\/de\/#\/schema\/logo\/image\/\"},\"sameAs\":[\"https:\/\/www.facebook.com\/profile.php?id=61561029376509\",\"https:\/\/www.instagram.com\/pagani_design.fr\",\"https:\/\/www.tiktok.com\/@pagani_design.fr\"]}]}<\/script>\n<!-- \/ Yoast SEO plugin. -->","yoast_head_json":{"title":"DISE\u00d1O PAGANI 2720 - Pagani Design","robots":{"index":"index","follow":"follow","max-snippet":"max-snippet:-1","max-image-preview":"max-image-preview:large","max-video-preview":"max-video-preview:-1"},"canonical":"https:\/\/pagani-design.eu\/es\/productos\/diseno-pagani-2720\/","og_locale":"es_ES","og_type":"article","og_title":"PAGANI DESIGN 2720 - Pagani Design","og_description":"SPECIFICATIONS Longueur du bracelet : 22 cm Largeur du bracelet : 20 mm Mat\u00e9riau du bracelet : Cuir Mat\u00e9riau du bo\u00eetier : Acier inoxydable Forme du bo\u00eetier : Ronde \u00c9paisseur du bo\u00eetier : 13 mm Diam\u00e8tre du cadran : 43 mm Type de fermoir : Fermoir \u00e0 bouton-poussoir dissimul\u00e9 Verre : Hardlex Affichage : Sans chiffres Fonctions : R\u00e9sistant aux chocs, aiguilles lumineuses, date automatique, \u00e9tanche, anti-magn\u00e9tique Mouvement : Quartz \u00c9tanch\u00e9it\u00e9 : 5 ATM","og_url":"https:\/\/pagani-design.eu\/es\/productos\/diseno-pagani-2720\/","og_site_name":"Pagani Design","article_publisher":"https:\/\/www.facebook.com\/profile.php?id=61561029376509","article_modified_time":"2026-01-30T08:29:16+00:00","og_image":[{"width":1000,"height":1000,"url":"https:\/\/pagani-design.eu\/wp-content\/uploads\/2025\/03\/S1e6d14ca9a694306ab03871caba3649eh.webp","type":"image\/webp"}],"twitter_card":"summary_large_image","twitter_misc":{"Tiempo de lectura":"1 minuto"},"schema":{"@context":"https:\/\/schema.org","@graph":[{"@type":"WebPage","@id":"https:\/\/pagani-design.eu\/products\/pagani-design-2720\/","url":"https:\/\/pagani-design.eu\/products\/pagani-design-2720\/","name":"DISE\u00d1O PAGANI 2720 - Pagani Design","isPartOf":{"@id":"https:\/\/pagani-design.eu\/de\/#website"},"primaryImageOfPage":{"@id":"https:\/\/pagani-design.eu\/products\/pagani-design-2720\/#primaryimage"},"image":{"@id":"https:\/\/pagani-design.eu\/products\/pagani-design-2720\/#primaryimage"},"thumbnailUrl":"https:\/\/pagani-design.eu\/wp-content\/uploads\/2025\/03\/S1e6d14ca9a694306ab03871caba3649eh.webp","datePublished":"2025-03-03T15:04:21+00:00","dateModified":"2026-01-30T08:29:16+00:00","breadcrumb":{"@id":"https:\/\/pagani-design.eu\/products\/pagani-design-2720\/#breadcrumb"},"inLanguage":"es","potentialAction":[{"@type":"ReadAction","target":["https:\/\/pagani-design.eu\/products\/pagani-design-2720\/"]}]},{"@type":"ImageObject","inLanguage":"es","@id":"https:\/\/pagani-design.eu\/products\/pagani-design-2720\/#primaryimage","url":"https:\/\/pagani-design.eu\/wp-content\/uploads\/2025\/03\/S1e6d14ca9a694306ab03871caba3649eh.webp","contentUrl":"https:\/\/pagani-design.eu\/wp-content\/uploads\/2025\/03\/S1e6d14ca9a694306ab03871caba3649eh.webp","width":1000,"height":1000},{"@type":"BreadcrumbList","@id":"https:\/\/pagani-design.eu\/products\/pagani-design-2720\/#breadcrumb","itemListElement":[{"@type":"ListItem","position":1,"name":"Accueil","item":"https:\/\/pagani-design.eu\/"},{"@type":"ListItem","position":2,"name":"Shop","item":"https:\/\/pagani-design.eu\/de\/shop\/"},{"@type":"ListItem","position":3,"name":"PAGANI DESIGN 2720"}]},{"@type":"WebSite","@id":"https:\/\/pagani-design.eu\/de\/#website","url":"https:\/\/pagani-design.eu\/de\/","name":"Pagani Design","description":"Pagani Design","publisher":{"@id":"https:\/\/pagani-design.eu\/de\/#organization"},"alternateName":"Pagani Design","potentialAction":[{"@type":"SearchAction","target":{"@type":"EntryPoint","urlTemplate":"https:\/\/pagani-design.eu\/de\/?s={search_term_string}"},"query-input":{"@type":"PropertyValueSpecification","valueRequired":true,"valueName":"search_term_string"}}],"inLanguage":"es"},{"@type":"Organization","@id":"https:\/\/pagani-design.eu\/de\/#organization","name":"Pagani Design","alternateName":"Pagani Design","url":"https:\/\/pagani-design.eu\/de\/","logo":{"@type":"ImageObject","inLanguage":"es","@id":"https:\/\/pagani-design.eu\/de\/#\/schema\/logo\/image\/","url":"https:\/\/pagani-design.eu\/wp-content\/uploads\/2022\/01\/Montre-robuste-1.png","contentUrl":"https:\/\/pagani-design.eu\/wp-content\/uploads\/2022\/01\/Montre-robuste-1.png","width":750,"height":259,"caption":"Pagani Design"},"image":{"@id":"https:\/\/pagani-design.eu\/de\/#\/schema\/logo\/image\/"},"sameAs":["https:\/\/www.facebook.com\/profile.php?id=61561029376509","https:\/\/www.instagram.com\/pagani_design.fr","https:\/\/www.tiktok.com\/@pagani_design.fr"]}]}},"_links":{"self":[{"href":"https:\/\/pagani-design.eu\/es\/wp-json\/wp\/v2\/product\/25850","targetHints":{"allow":["GET"]}}],"collection":[{"href":"https:\/\/pagani-design.eu\/es\/wp-json\/wp\/v2\/product"}],"about":[{"href":"https:\/\/pagani-design.eu\/es\/wp-json\/wp\/v2\/types\/product"}],"version-history":[{"count":1,"href":"https:\/\/pagani-design.eu\/es\/wp-json\/wp\/v2\/product\/25850\/revisions"}],"predecessor-version":[{"id":27027,"href":"https:\/\/pagani-design.eu\/es\/wp-json\/wp\/v2\/product\/25850\/revisions\/27027"}],"wp:featuredmedia":[{"embeddable":true,"href":"https:\/\/pagani-design.eu\/es\/wp-json\/wp\/v2\/media\/25840"}],"wp:attachment":[{"href":"https:\/\/pagani-design.eu\/es\/wp-json\/wp\/v2\/media?parent=25850"}],"wp:term":[{"taxonomy":"product_brand","embeddable":true,"href":"https:\/\/pagani-design.eu\/es\/wp-json\/wp\/v2\/product_brand?post=25850"},{"taxonomy":"product_cat","embeddable":true,"href":"https:\/\/pagani-design.eu\/es\/wp-json\/wp\/v2\/product_cat?post=25850"},{"taxonomy":"product_tag","embeddable":true,"href":"https:\/\/pagani-design.eu\/es\/wp-json\/wp\/v2\/product_tag?post=25850"}],"curies":[{"name":"wp","href":"https:\/\/api.w.org\/{rel}","templated":true}]}}