{"id":26732,"date":"2025-04-22T15:59:58","date_gmt":"2025-04-22T15:59:58","guid":{"rendered":"https:\/\/pagani-design.eu\/?post_type=product&#038;p=26732"},"modified":"2026-01-30T08:29:15","modified_gmt":"2026-01-30T08:29:15","slug":"boite-a-montres-etui-3-montres","status":"publish","type":"product","link":"https:\/\/pagani-design.eu\/es\/productos\/boite-a-montres-etui-3-montres\/","title":{"rendered":"BOITE \u00c0 MONTRES - \u00c9TUI 3 MONTRES"},"content":{"rendered":"<h4>Grabadora elegante para 3 monturas<\/h4>\n<p>Ofrezca a sus monturas una protecci\u00f3n digna de su valor con nuestra caseta para monturas de 3 piezas. Id\u00e9al pour voyager ou exposer vos garde-temps avec style, cet \u00e9tui allie s\u00e9curit\u00e9, compacit\u00e9 et \u00e9l\u00e9gance. Su interior suave evita los rayos, mientras que su dise\u00f1o r\u00edgido protege de los golpes.<\/p>\n<h4>El accesorio indispensable para los amantes de la relojer\u00eda<\/h4>\n<p>Tanto si eres coleccionista como si simplemente eres un aficionado a las bellas monturas, este estuche de tres emplazamientos valoriza tus piezas al mismo tiempo que las protege. Compacto y resistente, cabe tanto en una bolsa de viaje como en un estuche.<\/p>\n<p>Proteja sus monturas con estilo, est\u00e9 donde est\u00e9.<\/p>\n<p>Caracter\u00edsticas del producto<\/p>\n<ul>\n<li>Capacidad : 3 montres<\/li>\n<li>Ext\u00e9rieur rigide anti-chocs<\/li>\n<li>Int\u00e9rieur doux anti-rayures<\/li>\n<li>Cierre de seguridad por bot\u00f3n de presi\u00f3n<\/li>\n<li>Compacto: ideal para viajar o guardar en casa<\/li>\n<\/ul>","protected":false},"excerpt":{"rendered":"<p>Proteja sus monturas con estilo, est\u00e9 donde est\u00e9.<\/p>","protected":false},"featured_media":26736,"template":"","meta":[],"product_brand":[],"product_cat":[341],"product_tag":[],"class_list":{"0":"post-26732","1":"product","2":"type-product","3":"status-publish","4":"has-post-thumbnail","6":"product_cat-accessoires","8":"first","9":"instock","10":"taxable","11":"shipping-taxable","12":"purchasable","13":"product-type-simple"},"yoast_head":"<!-- This site is optimized with the Yoast SEO plugin v26.1.1 - https:\/\/yoast.com\/wordpress\/plugins\/seo\/ -->\n<title>BOITE \u00c0 MONTRES - \u00c9TUI 3 MONTRES - Pagani Design<\/title>\n<meta name=\"robots\" content=\"index, follow, max-snippet:-1, max-image-preview:large, max-video-preview:-1\" \/>\n<link rel=\"canonical\" href=\"https:\/\/pagani-design.eu\/es\/productos\/boite-a-montres-etui-3-montres\/\" \/>\n<meta property=\"og:locale\" content=\"es_ES\" \/>\n<meta property=\"og:type\" content=\"article\" \/>\n<meta property=\"og:title\" content=\"BOITE \u00c0 MONTRES - \u00c9TUI 3 MONTRES - Pagani Design\" \/>\n<meta property=\"og:description\" content=\"Prot\u00e9gez vos montres avec style, o\u00f9 que vous soyez.\" \/>\n<meta property=\"og:url\" content=\"https:\/\/pagani-design.eu\/es\/productos\/boite-a-montres-etui-3-montres\/\" \/>\n<meta property=\"og:site_name\" content=\"Pagani Design\" \/>\n<meta property=\"article:publisher\" content=\"https:\/\/www.facebook.com\/profile.php?id=61561029376509\" \/>\n<meta property=\"article:modified_time\" content=\"2026-01-30T08:29:15+00:00\" \/>\n<meta property=\"og:image\" content=\"https:\/\/pagani-design.eu\/wp-content\/uploads\/2025\/04\/boite-a-montre.webp\" \/>\n\t<meta property=\"og:image:width\" content=\"800\" \/>\n\t<meta property=\"og:image:height\" content=\"800\" \/>\n\t<meta property=\"og:image:type\" content=\"image\/webp\" \/>\n<meta name=\"twitter:card\" content=\"summary_large_image\" \/>\n<meta name=\"twitter:label1\" content=\"Tiempo de lectura\" \/>\n\t<meta name=\"twitter:data1\" content=\"1 minuto\" \/>\n<script type=\"application\/ld+json\" class=\"yoast-schema-graph\">{\"@context\":\"https:\/\/schema.org\",\"@graph\":[{\"@type\":\"WebPage\",\"@id\":\"https:\/\/pagani-design.eu\/products\/boite-a-montres-etui-3-montres\/\",\"url\":\"https:\/\/pagani-design.eu\/products\/boite-a-montres-etui-3-montres\/\",\"name\":\"BOITE \u00c0 MONTRES - \u00c9TUI 3 MONTRES - Pagani Design\",\"isPartOf\":{\"@id\":\"https:\/\/pagani-design.eu\/de\/#website\"},\"primaryImageOfPage\":{\"@id\":\"https:\/\/pagani-design.eu\/products\/boite-a-montres-etui-3-montres\/#primaryimage\"},\"image\":{\"@id\":\"https:\/\/pagani-design.eu\/products\/boite-a-montres-etui-3-montres\/#primaryimage\"},\"thumbnailUrl\":\"https:\/\/pagani-design.eu\/wp-content\/uploads\/2025\/04\/boite-a-montre.webp\",\"datePublished\":\"2025-04-22T15:59:58+00:00\",\"dateModified\":\"2026-01-30T08:29:15+00:00\",\"breadcrumb\":{\"@id\":\"https:\/\/pagani-design.eu\/products\/boite-a-montres-etui-3-montres\/#breadcrumb\"},\"inLanguage\":\"es\",\"potentialAction\":[{\"@type\":\"ReadAction\",\"target\":[\"https:\/\/pagani-design.eu\/products\/boite-a-montres-etui-3-montres\/\"]}]},{\"@type\":\"ImageObject\",\"inLanguage\":\"es\",\"@id\":\"https:\/\/pagani-design.eu\/products\/boite-a-montres-etui-3-montres\/#primaryimage\",\"url\":\"https:\/\/pagani-design.eu\/wp-content\/uploads\/2025\/04\/boite-a-montre.webp\",\"contentUrl\":\"https:\/\/pagani-design.eu\/wp-content\/uploads\/2025\/04\/boite-a-montre.webp\",\"width\":800,\"height\":800},{\"@type\":\"BreadcrumbList\",\"@id\":\"https:\/\/pagani-design.eu\/products\/boite-a-montres-etui-3-montres\/#breadcrumb\",\"itemListElement\":[{\"@type\":\"ListItem\",\"position\":1,\"name\":\"Accueil\",\"item\":\"https:\/\/pagani-design.eu\/\"},{\"@type\":\"ListItem\",\"position\":2,\"name\":\"Shop\",\"item\":\"https:\/\/pagani-design.eu\/de\/shop\/\"},{\"@type\":\"ListItem\",\"position\":3,\"name\":\"BOITE \u00c0 MONTRES &#8211; \u00c9TUI 3 MONTRES\"}]},{\"@type\":\"WebSite\",\"@id\":\"https:\/\/pagani-design.eu\/de\/#website\",\"url\":\"https:\/\/pagani-design.eu\/de\/\",\"name\":\"Pagani Design\",\"description\":\"Pagani Design\",\"publisher\":{\"@id\":\"https:\/\/pagani-design.eu\/de\/#organization\"},\"alternateName\":\"Pagani Design\",\"potentialAction\":[{\"@type\":\"SearchAction\",\"target\":{\"@type\":\"EntryPoint\",\"urlTemplate\":\"https:\/\/pagani-design.eu\/de\/?s={search_term_string}\"},\"query-input\":{\"@type\":\"PropertyValueSpecification\",\"valueRequired\":true,\"valueName\":\"search_term_string\"}}],\"inLanguage\":\"es\"},{\"@type\":\"Organization\",\"@id\":\"https:\/\/pagani-design.eu\/de\/#organization\",\"name\":\"Pagani Design\",\"alternateName\":\"Pagani Design\",\"url\":\"https:\/\/pagani-design.eu\/de\/\",\"logo\":{\"@type\":\"ImageObject\",\"inLanguage\":\"es\",\"@id\":\"https:\/\/pagani-design.eu\/de\/#\/schema\/logo\/image\/\",\"url\":\"https:\/\/pagani-design.eu\/wp-content\/uploads\/2022\/01\/Montre-robuste-1.png\",\"contentUrl\":\"https:\/\/pagani-design.eu\/wp-content\/uploads\/2022\/01\/Montre-robuste-1.png\",\"width\":750,\"height\":259,\"caption\":\"Pagani Design\"},\"image\":{\"@id\":\"https:\/\/pagani-design.eu\/de\/#\/schema\/logo\/image\/\"},\"sameAs\":[\"https:\/\/www.facebook.com\/profile.php?id=61561029376509\",\"https:\/\/www.instagram.com\/pagani_design.fr\",\"https:\/\/www.tiktok.com\/@pagani_design.fr\"]}]}<\/script>\n<!-- \/ Yoast SEO plugin. -->","yoast_head_json":{"title":"BOITE \u00c0 MONTRES - \u00c9TUI 3 MONTRES - Pagani Design","robots":{"index":"index","follow":"follow","max-snippet":"max-snippet:-1","max-image-preview":"max-image-preview:large","max-video-preview":"max-video-preview:-1"},"canonical":"https:\/\/pagani-design.eu\/es\/productos\/boite-a-montres-etui-3-montres\/","og_locale":"es_ES","og_type":"article","og_title":"BOITE \u00c0 MONTRES - \u00c9TUI 3 MONTRES - Pagani Design","og_description":"Prot\u00e9gez vos montres avec style, o\u00f9 que vous soyez.","og_url":"https:\/\/pagani-design.eu\/es\/productos\/boite-a-montres-etui-3-montres\/","og_site_name":"Pagani Design","article_publisher":"https:\/\/www.facebook.com\/profile.php?id=61561029376509","article_modified_time":"2026-01-30T08:29:15+00:00","og_image":[{"width":800,"height":800,"url":"https:\/\/pagani-design.eu\/wp-content\/uploads\/2025\/04\/boite-a-montre.webp","type":"image\/webp"}],"twitter_card":"summary_large_image","twitter_misc":{"Tiempo de lectura":"1 minuto"},"schema":{"@context":"https:\/\/schema.org","@graph":[{"@type":"WebPage","@id":"https:\/\/pagani-design.eu\/products\/boite-a-montres-etui-3-montres\/","url":"https:\/\/pagani-design.eu\/products\/boite-a-montres-etui-3-montres\/","name":"BOITE \u00c0 MONTRES - \u00c9TUI 3 MONTRES - Pagani Design","isPartOf":{"@id":"https:\/\/pagani-design.eu\/de\/#website"},"primaryImageOfPage":{"@id":"https:\/\/pagani-design.eu\/products\/boite-a-montres-etui-3-montres\/#primaryimage"},"image":{"@id":"https:\/\/pagani-design.eu\/products\/boite-a-montres-etui-3-montres\/#primaryimage"},"thumbnailUrl":"https:\/\/pagani-design.eu\/wp-content\/uploads\/2025\/04\/boite-a-montre.webp","datePublished":"2025-04-22T15:59:58+00:00","dateModified":"2026-01-30T08:29:15+00:00","breadcrumb":{"@id":"https:\/\/pagani-design.eu\/products\/boite-a-montres-etui-3-montres\/#breadcrumb"},"inLanguage":"es","potentialAction":[{"@type":"ReadAction","target":["https:\/\/pagani-design.eu\/products\/boite-a-montres-etui-3-montres\/"]}]},{"@type":"ImageObject","inLanguage":"es","@id":"https:\/\/pagani-design.eu\/products\/boite-a-montres-etui-3-montres\/#primaryimage","url":"https:\/\/pagani-design.eu\/wp-content\/uploads\/2025\/04\/boite-a-montre.webp","contentUrl":"https:\/\/pagani-design.eu\/wp-content\/uploads\/2025\/04\/boite-a-montre.webp","width":800,"height":800},{"@type":"BreadcrumbList","@id":"https:\/\/pagani-design.eu\/products\/boite-a-montres-etui-3-montres\/#breadcrumb","itemListElement":[{"@type":"ListItem","position":1,"name":"Accueil","item":"https:\/\/pagani-design.eu\/"},{"@type":"ListItem","position":2,"name":"Shop","item":"https:\/\/pagani-design.eu\/de\/shop\/"},{"@type":"ListItem","position":3,"name":"BOITE \u00c0 MONTRES &#8211; \u00c9TUI 3 MONTRES"}]},{"@type":"WebSite","@id":"https:\/\/pagani-design.eu\/de\/#website","url":"https:\/\/pagani-design.eu\/de\/","name":"Pagani Design","description":"Pagani Design","publisher":{"@id":"https:\/\/pagani-design.eu\/de\/#organization"},"alternateName":"Pagani Design","potentialAction":[{"@type":"SearchAction","target":{"@type":"EntryPoint","urlTemplate":"https:\/\/pagani-design.eu\/de\/?s={search_term_string}"},"query-input":{"@type":"PropertyValueSpecification","valueRequired":true,"valueName":"search_term_string"}}],"inLanguage":"es"},{"@type":"Organization","@id":"https:\/\/pagani-design.eu\/de\/#organization","name":"Pagani Design","alternateName":"Pagani Design","url":"https:\/\/pagani-design.eu\/de\/","logo":{"@type":"ImageObject","inLanguage":"es","@id":"https:\/\/pagani-design.eu\/de\/#\/schema\/logo\/image\/","url":"https:\/\/pagani-design.eu\/wp-content\/uploads\/2022\/01\/Montre-robuste-1.png","contentUrl":"https:\/\/pagani-design.eu\/wp-content\/uploads\/2022\/01\/Montre-robuste-1.png","width":750,"height":259,"caption":"Pagani Design"},"image":{"@id":"https:\/\/pagani-design.eu\/de\/#\/schema\/logo\/image\/"},"sameAs":["https:\/\/www.facebook.com\/profile.php?id=61561029376509","https:\/\/www.instagram.com\/pagani_design.fr","https:\/\/www.tiktok.com\/@pagani_design.fr"]}]}},"_links":{"self":[{"href":"https:\/\/pagani-design.eu\/es\/wp-json\/wp\/v2\/product\/26732","targetHints":{"allow":["GET"]}}],"collection":[{"href":"https:\/\/pagani-design.eu\/es\/wp-json\/wp\/v2\/product"}],"about":[{"href":"https:\/\/pagani-design.eu\/es\/wp-json\/wp\/v2\/types\/product"}],"version-history":[{"count":1,"href":"https:\/\/pagani-design.eu\/es\/wp-json\/wp\/v2\/product\/26732\/revisions"}],"predecessor-version":[{"id":27005,"href":"https:\/\/pagani-design.eu\/es\/wp-json\/wp\/v2\/product\/26732\/revisions\/27005"}],"wp:featuredmedia":[{"embeddable":true,"href":"https:\/\/pagani-design.eu\/es\/wp-json\/wp\/v2\/media\/26736"}],"wp:attachment":[{"href":"https:\/\/pagani-design.eu\/es\/wp-json\/wp\/v2\/media?parent=26732"}],"wp:term":[{"taxonomy":"product_brand","embeddable":true,"href":"https:\/\/pagani-design.eu\/es\/wp-json\/wp\/v2\/product_brand?post=26732"},{"taxonomy":"product_cat","embeddable":true,"href":"https:\/\/pagani-design.eu\/es\/wp-json\/wp\/v2\/product_cat?post=26732"},{"taxonomy":"product_tag","embeddable":true,"href":"https:\/\/pagani-design.eu\/es\/wp-json\/wp\/v2\/product_tag?post=26732"}],"curies":[{"name":"wp","href":"https:\/\/api.w.org\/{rel}","templated":true}]}}