{"id":26796,"date":"2025-05-28T08:23:18","date_gmt":"2025-05-28T08:23:18","guid":{"rendered":"https:\/\/pagani-design.eu\/?post_type=product&#038;p=26796"},"modified":"2026-01-30T08:29:15","modified_gmt":"2026-01-30T08:29:15","slug":"pagani-design-1645-green-edition","status":"publish","type":"product","link":"https:\/\/pagani-design.eu\/es\/productos\/pagani-design-1645-green-edition\/","title":{"rendered":"PAGANI DESIGN 1645 (Edici\u00f3n verde)"},"content":{"rendered":"<h4>Caracter\u00edsticas del producto<\/h4>\n<p><strong>DISE\u00d1O PAGANI 1645<\/strong><\/p>\n<ul>\n<li><strong>Diam\u00e8tre :<\/strong> 42 mm<\/li>\n<li><strong>Hauteur :<\/strong> 12 mm<\/li>\n<li><strong>Mat\u00e9riau :<\/strong> Acier inoxydable 316L (quir\u00fargica)<\/li>\n<li><strong>Acabado :<\/strong> Acier inoxydable poli<\/li>\n<li><strong>Couronne :<\/strong> Viss\u00e9e<\/li>\n<li><strong>Verre :<\/strong> Cristal de zafiro con revestimiento duro, resistente a los rayos y al tratamiento antirreflejos<\/li>\n<li><strong>Base de la caja :<\/strong> Viss\u00e9e<\/li>\n<li><strong>\u00c9tanch\u00e9it\u00e9 :<\/strong> Hasta 10 bares<\/li>\n<\/ul>","protected":false},"excerpt":{"rendered":"<ul style=\"list-style-type: none; padding: 0;\">\n<li style=\"display: flex; align-items: center; margin-bottom: 8px; line-height: 1;\"><span style=\"font-family: arial, helvetica, sans-serif;\"><img decoding=\"async\" style=\"width: 15px; height: 15px; margin-right: 8px; vertical-align: middle;\" src=\"https:\/\/pagani-design.eu\/wp-content\/uploads\/2024\/10\/Check-icon.png\" alt=\"icono de control\" \/><br \/>\n<\/span><br \/>\n<span style=\"display: inline-block; vertical-align: middle; font-family: arial, helvetica, sans-serif; color: black;\">Bo\u00eetier en acier inoxydable 316L<br \/>\n<\/span><\/li>\n<li style=\"display: flex; align-items: center; margin-bottom: 8px; line-height: 1;\"><span style=\"font-family: arial, helvetica, sans-serif;\"><img decoding=\"async\" style=\"width: 15px; height: 15px; margin-right: 8px; vertical-align: middle;\" src=\"https:\/\/pagani-design.eu\/wp-content\/uploads\/2024\/10\/Check-icon.png\" alt=\"icono de control\" \/><br \/>\n<\/span><br \/>\n<span style=\"display: inline-block; vertical-align: middle; font-family: arial, helvetica, sans-serif; color: black;\">Verre saphir antireflet<br \/>\n<\/span><\/li>\n<li style=\"display: flex; align-items: center; line-height: 1;\"><span style=\"font-family: arial, helvetica, sans-serif;\"><img decoding=\"async\" style=\"width: 15px; height: 15px; margin-right: 8px; vertical-align: middle;\" src=\"https:\/\/pagani-design.eu\/wp-content\/uploads\/2024\/10\/Check-icon.png\" alt=\"icono de control\" \/><br \/>\n<\/span><br \/>\n<span style=\"display: inline-block; vertical-align: middle; font-family: arial, helvetica, sans-serif; color: black;\">\u00c9tanch\u00e9it\u00e9 10 bares<\/span><\/li>\n<\/ul>","protected":false},"featured_media":26803,"template":"","meta":[],"product_brand":[],"product_cat":[344,339,367,343],"product_tag":[350,327,352,336,337,338],"class_list":{"0":"post-26796","1":"product","2":"type-product","3":"status-publish","4":"has-post-thumbnail","6":"product_cat-montre-pagani-homme","7":"product_cat-prestige","8":"product_cat-montre-pagani-design-automatique","9":"product_cat-nouveautes","10":"product_tag-10bar","11":"product_tag-20mm","12":"product_tag-42mm","13":"product_tag-automatico","14":"product_tag-homme","15":"product_tag-seiko","17":"first","18":"instock","19":"sale","20":"taxable","21":"shipping-taxable","22":"purchasable","23":"product-type-simple"},"yoast_head":"<!-- This site is optimized with the Yoast SEO plugin v26.1.1 - https:\/\/yoast.com\/wordpress\/plugins\/seo\/ -->\n<title>PAGANI DESIGN 1645 (Green edition) - Pagani Design<\/title>\n<meta name=\"description\" content=\"PAGANI DESIGN 1645 : une montre alliant style classique et performance, parfaite pour les amateurs d&#039;\u00e9l\u00e9gance et de pr\u00e9cision. Ne manquez pas ce mod\u00e8le !\" \/>\n<meta name=\"robots\" content=\"index, follow, max-snippet:-1, max-image-preview:large, max-video-preview:-1\" \/>\n<link rel=\"canonical\" href=\"https:\/\/pagani-design.eu\/es\/productos\/pagani-design-1645-green-edition\/\" \/>\n<meta property=\"og:locale\" content=\"es_ES\" \/>\n<meta property=\"og:type\" content=\"article\" \/>\n<meta property=\"og:title\" content=\"PAGANI DESIGN 1645 (Green edition) - Pagani Design\" \/>\n<meta property=\"og:description\" content=\"PAGANI DESIGN 1645 : une montre alliant style classique et performance, parfaite pour les amateurs d&#039;\u00e9l\u00e9gance et de pr\u00e9cision. Ne manquez pas ce mod\u00e8le !\" \/>\n<meta property=\"og:url\" content=\"https:\/\/pagani-design.eu\/es\/productos\/pagani-design-1645-green-edition\/\" \/>\n<meta property=\"og:site_name\" content=\"Pagani Design\" \/>\n<meta property=\"article:publisher\" content=\"https:\/\/www.facebook.com\/profile.php?id=61561029376509\" \/>\n<meta property=\"article:modified_time\" content=\"2026-01-30T08:29:15+00:00\" \/>\n<meta property=\"og:image\" content=\"https:\/\/pagani-design.eu\/wp-content\/uploads\/2025\/05\/image-principale_01.png\" \/>\n\t<meta property=\"og:image:width\" content=\"1000\" \/>\n\t<meta property=\"og:image:height\" content=\"1000\" \/>\n\t<meta property=\"og:image:type\" content=\"image\/png\" \/>\n<meta name=\"twitter:card\" content=\"summary_large_image\" \/>\n<meta name=\"twitter:label1\" content=\"Tiempo de lectura\" \/>\n\t<meta name=\"twitter:data1\" content=\"1 minuto\" \/>\n<script type=\"application\/ld+json\" class=\"yoast-schema-graph\">{\"@context\":\"https:\/\/schema.org\",\"@graph\":[{\"@type\":\"WebPage\",\"@id\":\"https:\/\/pagani-design.eu\/products\/pagani-design-1645-green-edition\/\",\"url\":\"https:\/\/pagani-design.eu\/products\/pagani-design-1645-green-edition\/\",\"name\":\"PAGANI DESIGN 1645 (Green edition) - Pagani Design\",\"isPartOf\":{\"@id\":\"https:\/\/pagani-design.eu\/de\/#website\"},\"primaryImageOfPage\":{\"@id\":\"https:\/\/pagani-design.eu\/products\/pagani-design-1645-green-edition\/#primaryimage\"},\"image\":{\"@id\":\"https:\/\/pagani-design.eu\/products\/pagani-design-1645-green-edition\/#primaryimage\"},\"thumbnailUrl\":\"https:\/\/pagani-design.eu\/wp-content\/uploads\/2025\/05\/image-principale_01.png\",\"datePublished\":\"2025-05-28T08:23:18+00:00\",\"dateModified\":\"2026-01-30T08:29:15+00:00\",\"description\":\"PAGANI DESIGN 1645 : une montre alliant style classique et performance, parfaite pour les amateurs d'\u00e9l\u00e9gance et de pr\u00e9cision. Ne manquez pas ce mod\u00e8le !\",\"breadcrumb\":{\"@id\":\"https:\/\/pagani-design.eu\/products\/pagani-design-1645-green-edition\/#breadcrumb\"},\"inLanguage\":\"es\",\"potentialAction\":[{\"@type\":\"ReadAction\",\"target\":[\"https:\/\/pagani-design.eu\/products\/pagani-design-1645-green-edition\/\"]}]},{\"@type\":\"ImageObject\",\"inLanguage\":\"es\",\"@id\":\"https:\/\/pagani-design.eu\/products\/pagani-design-1645-green-edition\/#primaryimage\",\"url\":\"https:\/\/pagani-design.eu\/wp-content\/uploads\/2025\/05\/image-principale_01.png\",\"contentUrl\":\"https:\/\/pagani-design.eu\/wp-content\/uploads\/2025\/05\/image-principale_01.png\",\"width\":1000,\"height\":1000,\"caption\":\"pagani design green edition\"},{\"@type\":\"BreadcrumbList\",\"@id\":\"https:\/\/pagani-design.eu\/products\/pagani-design-1645-green-edition\/#breadcrumb\",\"itemListElement\":[{\"@type\":\"ListItem\",\"position\":1,\"name\":\"Accueil\",\"item\":\"https:\/\/pagani-design.eu\/\"},{\"@type\":\"ListItem\",\"position\":2,\"name\":\"Shop\",\"item\":\"https:\/\/pagani-design.eu\/de\/shop\/\"},{\"@type\":\"ListItem\",\"position\":3,\"name\":\"PAGANI DESIGN 1645 (Green edition)\"}]},{\"@type\":\"WebSite\",\"@id\":\"https:\/\/pagani-design.eu\/de\/#website\",\"url\":\"https:\/\/pagani-design.eu\/de\/\",\"name\":\"Pagani Design\",\"description\":\"Pagani Design\",\"publisher\":{\"@id\":\"https:\/\/pagani-design.eu\/de\/#organization\"},\"alternateName\":\"Pagani Design\",\"potentialAction\":[{\"@type\":\"SearchAction\",\"target\":{\"@type\":\"EntryPoint\",\"urlTemplate\":\"https:\/\/pagani-design.eu\/de\/?s={search_term_string}\"},\"query-input\":{\"@type\":\"PropertyValueSpecification\",\"valueRequired\":true,\"valueName\":\"search_term_string\"}}],\"inLanguage\":\"es\"},{\"@type\":\"Organization\",\"@id\":\"https:\/\/pagani-design.eu\/de\/#organization\",\"name\":\"Pagani Design\",\"alternateName\":\"Pagani Design\",\"url\":\"https:\/\/pagani-design.eu\/de\/\",\"logo\":{\"@type\":\"ImageObject\",\"inLanguage\":\"es\",\"@id\":\"https:\/\/pagani-design.eu\/de\/#\/schema\/logo\/image\/\",\"url\":\"https:\/\/pagani-design.eu\/wp-content\/uploads\/2022\/01\/Montre-robuste-1.png\",\"contentUrl\":\"https:\/\/pagani-design.eu\/wp-content\/uploads\/2022\/01\/Montre-robuste-1.png\",\"width\":750,\"height\":259,\"caption\":\"Pagani Design\"},\"image\":{\"@id\":\"https:\/\/pagani-design.eu\/de\/#\/schema\/logo\/image\/\"},\"sameAs\":[\"https:\/\/www.facebook.com\/profile.php?id=61561029376509\",\"https:\/\/www.instagram.com\/pagani_design.fr\",\"https:\/\/www.tiktok.com\/@pagani_design.fr\"]}]}<\/script>\n<!-- \/ Yoast SEO plugin. -->","yoast_head_json":{"title":"PAGANI DESIGN 1645 (Edici\u00f3n verde) - Pagani Design","description":"PAGANI DESIGN 1645: una montura que combina estilo cl\u00e1sico y rendimiento, perfecta para los amantes de la elegancia y la precisi\u00f3n. \u00a1No te pierdas este modelo!","robots":{"index":"index","follow":"follow","max-snippet":"max-snippet:-1","max-image-preview":"max-image-preview:large","max-video-preview":"max-video-preview:-1"},"canonical":"https:\/\/pagani-design.eu\/es\/productos\/pagani-design-1645-green-edition\/","og_locale":"es_ES","og_type":"article","og_title":"PAGANI DESIGN 1645 (Green edition) - Pagani Design","og_description":"PAGANI DESIGN 1645 : une montre alliant style classique et performance, parfaite pour les amateurs d'\u00e9l\u00e9gance et de pr\u00e9cision. Ne manquez pas ce mod\u00e8le !","og_url":"https:\/\/pagani-design.eu\/es\/productos\/pagani-design-1645-green-edition\/","og_site_name":"Pagani Design","article_publisher":"https:\/\/www.facebook.com\/profile.php?id=61561029376509","article_modified_time":"2026-01-30T08:29:15+00:00","og_image":[{"width":1000,"height":1000,"url":"https:\/\/pagani-design.eu\/wp-content\/uploads\/2025\/05\/image-principale_01.png","type":"image\/png"}],"twitter_card":"summary_large_image","twitter_misc":{"Tiempo de lectura":"1 minuto"},"schema":{"@context":"https:\/\/schema.org","@graph":[{"@type":"WebPage","@id":"https:\/\/pagani-design.eu\/products\/pagani-design-1645-green-edition\/","url":"https:\/\/pagani-design.eu\/products\/pagani-design-1645-green-edition\/","name":"PAGANI DESIGN 1645 (Edici\u00f3n verde) - Pagani Design","isPartOf":{"@id":"https:\/\/pagani-design.eu\/de\/#website"},"primaryImageOfPage":{"@id":"https:\/\/pagani-design.eu\/products\/pagani-design-1645-green-edition\/#primaryimage"},"image":{"@id":"https:\/\/pagani-design.eu\/products\/pagani-design-1645-green-edition\/#primaryimage"},"thumbnailUrl":"https:\/\/pagani-design.eu\/wp-content\/uploads\/2025\/05\/image-principale_01.png","datePublished":"2025-05-28T08:23:18+00:00","dateModified":"2026-01-30T08:29:15+00:00","description":"PAGANI DESIGN 1645: una montura que combina estilo cl\u00e1sico y rendimiento, perfecta para los amantes de la elegancia y la precisi\u00f3n. \u00a1No te pierdas este modelo!","breadcrumb":{"@id":"https:\/\/pagani-design.eu\/products\/pagani-design-1645-green-edition\/#breadcrumb"},"inLanguage":"es","potentialAction":[{"@type":"ReadAction","target":["https:\/\/pagani-design.eu\/products\/pagani-design-1645-green-edition\/"]}]},{"@type":"ImageObject","inLanguage":"es","@id":"https:\/\/pagani-design.eu\/products\/pagani-design-1645-green-edition\/#primaryimage","url":"https:\/\/pagani-design.eu\/wp-content\/uploads\/2025\/05\/image-principale_01.png","contentUrl":"https:\/\/pagani-design.eu\/wp-content\/uploads\/2025\/05\/image-principale_01.png","width":1000,"height":1000,"caption":"pagani design green edition"},{"@type":"BreadcrumbList","@id":"https:\/\/pagani-design.eu\/products\/pagani-design-1645-green-edition\/#breadcrumb","itemListElement":[{"@type":"ListItem","position":1,"name":"Accueil","item":"https:\/\/pagani-design.eu\/"},{"@type":"ListItem","position":2,"name":"Shop","item":"https:\/\/pagani-design.eu\/de\/shop\/"},{"@type":"ListItem","position":3,"name":"PAGANI DESIGN 1645 (Green edition)"}]},{"@type":"WebSite","@id":"https:\/\/pagani-design.eu\/de\/#website","url":"https:\/\/pagani-design.eu\/de\/","name":"Pagani Design","description":"Pagani Design","publisher":{"@id":"https:\/\/pagani-design.eu\/de\/#organization"},"alternateName":"Pagani Design","potentialAction":[{"@type":"SearchAction","target":{"@type":"EntryPoint","urlTemplate":"https:\/\/pagani-design.eu\/de\/?s={search_term_string}"},"query-input":{"@type":"PropertyValueSpecification","valueRequired":true,"valueName":"search_term_string"}}],"inLanguage":"es"},{"@type":"Organization","@id":"https:\/\/pagani-design.eu\/de\/#organization","name":"Pagani Design","alternateName":"Pagani Design","url":"https:\/\/pagani-design.eu\/de\/","logo":{"@type":"ImageObject","inLanguage":"es","@id":"https:\/\/pagani-design.eu\/de\/#\/schema\/logo\/image\/","url":"https:\/\/pagani-design.eu\/wp-content\/uploads\/2022\/01\/Montre-robuste-1.png","contentUrl":"https:\/\/pagani-design.eu\/wp-content\/uploads\/2022\/01\/Montre-robuste-1.png","width":750,"height":259,"caption":"Pagani Design"},"image":{"@id":"https:\/\/pagani-design.eu\/de\/#\/schema\/logo\/image\/"},"sameAs":["https:\/\/www.facebook.com\/profile.php?id=61561029376509","https:\/\/www.instagram.com\/pagani_design.fr","https:\/\/www.tiktok.com\/@pagani_design.fr"]}]}},"_links":{"self":[{"href":"https:\/\/pagani-design.eu\/es\/wp-json\/wp\/v2\/product\/26796","targetHints":{"allow":["GET"]}}],"collection":[{"href":"https:\/\/pagani-design.eu\/es\/wp-json\/wp\/v2\/product"}],"about":[{"href":"https:\/\/pagani-design.eu\/es\/wp-json\/wp\/v2\/types\/product"}],"version-history":[{"count":1,"href":"https:\/\/pagani-design.eu\/es\/wp-json\/wp\/v2\/product\/26796\/revisions"}],"predecessor-version":[{"id":27004,"href":"https:\/\/pagani-design.eu\/es\/wp-json\/wp\/v2\/product\/26796\/revisions\/27004"}],"wp:featuredmedia":[{"embeddable":true,"href":"https:\/\/pagani-design.eu\/es\/wp-json\/wp\/v2\/media\/26803"}],"wp:attachment":[{"href":"https:\/\/pagani-design.eu\/es\/wp-json\/wp\/v2\/media?parent=26796"}],"wp:term":[{"taxonomy":"product_brand","embeddable":true,"href":"https:\/\/pagani-design.eu\/es\/wp-json\/wp\/v2\/product_brand?post=26796"},{"taxonomy":"product_cat","embeddable":true,"href":"https:\/\/pagani-design.eu\/es\/wp-json\/wp\/v2\/product_cat?post=26796"},{"taxonomy":"product_tag","embeddable":true,"href":"https:\/\/pagani-design.eu\/es\/wp-json\/wp\/v2\/product_tag?post=26796"}],"curies":[{"name":"wp","href":"https:\/\/api.w.org\/{rel}","templated":true}]}}