{"id":26925,"date":"2025-06-26T05:40:38","date_gmt":"2025-06-26T05:40:38","guid":{"rendered":"https:\/\/pagani-design.eu\/?post_type=product&#038;p=26925"},"modified":"2026-01-30T08:29:15","modified_gmt":"2026-01-30T08:29:15","slug":"diseno-pagani-1671","status":"publish","type":"product","link":"https:\/\/pagani-design.eu\/es\/productos\/diseno-pagani-1671\/","title":{"rendered":"DISE\u00d1O PAGANI 1671"},"content":{"rendered":"<p><strong>ESPECIFICACIONES<\/strong><\/p>\n<ul>\n<li data-start=\"500\" data-end=\"593\">\n<p data-start=\"502\" data-end=\"593\"><strong data-start=\"502\" data-end=\"515\">Movimiento<\/strong> : Automatique japonais NH35 - fiable, pr\u00e9cis, 48h de r\u00e9serve de marche.<\/p>\n<\/li>\n<li data-start=\"594\" data-end=\"674\">\n<p data-start=\"596\" data-end=\"674\"><strong data-start=\"596\" data-end=\"607\">Bo\u00eetier<\/strong> : Acier inoxydable 316L bross\u00e9, diam\u00e8tre 40 mm, \u00e9paisseur 15 mm.<\/p>\n<\/li>\n<li data-start=\"675\" data-end=\"752\">\n<p data-start=\"677\" data-end=\"752\"><strong data-start=\"677\" data-end=\"686\">Verre<\/strong> : Verre saphir synth\u00e9tique bomb\u00e9 - ultra r\u00e9sistant aux rayures.<\/p>\n<\/li>\n<li data-start=\"753\" data-end=\"805\">\n<p data-start=\"755\" data-end=\"805\"><strong data-start=\"755\" data-end=\"766\">Lunette<\/strong> : Aluminio anodizado unidireccional.<\/p>\n<\/li>\n<li data-start=\"806\" data-end=\"886\">\n<p data-start=\"808\" data-end=\"886\"><strong data-start=\"808\" data-end=\"818\">Cadran<\/strong> : Sans chiffres, aiguilles flocon de neige et index luminescents.<\/p>\n<\/li>\n<li data-start=\"887\" data-end=\"968\">\n<p data-start=\"889\" data-end=\"968\"><strong data-start=\"889\" data-end=\"903\">\u00c9tanch\u00e9it\u00e9<\/strong> : 10 ATM (100 m) - id\u00e9ale pour la nage ou la plong\u00e9e en apn\u00e9e.<\/p>\n<\/li>\n<li data-start=\"969\" data-end=\"1044\">\n<p data-start=\"971\" data-end=\"1044\"><strong data-start=\"971\" data-end=\"983\">Pulsera<\/strong> : Acier inoxydable rivet\u00e9, largeur 20 mm, longueur 230 mm.<\/p>\n<\/li>\n<li data-start=\"1045\" data-end=\"1107\">\n<p data-start=\"1047\" data-end=\"1107\"><strong data-start=\"1047\" data-end=\"1058\">Fermoir<\/strong> : Boucle d\u00e9ployante s\u00e9curis\u00e9e avec verrouillage.<\/p>\n<\/li>\n<\/ul>","protected":false},"excerpt":{"rendered":"<p>ESPECIFICACIONES Movimiento : Automatismo japon\u00e9s NH35 - fiable, preciso, 48h de reserva de marcha. Caja: Acero inoxidable 316L cruzado, di\u00e1metro 40 mm, grosor 15 mm. Verre : Verre saphir synth\u00e9tique bomb\u00e9 - ultra r\u00e9sistant aux rayures. Lunette : Aluminio anodizado unidireccional. Cadran : Sans chiffres, aiguilles flocon de neige et index luminescents. \u00c9tanch\u00e9it\u00e9 : 10 ATM (100 m) - id\u00e9ale pour la nage ou la plong\u00e9e en apn\u00e9e. Pulsera : Acero inoxidable remachado, tama\u00f1o 20 mm, longitud 230 mm. Pulsera: Acero inoxidable remachado, tama\u00f1o 20 mm, longitud 230 mm.<\/p>","protected":false},"featured_media":26932,"template":"","meta":[],"product_brand":[],"product_cat":[344],"product_tag":[],"class_list":{"0":"post-26925","1":"product","2":"type-product","3":"status-publish","4":"has-post-thumbnail","6":"product_cat-montre-pagani-homme","8":"first","9":"instock","10":"sale","11":"taxable","12":"shipping-taxable","13":"purchasable","14":"product-type-simple"},"yoast_head":"<!-- This site is optimized with the Yoast SEO plugin v26.1.1 - https:\/\/yoast.com\/wordpress\/plugins\/seo\/ -->\n<title>PAGANI DESIGN 1671 - Pagani Design<\/title>\n<meta name=\"robots\" content=\"noindex, nofollow\" \/>\n<meta property=\"og:locale\" content=\"es_ES\" \/>\n<meta property=\"og:type\" content=\"article\" \/>\n<meta property=\"og:title\" content=\"PAGANI DESIGN 1671 - Pagani Design\" \/>\n<meta property=\"og:description\" content=\"SPECIFICATIONS Mouvement : Automatique japonais NH35 \u2013 fiable, pr\u00e9cis, 48h de r\u00e9serve de marche. Bo\u00eetier : Acier inoxydable 316L bross\u00e9, diam\u00e8tre 40 mm, \u00e9paisseur 15 mm. Verre : Verre saphir synth\u00e9tique bomb\u00e9 \u2013 ultra r\u00e9sistant aux rayures. Lunette : Aluminium anodis\u00e9 unidirectionnel. Cadran : Sans chiffres, aiguilles flocon de neige et index luminescents. \u00c9tanch\u00e9it\u00e9 : 10 ATM (100 m) \u2013 id\u00e9ale pour la nage ou la plong\u00e9e en apn\u00e9e. Bracelet : Acier inoxydable rivet\u00e9, largeur 20 mm, longueur 230 mm. Fermoir : Boucle d\u00e9ployante s\u00e9curis\u00e9e avec verrouillage.\" \/>\n<meta property=\"og:url\" content=\"https:\/\/pagani-design.eu\/es\/productos\/diseno-pagani-1671\/\" \/>\n<meta property=\"og:site_name\" content=\"Pagani Design\" \/>\n<meta property=\"article:publisher\" content=\"https:\/\/www.facebook.com\/profile.php?id=61561029376509\" \/>\n<meta property=\"article:modified_time\" content=\"2026-01-30T08:29:15+00:00\" \/>\n<meta property=\"og:image\" content=\"https:\/\/pagani-design.eu\/wp-content\/uploads\/2025\/06\/Images-de-variantes-SKU_05.jpg\" \/>\n\t<meta property=\"og:image:width\" content=\"1000\" \/>\n\t<meta property=\"og:image:height\" content=\"1000\" \/>\n\t<meta property=\"og:image:type\" content=\"image\/jpeg\" \/>\n<meta name=\"twitter:card\" content=\"summary_large_image\" \/>\n<meta name=\"twitter:label1\" content=\"Tiempo de lectura\" \/>\n\t<meta name=\"twitter:data1\" content=\"1 minuto\" \/>\n<script type=\"application\/ld+json\" class=\"yoast-schema-graph\">{\"@context\":\"https:\/\/schema.org\",\"@graph\":[{\"@type\":\"WebPage\",\"@id\":\"https:\/\/pagani-design.eu\/products\/pagani-design-1671\/\",\"url\":\"https:\/\/pagani-design.eu\/products\/pagani-design-1671\/\",\"name\":\"PAGANI DESIGN 1671 - Pagani Design\",\"isPartOf\":{\"@id\":\"https:\/\/pagani-design.eu\/de\/#website\"},\"primaryImageOfPage\":{\"@id\":\"https:\/\/pagani-design.eu\/products\/pagani-design-1671\/#primaryimage\"},\"image\":{\"@id\":\"https:\/\/pagani-design.eu\/products\/pagani-design-1671\/#primaryimage\"},\"thumbnailUrl\":\"https:\/\/pagani-design.eu\/wp-content\/uploads\/2025\/06\/Images-de-variantes-SKU_05.jpg\",\"datePublished\":\"2025-06-26T05:40:38+00:00\",\"dateModified\":\"2026-01-30T08:29:15+00:00\",\"breadcrumb\":{\"@id\":\"https:\/\/pagani-design.eu\/products\/pagani-design-1671\/#breadcrumb\"},\"inLanguage\":\"es\",\"potentialAction\":[{\"@type\":\"ReadAction\",\"target\":[\"https:\/\/pagani-design.eu\/products\/pagani-design-1671\/\"]}]},{\"@type\":\"ImageObject\",\"inLanguage\":\"es\",\"@id\":\"https:\/\/pagani-design.eu\/products\/pagani-design-1671\/#primaryimage\",\"url\":\"https:\/\/pagani-design.eu\/wp-content\/uploads\/2025\/06\/Images-de-variantes-SKU_05.jpg\",\"contentUrl\":\"https:\/\/pagani-design.eu\/wp-content\/uploads\/2025\/06\/Images-de-variantes-SKU_05.jpg\",\"width\":1000,\"height\":1000},{\"@type\":\"BreadcrumbList\",\"@id\":\"https:\/\/pagani-design.eu\/products\/pagani-design-1671\/#breadcrumb\",\"itemListElement\":[{\"@type\":\"ListItem\",\"position\":1,\"name\":\"Accueil\",\"item\":\"https:\/\/pagani-design.eu\/\"},{\"@type\":\"ListItem\",\"position\":2,\"name\":\"Shop\",\"item\":\"https:\/\/pagani-design.eu\/de\/shop\/\"},{\"@type\":\"ListItem\",\"position\":3,\"name\":\"PAGANI DESIGN 1671\"}]},{\"@type\":\"WebSite\",\"@id\":\"https:\/\/pagani-design.eu\/de\/#website\",\"url\":\"https:\/\/pagani-design.eu\/de\/\",\"name\":\"Pagani Design\",\"description\":\"Pagani Design\",\"publisher\":{\"@id\":\"https:\/\/pagani-design.eu\/de\/#organization\"},\"alternateName\":\"Pagani Design\",\"potentialAction\":[{\"@type\":\"SearchAction\",\"target\":{\"@type\":\"EntryPoint\",\"urlTemplate\":\"https:\/\/pagani-design.eu\/de\/?s={search_term_string}\"},\"query-input\":{\"@type\":\"PropertyValueSpecification\",\"valueRequired\":true,\"valueName\":\"search_term_string\"}}],\"inLanguage\":\"es\"},{\"@type\":\"Organization\",\"@id\":\"https:\/\/pagani-design.eu\/de\/#organization\",\"name\":\"Pagani Design\",\"alternateName\":\"Pagani Design\",\"url\":\"https:\/\/pagani-design.eu\/de\/\",\"logo\":{\"@type\":\"ImageObject\",\"inLanguage\":\"es\",\"@id\":\"https:\/\/pagani-design.eu\/de\/#\/schema\/logo\/image\/\",\"url\":\"https:\/\/pagani-design.eu\/wp-content\/uploads\/2022\/01\/Montre-robuste-1.png\",\"contentUrl\":\"https:\/\/pagani-design.eu\/wp-content\/uploads\/2022\/01\/Montre-robuste-1.png\",\"width\":750,\"height\":259,\"caption\":\"Pagani Design\"},\"image\":{\"@id\":\"https:\/\/pagani-design.eu\/de\/#\/schema\/logo\/image\/\"},\"sameAs\":[\"https:\/\/www.facebook.com\/profile.php?id=61561029376509\",\"https:\/\/www.instagram.com\/pagani_design.fr\",\"https:\/\/www.tiktok.com\/@pagani_design.fr\"]}]}<\/script>\n<!-- \/ Yoast SEO plugin. -->","yoast_head_json":{"title":"DISE\u00d1O PAGANI 1671 - Pagani Design","robots":{"index":"noindex","follow":"nofollow"},"og_locale":"es_ES","og_type":"article","og_title":"PAGANI DESIGN 1671 - Pagani Design","og_description":"SPECIFICATIONS Mouvement : Automatique japonais NH35 \u2013 fiable, pr\u00e9cis, 48h de r\u00e9serve de marche. Bo\u00eetier : Acier inoxydable 316L bross\u00e9, diam\u00e8tre 40 mm, \u00e9paisseur 15 mm. Verre : Verre saphir synth\u00e9tique bomb\u00e9 \u2013 ultra r\u00e9sistant aux rayures. Lunette : Aluminium anodis\u00e9 unidirectionnel. Cadran : Sans chiffres, aiguilles flocon de neige et index luminescents. \u00c9tanch\u00e9it\u00e9 : 10 ATM (100 m) \u2013 id\u00e9ale pour la nage ou la plong\u00e9e en apn\u00e9e. Bracelet : Acier inoxydable rivet\u00e9, largeur 20 mm, longueur 230 mm. Fermoir : Boucle d\u00e9ployante s\u00e9curis\u00e9e avec verrouillage.","og_url":"https:\/\/pagani-design.eu\/es\/productos\/diseno-pagani-1671\/","og_site_name":"Pagani Design","article_publisher":"https:\/\/www.facebook.com\/profile.php?id=61561029376509","article_modified_time":"2026-01-30T08:29:15+00:00","og_image":[{"width":1000,"height":1000,"url":"https:\/\/pagani-design.eu\/wp-content\/uploads\/2025\/06\/Images-de-variantes-SKU_05.jpg","type":"image\/jpeg"}],"twitter_card":"summary_large_image","twitter_misc":{"Tiempo de lectura":"1 minuto"},"schema":{"@context":"https:\/\/schema.org","@graph":[{"@type":"WebPage","@id":"https:\/\/pagani-design.eu\/products\/pagani-design-1671\/","url":"https:\/\/pagani-design.eu\/products\/pagani-design-1671\/","name":"DISE\u00d1O PAGANI 1671 - Pagani Design","isPartOf":{"@id":"https:\/\/pagani-design.eu\/de\/#website"},"primaryImageOfPage":{"@id":"https:\/\/pagani-design.eu\/products\/pagani-design-1671\/#primaryimage"},"image":{"@id":"https:\/\/pagani-design.eu\/products\/pagani-design-1671\/#primaryimage"},"thumbnailUrl":"https:\/\/pagani-design.eu\/wp-content\/uploads\/2025\/06\/Images-de-variantes-SKU_05.jpg","datePublished":"2025-06-26T05:40:38+00:00","dateModified":"2026-01-30T08:29:15+00:00","breadcrumb":{"@id":"https:\/\/pagani-design.eu\/products\/pagani-design-1671\/#breadcrumb"},"inLanguage":"es","potentialAction":[{"@type":"ReadAction","target":["https:\/\/pagani-design.eu\/products\/pagani-design-1671\/"]}]},{"@type":"ImageObject","inLanguage":"es","@id":"https:\/\/pagani-design.eu\/products\/pagani-design-1671\/#primaryimage","url":"https:\/\/pagani-design.eu\/wp-content\/uploads\/2025\/06\/Images-de-variantes-SKU_05.jpg","contentUrl":"https:\/\/pagani-design.eu\/wp-content\/uploads\/2025\/06\/Images-de-variantes-SKU_05.jpg","width":1000,"height":1000},{"@type":"BreadcrumbList","@id":"https:\/\/pagani-design.eu\/products\/pagani-design-1671\/#breadcrumb","itemListElement":[{"@type":"ListItem","position":1,"name":"Accueil","item":"https:\/\/pagani-design.eu\/"},{"@type":"ListItem","position":2,"name":"Shop","item":"https:\/\/pagani-design.eu\/de\/shop\/"},{"@type":"ListItem","position":3,"name":"PAGANI DESIGN 1671"}]},{"@type":"WebSite","@id":"https:\/\/pagani-design.eu\/de\/#website","url":"https:\/\/pagani-design.eu\/de\/","name":"Pagani Design","description":"Pagani Design","publisher":{"@id":"https:\/\/pagani-design.eu\/de\/#organization"},"alternateName":"Pagani Design","potentialAction":[{"@type":"SearchAction","target":{"@type":"EntryPoint","urlTemplate":"https:\/\/pagani-design.eu\/de\/?s={search_term_string}"},"query-input":{"@type":"PropertyValueSpecification","valueRequired":true,"valueName":"search_term_string"}}],"inLanguage":"es"},{"@type":"Organization","@id":"https:\/\/pagani-design.eu\/de\/#organization","name":"Pagani Design","alternateName":"Pagani Design","url":"https:\/\/pagani-design.eu\/de\/","logo":{"@type":"ImageObject","inLanguage":"es","@id":"https:\/\/pagani-design.eu\/de\/#\/schema\/logo\/image\/","url":"https:\/\/pagani-design.eu\/wp-content\/uploads\/2022\/01\/Montre-robuste-1.png","contentUrl":"https:\/\/pagani-design.eu\/wp-content\/uploads\/2022\/01\/Montre-robuste-1.png","width":750,"height":259,"caption":"Pagani Design"},"image":{"@id":"https:\/\/pagani-design.eu\/de\/#\/schema\/logo\/image\/"},"sameAs":["https:\/\/www.facebook.com\/profile.php?id=61561029376509","https:\/\/www.instagram.com\/pagani_design.fr","https:\/\/www.tiktok.com\/@pagani_design.fr"]}]}},"_links":{"self":[{"href":"https:\/\/pagani-design.eu\/es\/wp-json\/wp\/v2\/product\/26925","targetHints":{"allow":["GET"]}}],"collection":[{"href":"https:\/\/pagani-design.eu\/es\/wp-json\/wp\/v2\/product"}],"about":[{"href":"https:\/\/pagani-design.eu\/es\/wp-json\/wp\/v2\/types\/product"}],"version-history":[{"count":1,"href":"https:\/\/pagani-design.eu\/es\/wp-json\/wp\/v2\/product\/26925\/revisions"}],"predecessor-version":[{"id":27001,"href":"https:\/\/pagani-design.eu\/es\/wp-json\/wp\/v2\/product\/26925\/revisions\/27001"}],"wp:featuredmedia":[{"embeddable":true,"href":"https:\/\/pagani-design.eu\/es\/wp-json\/wp\/v2\/media\/26932"}],"wp:attachment":[{"href":"https:\/\/pagani-design.eu\/es\/wp-json\/wp\/v2\/media?parent=26925"}],"wp:term":[{"taxonomy":"product_brand","embeddable":true,"href":"https:\/\/pagani-design.eu\/es\/wp-json\/wp\/v2\/product_brand?post=26925"},{"taxonomy":"product_cat","embeddable":true,"href":"https:\/\/pagani-design.eu\/es\/wp-json\/wp\/v2\/product_cat?post=26925"},{"taxonomy":"product_tag","embeddable":true,"href":"https:\/\/pagani-design.eu\/es\/wp-json\/wp\/v2\/product_tag?post=26925"}],"curies":[{"name":"wp","href":"https:\/\/api.w.org\/{rel}","templated":true}]}}